{"id":5398,"date":"2023-07-21T15:19:52","date_gmt":"2023-07-21T13:19:52","guid":{"rendered":"https:\/\/dsmhqr1wpi.onrocket.site\/?page_id=5398"},"modified":"2024-09-25T17:18:39","modified_gmt":"2024-09-25T15:18:39","slug":"l-39-albatros-v-italii","status":"publish","type":"page","link":"https:\/\/migflug.com\/cz\/ceny-letu\/l-39-albatros-v-italii\/","title":{"rendered":"L-39 Brindisi, It\u00e1lie"},"content":{"rendered":"","protected":false},"excerpt":{"rendered":"","protected":false},"author":10,"featured_media":0,"parent":52,"menu_order":0,"comment_status":"closed","ping_status":"closed","template":"","meta":{"_et_pb_use_builder":"on","_et_pb_old_content":"","_et_gb_content_width":"","editor_notices":[],"footnotes":""},"class_list":["post-5398","page","type-page","status-publish","hentry"],"yoast_head":"<!-- This site is optimized with the Yoast SEO plugin v27.3 - https:\/\/yoast.com\/product\/yoast-seo-wordpress\/ -->\n<title>L-39 Albatros Jet Fighter in Brindisi, Italy | MiGFlug.com<\/title>\n<meta name=\"description\" content=\"Fly the fighter jet L-39 Albatros located in Brindisi, Italy . No previous knowledge required. Book now and book online.\" \/>\n<meta name=\"robots\" content=\"index, follow, max-snippet:-1, max-image-preview:large, max-video-preview:-1\" \/>\n<link rel=\"canonical\" href=\"https:\/\/migflug.com\/cz\/ceny-letu\/l-39-albatros-v-italii\/\" \/>\n<meta property=\"og:locale\" content=\"cs_CZ\" \/>\n<meta property=\"og:type\" content=\"article\" \/>\n<meta property=\"og:title\" content=\"L-39 Albatros Jet Fighter in Brindisi, Italy | MiGFlug.com\" \/>\n<meta property=\"og:description\" content=\"Fly the fighter jet L-39 Albatros located in Brindisi, Italy . No previous knowledge required. Book now and book online.\" \/>\n<meta property=\"og:url\" content=\"https:\/\/migflug.com\/cz\/ceny-letu\/l-39-albatros-v-italii\/\" \/>\n<meta property=\"og:site_name\" content=\"MiGFlug\" \/>\n<meta property=\"article:modified_time\" content=\"2024-09-25T15:18:39+00:00\" \/>\n<meta name=\"twitter:card\" content=\"summary_large_image\" \/>\n<meta name=\"twitter:label1\" content=\"Odhadovan\u00e1 doba \u010dten\u00ed\" \/>\n\t<meta name=\"twitter:data1\" content=\"1 minuta\" \/>\n<script type=\"application\/ld+json\" class=\"yoast-schema-graph\">{\"@context\":\"https:\\\/\\\/schema.org\",\"@graph\":[{\"@type\":\"WebPage\",\"@id\":\"https:\\\/\\\/migflug.com\\\/flights-prices\\\/l-39-albatros-in-italy\\\/\",\"url\":\"https:\\\/\\\/migflug.com\\\/flights-prices\\\/l-39-albatros-in-italy\\\/\",\"name\":\"L-39 Albatros Jet Fighter in Brindisi, Italy | MiGFlug.com\",\"isPartOf\":{\"@id\":\"https:\\\/\\\/migflug.com\\\/#website\"},\"datePublished\":\"2023-07-21T13:19:52+00:00\",\"dateModified\":\"2024-09-25T15:18:39+00:00\",\"description\":\"Fly the fighter jet L-39 Albatros located in Brindisi, Italy . No previous knowledge required. Book now and book online.\",\"breadcrumb\":{\"@id\":\"https:\\\/\\\/migflug.com\\\/flights-prices\\\/l-39-albatros-in-italy\\\/#breadcrumb\"},\"inLanguage\":\"cs\",\"potentialAction\":[{\"@type\":\"ReadAction\",\"target\":[\"https:\\\/\\\/migflug.com\\\/flights-prices\\\/l-39-albatros-in-italy\\\/\"]}]},{\"@type\":\"BreadcrumbList\",\"@id\":\"https:\\\/\\\/migflug.com\\\/flights-prices\\\/l-39-albatros-in-italy\\\/#breadcrumb\",\"itemListElement\":[{\"@type\":\"ListItem\",\"position\":1,\"name\":\"Startseite\",\"item\":\"https:\\\/\\\/migflug.com\\\/\"},{\"@type\":\"ListItem\",\"position\":2,\"name\":\"Flights &amp; Prices\",\"item\":\"https:\\\/\\\/migflug.com\\\/flights-prices\\\/\"},{\"@type\":\"ListItem\",\"position\":3,\"name\":\"L-39 Brindisi, Italy\"}]},{\"@type\":\"WebSite\",\"@id\":\"https:\\\/\\\/migflug.com\\\/#website\",\"url\":\"https:\\\/\\\/migflug.com\\\/\",\"name\":\"MiGFlug\",\"description\":\"Fly a Jet Fighter Yourself\",\"publisher\":{\"@id\":\"https:\\\/\\\/migflug.com\\\/#organization\"},\"potentialAction\":[{\"@type\":\"SearchAction\",\"target\":{\"@type\":\"EntryPoint\",\"urlTemplate\":\"https:\\\/\\\/migflug.com\\\/?s={search_term_string}\"},\"query-input\":{\"@type\":\"PropertyValueSpecification\",\"valueRequired\":true,\"valueName\":\"search_term_string\"}}],\"inLanguage\":\"cs\"},{\"@type\":\"Organization\",\"@id\":\"https:\\\/\\\/migflug.com\\\/#organization\",\"name\":\"MiGFlug GmbH\",\"url\":\"https:\\\/\\\/migflug.com\\\/\",\"logo\":{\"@type\":\"ImageObject\",\"inLanguage\":\"cs\",\"@id\":\"https:\\\/\\\/migflug.com\\\/#\\\/schema\\\/logo\\\/image\\\/\",\"url\":\"https:\\/\\/migflug.com\\/wp-content\\/uploads\\/2018\\/10\\/logo-migflug-blue.png\",\"contentUrl\":\"https:\\/\\/migflug.com\\/wp-content\\/uploads\\/2018\\/10\\/logo-migflug-blue.png\",\"width\":200,\"height\":100,\"caption\":\"MiGFlug GmbH\"},\"image\":{\"@id\":\"https:\\\/\\\/migflug.com\\\/#\\\/schema\\\/logo\\\/image\\\/\"}}]}<\/script>\n<!-- \/ Yoast SEO plugin. -->","yoast_head_json":{"title":"L-39 Albatros Jet Fighter v Brindisi, It\u00e1lie | MiGFlug.com","description":"Le\u0165te se st\u00edha\u010dkou L-39 Albatros v Brindisi v It\u00e1lii. Nejsou vy\u017eadov\u00e1ny \u017e\u00e1dn\u00e9 p\u0159edchoz\u00ed znalosti. Rezervujte si nyn\u00ed a rezervujte online.","robots":{"index":"index","follow":"follow","max-snippet":"max-snippet:-1","max-image-preview":"max-image-preview:large","max-video-preview":"max-video-preview:-1"},"canonical":"https:\/\/migflug.com\/cz\/ceny-letu\/l-39-albatros-v-italii\/","og_locale":"cs_CZ","og_type":"article","og_title":"L-39 Albatros Jet Fighter in Brindisi, Italy | MiGFlug.com","og_description":"Fly the fighter jet L-39 Albatros located in Brindisi, Italy . No previous knowledge required. Book now and book online.","og_url":"https:\/\/migflug.com\/cz\/ceny-letu\/l-39-albatros-v-italii\/","og_site_name":"MiGFlug","article_modified_time":"2024-09-25T15:18:39+00:00","twitter_card":"summary_large_image","twitter_misc":{"Odhadovan\u00e1 doba \u010dten\u00ed":"1 minuta"},"schema":{"@context":"https:\/\/schema.org","@graph":[{"@type":"WebPage","@id":"https:\/\/migflug.com\/flights-prices\/l-39-albatros-in-italy\/","url":"https:\/\/migflug.com\/flights-prices\/l-39-albatros-in-italy\/","name":"L-39 Albatros Jet Fighter v Brindisi, It\u00e1lie | MiGFlug.com","isPartOf":{"@id":"https:\/\/migflug.com\/#website"},"datePublished":"2023-07-21T13:19:52+00:00","dateModified":"2024-09-25T15:18:39+00:00","description":"Le\u0165te se st\u00edha\u010dkou L-39 Albatros v Brindisi v It\u00e1lii. Nejsou vy\u017eadov\u00e1ny \u017e\u00e1dn\u00e9 p\u0159edchoz\u00ed znalosti. Rezervujte si nyn\u00ed a rezervujte online.","breadcrumb":{"@id":"https:\/\/migflug.com\/flights-prices\/l-39-albatros-in-italy\/#breadcrumb"},"inLanguage":"cs","potentialAction":[{"@type":"ReadAction","target":["https:\/\/migflug.com\/flights-prices\/l-39-albatros-in-italy\/"]}]},{"@type":"BreadcrumbList","@id":"https:\/\/migflug.com\/flights-prices\/l-39-albatros-in-italy\/#breadcrumb","itemListElement":[{"@type":"ListItem","position":1,"name":"Startseite","item":"https:\/\/migflug.com\/"},{"@type":"ListItem","position":2,"name":"Flights &amp; Prices","item":"https:\/\/migflug.com\/flights-prices\/"},{"@type":"ListItem","position":3,"name":"L-39 Brindisi, Italy"}]},{"@type":"WebSite","@id":"https:\/\/migflug.com\/#website","url":"https:\/\/migflug.com\/","name":"MiGFlug","description":"Zal\u00e9tejte si sami st\u00edha\u010dkou","publisher":{"@id":"https:\/\/migflug.com\/#organization"},"potentialAction":[{"@type":"SearchAction","target":{"@type":"EntryPoint","urlTemplate":"https:\/\/migflug.com\/?s={search_term_string}"},"query-input":{"@type":"PropertyValueSpecification","valueRequired":true,"valueName":"search_term_string"}}],"inLanguage":"cs"},{"@type":"Organization","@id":"https:\/\/migflug.com\/#organization","name":"MiGFlug GmbH","url":"https:\/\/migflug.com\/","logo":{"@type":"ImageObject","inLanguage":"cs","@id":"https:\/\/migflug.com\/#\/schema\/logo\/image\/","url":"https:\/\/migflug.com\/wp-content\/uploads\/2018\/10\/logo-migflug-blue.png","contentUrl":"https:\/\/migflug.com\/wp-content\/uploads\/2018\/10\/logo-migflug-blue.png","width":200,"height":100,"caption":"MiGFlug GmbH"},"image":{"@id":"https:\/\/migflug.com\/#\/schema\/logo\/image\/"}}]}},"_links":{"self":[{"href":"https:\/\/migflug.com\/cz\/wp-json\/wp\/v2\/pages\/5398","targetHints":{"allow":["GET"]}}],"collection":[{"href":"https:\/\/migflug.com\/cz\/wp-json\/wp\/v2\/pages"}],"about":[{"href":"https:\/\/migflug.com\/cz\/wp-json\/wp\/v2\/types\/page"}],"author":[{"embeddable":true,"href":"https:\/\/migflug.com\/cz\/wp-json\/wp\/v2\/users\/10"}],"replies":[{"embeddable":true,"href":"https:\/\/migflug.com\/cz\/wp-json\/wp\/v2\/comments?post=5398"}],"version-history":[{"count":0,"href":"https:\/\/migflug.com\/cz\/wp-json\/wp\/v2\/pages\/5398\/revisions"}],"up":[{"embeddable":true,"href":"https:\/\/migflug.com\/cz\/wp-json\/wp\/v2\/pages\/52"}],"wp:attachment":[{"href":"https:\/\/migflug.com\/cz\/wp-json\/wp\/v2\/media?parent=5398"}],"curies":[{"name":"wp","href":"https:\/\/api.w.org\/{rel}","templated":true}]}}