{"id":7370,"date":"2024-06-24T21:16:03","date_gmt":"2024-06-24T19:16:03","guid":{"rendered":"https:\/\/dsmhqr1wpi.onrocket.site\/?page_id=7370"},"modified":"2025-02-06T10:59:19","modified_gmt":"2025-02-06T09:59:19","slug":"l-39-albatros-texas","status":"publish","type":"page","link":"https:\/\/migflug.com\/cz\/ceny-letu\/l-39-albatros-texas\/","title":{"rendered":"L-39 Albatros v Texasu, USA"},"content":{"rendered":"","protected":true},"excerpt":{"rendered":"","protected":true},"author":10,"featured_media":0,"parent":52,"menu_order":0,"comment_status":"closed","ping_status":"closed","template":"","meta":{"_et_pb_use_builder":"on","_et_pb_old_content":"","_et_gb_content_width":"","editor_notices":[],"footnotes":""},"class_list":["post-7370","page","type-page","status-publish","post-password-required","hentry"],"yoast_head":"\nFighter jet flight in Texas | MiGFlug.com<\/title>\n<meta name=\"description\" content=\"Get ready for an extraordinary Fighter jet flight in Texas that will leave a lasting impression on your life.\" \/>\n<meta name=\"robots\" content=\"index, follow, max-snippet:-1, max-image-preview:large, max-video-preview:-1\" \/>\n<link rel=\"canonical\" href=\"https:\/\/migflug.com\/cz\/ceny-letu\/l-39-albatros-texas\/\" \/>\n<meta property=\"og:locale\" content=\"cs_CZ\" \/>\n<meta property=\"og:type\" content=\"article\" \/>\n<meta property=\"og:title\" content=\"Fighter jet flight in Texas | MiGFlug.com\" \/>\n<meta property=\"og:description\" content=\"Get ready for an extraordinary Fighter jet flight in Texas that will leave a lasting impression on your life.\" \/>\n<meta property=\"og:url\" content=\"https:\/\/migflug.com\/cz\/ceny-letu\/l-39-albatros-texas\/\" \/>\n<meta property=\"og:site_name\" content=\"MiGFlug\" \/>\n<meta property=\"article:modified_time\" content=\"2025-02-06T09:59:19+00:00\" \/>\n<meta name=\"twitter:card\" content=\"summary_large_image\" \/>\n<meta name=\"twitter:label1\" content=\"Odhadovan\u00e1 doba \u010dten\u00ed\" \/>\n\t<meta name=\"twitter:data1\" content=\"4 minuty\" \/>\n<script type=\"application\/ld+json\" class=\"yoast-schema-graph\">{\"@context\":\"https:\\\/\\\/schema.org\",\"@graph\":[{\"@type\":\"WebPage\",\"@id\":\"https:\\\/\\\/migflug.com\\\/flights-prices\\\/l-39-albatros-texas\\\/\",\"url\":\"https:\\\/\\\/migflug.com\\\/flights-prices\\\/l-39-albatros-texas\\\/\",\"name\":\"Fighter jet flight in Texas | MiGFlug.com\",\"isPartOf\":{\"@id\":\"https:\\\/\\\/migflug.com\\\/#website\"},\"datePublished\":\"2024-06-24T19:16:03+00:00\",\"dateModified\":\"2025-02-06T09:59:19+00:00\",\"breadcrumb\":{\"@id\":\"https:\\\/\\\/migflug.com\\\/flights-prices\\\/l-39-albatros-texas\\\/#breadcrumb\"},\"inLanguage\":\"cs\"},{\"@type\":\"WebSite\",\"@id\":\"https:\\\/\\\/migflug.com\\\/#website\",\"url\":\"https:\\\/\\\/migflug.com\\\/\",\"name\":\"MiGFlug\",\"description\":\"Fly a Jet Fighter Yourself\",\"publisher\":{\"@id\":\"https:\\\/\\\/migflug.com\\\/#organization\"},\"potentialAction\":[{\"@type\":\"SearchAction\",\"target\":{\"@type\":\"EntryPoint\",\"urlTemplate\":\"https:\\\/\\\/migflug.com\\\/?s={search_term_string}\"},\"query-input\":{\"@type\":\"PropertyValueSpecification\",\"valueRequired\":true,\"valueName\":\"search_term_string\"}}],\"inLanguage\":\"cs\"},{\"@type\":\"Organization\",\"@id\":\"https:\\\/\\\/migflug.com\\\/#organization\",\"name\":\"MiGFlug GmbH\",\"url\":\"https:\\\/\\\/migflug.com\\\/\",\"logo\":{\"@type\":\"ImageObject\",\"inLanguage\":\"cs\",\"@id\":\"https:\\\/\\\/migflug.com\\\/#\\\/schema\\\/logo\\\/image\\\/\",\"url\":\"https:\\/\\/migflug.com\\/wp-content\\/uploads\\/2018\\/10\\/logo-migflug-blue.png\",\"contentUrl\":\"https:\\/\\/migflug.com\\/wp-content\\/uploads\\/2018\\/10\\/logo-migflug-blue.png\",\"width\":200,\"height\":100,\"caption\":\"MiGFlug GmbH\"},\"image\":{\"@id\":\"https:\\\/\\\/migflug.com\\\/#\\\/schema\\\/logo\\\/image\\\/\"}}]}<\/script>\n<!-- \/ Yoast SEO plugin. -->","yoast_head_json":{"title":"Let st\u00edha\u010dky v Texasu | MiGFlug.com","description":"P\u0159ipravte se na nev\u0161edn\u00ed let st\u00edha\u010dkou v Texasu, kter\u00fd zanech\u00e1 trval\u00fd dojem ve va\u0161em \u017eivot\u011b.","robots":{"index":"index","follow":"follow","max-snippet":"max-snippet:-1","max-image-preview":"max-image-preview:large","max-video-preview":"max-video-preview:-1"},"canonical":"https:\/\/migflug.com\/cz\/ceny-letu\/l-39-albatros-texas\/","og_locale":"cs_CZ","og_type":"article","og_title":"Fighter jet flight in Texas | MiGFlug.com","og_description":"Get ready for an extraordinary Fighter jet flight in Texas that will leave a lasting impression on your life.","og_url":"https:\/\/migflug.com\/cz\/ceny-letu\/l-39-albatros-texas\/","og_site_name":"MiGFlug","article_modified_time":"2025-02-06T09:59:19+00:00","twitter_card":"summary_large_image","twitter_misc":{"Odhadovan\u00e1 doba \u010dten\u00ed":"4 minuty"},"schema":{"@context":"https:\/\/schema.org","@graph":[{"@type":"WebPage","@id":"https:\/\/migflug.com\/flights-prices\/l-39-albatros-texas\/","url":"https:\/\/migflug.com\/flights-prices\/l-39-albatros-texas\/","name":"Let st\u00edha\u010dky v Texasu | MiGFlug.com","isPartOf":{"@id":"https:\/\/migflug.com\/#website"},"datePublished":"2024-06-24T19:16:03+00:00","dateModified":"2025-02-06T09:59:19+00:00","breadcrumb":{"@id":"https:\/\/migflug.com\/flights-prices\/l-39-albatros-texas\/#breadcrumb"},"inLanguage":"cs"},{"@type":"WebSite","@id":"https:\/\/migflug.com\/#website","url":"https:\/\/migflug.com\/","name":"MiGFlug","description":"Zal\u00e9tejte si sami st\u00edha\u010dkou","publisher":{"@id":"https:\/\/migflug.com\/#organization"},"potentialAction":[{"@type":"SearchAction","target":{"@type":"EntryPoint","urlTemplate":"https:\/\/migflug.com\/?s={search_term_string}"},"query-input":{"@type":"PropertyValueSpecification","valueRequired":true,"valueName":"search_term_string"}}],"inLanguage":"cs"},{"@type":"Organization","@id":"https:\/\/migflug.com\/#organization","name":"MiGFlug GmbH","url":"https:\/\/migflug.com\/","logo":{"@type":"ImageObject","inLanguage":"cs","@id":"https:\/\/migflug.com\/#\/schema\/logo\/image\/","url":"https:\/\/migflug.com\/wp-content\/uploads\/2018\/10\/logo-migflug-blue.png","contentUrl":"https:\/\/migflug.com\/wp-content\/uploads\/2018\/10\/logo-migflug-blue.png","width":200,"height":100,"caption":"MiGFlug GmbH"},"image":{"@id":"https:\/\/migflug.com\/#\/schema\/logo\/image\/"}}]}},"_links":{"self":[{"href":"https:\/\/migflug.com\/cz\/wp-json\/wp\/v2\/pages\/7370","targetHints":{"allow":["GET"]}}],"collection":[{"href":"https:\/\/migflug.com\/cz\/wp-json\/wp\/v2\/pages"}],"about":[{"href":"https:\/\/migflug.com\/cz\/wp-json\/wp\/v2\/types\/page"}],"author":[{"embeddable":true,"href":"https:\/\/migflug.com\/cz\/wp-json\/wp\/v2\/users\/10"}],"replies":[{"embeddable":true,"href":"https:\/\/migflug.com\/cz\/wp-json\/wp\/v2\/comments?post=7370"}],"version-history":[{"count":0,"href":"https:\/\/migflug.com\/cz\/wp-json\/wp\/v2\/pages\/7370\/revisions"}],"up":[{"embeddable":true,"href":"https:\/\/migflug.com\/cz\/wp-json\/wp\/v2\/pages\/52"}],"wp:attachment":[{"href":"https:\/\/migflug.com\/cz\/wp-json\/wp\/v2\/media?parent=7370"}],"curies":[{"name":"wp","href":"https:\/\/api.w.org\/{rel}","templated":true}]}}