{"id":8763,"date":"2024-09-08T20:32:45","date_gmt":"2024-09-08T18:32:45","guid":{"rendered":"https:\/\/dsmhqr1wpi.onrocket.site\/?page_id=8763"},"modified":"2024-12-08T17:16:52","modified_gmt":"2024-12-08T16:16:52","slug":"dekuju","status":"publish","type":"page","link":"https:\/\/migflug.com\/cz\/dekuju\/","title":{"rendered":"Platba \u00fasp\u011b\u0161n\u00e1 \u2013 D\u011bkujeme"},"content":{"rendered":"<p>[et_pb_section fb_built=&#8221;1&#8243; _builder_version=&#8221;4.16&#8243; global_colors_info=&#8221;{}&#8221;][et_pb_row _builder_version=&#8221;4.16&#8243; background_size=&#8221;initial&#8221; background_position=&#8221;top_left&#8221; background_repeat=&#8221;repeat&#8221; global_colors_info=&#8221;{}&#8221;][et_pb_column type=&#8221;4_4&#8243; _builder_version=&#8221;4.16&#8243; custom_padding=&#8221;|||&#8221; global_colors_info=&#8221;{}&#8221; custom_padding__hover=&#8221;|||&#8221;][et_pb_text _builder_version=&#8221;4.27.0&#8243; background_size=&#8221;initial&#8221; background_position=&#8221;top_left&#8221; background_repeat=&#8221;repeat&#8221; global_colors_info=&#8221;{}&#8221;]<\/p>\n<p>Thank you for your booking!<\/p>\n<p>[\/et_pb_text][et_pb_cta title=&#8221;Important Information&#8221; admin_label=&#8221;Error Message&#8221; _builder_version=&#8221;4.27.0&#8243; _module_preset=&#8221;default&#8221; background_color=&#8221;#EDF000&#8243; text_orientation=&#8221;left&#8221; background_layout=&#8221;light&#8221; global_colors_info=&#8221;{}&#8221;]<\/p>\n<p>We are currently facing an issue where<strong> failed credit card payments may be\u00a0 incorrectly marked as successful.<\/strong><\/p>\n<ul>\n<li>If your payment was successful, you will receive an email with scheduling details in the next few minutes. No further action is needed on your part.<\/li>\n<li>If you don&#8217;t receive this email, your payment may not have gone through. Please check with your bank to confirm the failure, then try the payment again.<\/li>\n<\/ul>\n<p>If your payment did fail, a MiGFlug representative will contact you shortly. We apologize for any inconvenience this may cause.<\/p>\n<p>[\/et_pb_cta][\/et_pb_column][\/et_pb_row][\/et_pb_section]<\/p>\n","protected":false},"excerpt":{"rendered":"<p>Thank you for your booking!We are currently facing an issue where failed credit card payments may be\u00a0 incorrectly marked as successful. If your payment was successful, you will receive an email with scheduling details in the next few minutes. No further action is needed on your part. If you don&#8217;t receive this email, your payment [&hellip;]<\/p>\n","protected":false},"author":1,"featured_media":0,"parent":0,"menu_order":0,"comment_status":"closed","ping_status":"closed","template":"","meta":{"_et_pb_use_builder":"on","_et_pb_old_content":"<p>Thank you for your booking! We'll get in touch shortly.<\/p>","_et_gb_content_width":"","editor_notices":[],"footnotes":""},"class_list":["post-8763","page","type-page","status-publish","hentry"],"yoast_head":"<!-- This site is optimized with the Yoast SEO plugin v27.3 - https:\/\/yoast.com\/product\/yoast-seo-wordpress\/ -->\n<title>Payment Successful - Thank You | MiGFlug<\/title>\n<meta name=\"robots\" content=\"index, follow, max-snippet:-1, max-image-preview:large, max-video-preview:-1\" \/>\n<link rel=\"canonical\" href=\"https:\/\/migflug.com\/cz\/dekuju\/\" \/>\n<meta property=\"og:locale\" content=\"cs_CZ\" \/>\n<meta property=\"og:type\" content=\"article\" \/>\n<meta property=\"og:title\" content=\"Payment Successful - Thank You | MiGFlug\" \/>\n<meta property=\"og:description\" content=\"Thank you for your booking!We are currently facing an issue where failed credit card payments may be\u00a0 incorrectly marked as successful. If your payment was successful, you will receive an email with scheduling details in the next few minutes. No further action is needed on your part. If you don&#039;t receive this email, your payment [&hellip;]\" \/>\n<meta property=\"og:url\" content=\"https:\/\/migflug.com\/cz\/dekuju\/\" \/>\n<meta property=\"og:site_name\" content=\"MiGFlug\" \/>\n<meta property=\"article:modified_time\" content=\"2024-12-08T16:16:52+00:00\" \/>\n<meta name=\"twitter:card\" content=\"summary_large_image\" \/>\n<meta name=\"twitter:label1\" content=\"Odhadovan\u00e1 doba \u010dten\u00ed\" \/>\n\t<meta name=\"twitter:data1\" content=\"1 minuta\" \/>\n<script type=\"application\/ld+json\" class=\"yoast-schema-graph\">{\"@context\":\"https:\\\/\\\/schema.org\",\"@graph\":[{\"@type\":\"WebPage\",\"@id\":\"https:\\\/\\\/migflug.com\\\/thank-you\\\/\",\"url\":\"https:\\\/\\\/migflug.com\\\/thank-you\\\/\",\"name\":\"Payment Successful - Thank You | MiGFlug\",\"isPartOf\":{\"@id\":\"https:\\\/\\\/migflug.com\\\/#website\"},\"datePublished\":\"2024-09-08T18:32:45+00:00\",\"dateModified\":\"2024-12-08T16:16:52+00:00\",\"breadcrumb\":{\"@id\":\"https:\\\/\\\/migflug.com\\\/thank-you\\\/#breadcrumb\"},\"inLanguage\":\"cs\",\"potentialAction\":[{\"@type\":\"ReadAction\",\"target\":[\"https:\\\/\\\/migflug.com\\\/thank-you\\\/\"]}]},{\"@type\":\"BreadcrumbList\",\"@id\":\"https:\\\/\\\/migflug.com\\\/thank-you\\\/#breadcrumb\",\"itemListElement\":[{\"@type\":\"ListItem\",\"position\":1,\"name\":\"Startseite\",\"item\":\"https:\\\/\\\/migflug.com\\\/\"},{\"@type\":\"ListItem\",\"position\":2,\"name\":\"Payment Successful &#8211; Thank You\"}]},{\"@type\":\"WebSite\",\"@id\":\"https:\\\/\\\/migflug.com\\\/#website\",\"url\":\"https:\\\/\\\/migflug.com\\\/\",\"name\":\"MiGFlug\",\"description\":\"Fly a Jet Fighter Yourself\",\"publisher\":{\"@id\":\"https:\\\/\\\/migflug.com\\\/#organization\"},\"potentialAction\":[{\"@type\":\"SearchAction\",\"target\":{\"@type\":\"EntryPoint\",\"urlTemplate\":\"https:\\\/\\\/migflug.com\\\/?s={search_term_string}\"},\"query-input\":{\"@type\":\"PropertyValueSpecification\",\"valueRequired\":true,\"valueName\":\"search_term_string\"}}],\"inLanguage\":\"cs\"},{\"@type\":\"Organization\",\"@id\":\"https:\\\/\\\/migflug.com\\\/#organization\",\"name\":\"MiGFlug GmbH\",\"url\":\"https:\\\/\\\/migflug.com\\\/\",\"logo\":{\"@type\":\"ImageObject\",\"inLanguage\":\"cs\",\"@id\":\"https:\\\/\\\/migflug.com\\\/#\\\/schema\\\/logo\\\/image\\\/\",\"url\":\"https:\\/\\/migflug.com\\/wp-content\\/uploads\\/2018\\/10\\/logo-migflug-blue.png\",\"contentUrl\":\"https:\\/\\/migflug.com\\/wp-content\\/uploads\\/2018\\/10\\/logo-migflug-blue.png\",\"width\":200,\"height\":100,\"caption\":\"MiGFlug GmbH\"},\"image\":{\"@id\":\"https:\\\/\\\/migflug.com\\\/#\\\/schema\\\/logo\\\/image\\\/\"}}]}<\/script>\n<!-- \/ Yoast SEO plugin. -->","yoast_head_json":{"title":"Platba \u00fasp\u011b\u0161n\u00e1 - D\u011bkujeme | MiGFlug","robots":{"index":"index","follow":"follow","max-snippet":"max-snippet:-1","max-image-preview":"max-image-preview:large","max-video-preview":"max-video-preview:-1"},"canonical":"https:\/\/migflug.com\/cz\/dekuju\/","og_locale":"cs_CZ","og_type":"article","og_title":"Payment Successful - Thank You | MiGFlug","og_description":"Thank you for your booking!We are currently facing an issue where failed credit card payments may be\u00a0 incorrectly marked as successful. If your payment was successful, you will receive an email with scheduling details in the next few minutes. No further action is needed on your part. If you don't receive this email, your payment [&hellip;]","og_url":"https:\/\/migflug.com\/cz\/dekuju\/","og_site_name":"MiGFlug","article_modified_time":"2024-12-08T16:16:52+00:00","twitter_card":"summary_large_image","twitter_misc":{"Odhadovan\u00e1 doba \u010dten\u00ed":"1 minuta"},"schema":{"@context":"https:\/\/schema.org","@graph":[{"@type":"WebPage","@id":"https:\/\/migflug.com\/thank-you\/","url":"https:\/\/migflug.com\/thank-you\/","name":"Platba \u00fasp\u011b\u0161n\u00e1 - D\u011bkujeme | MiGFlug","isPartOf":{"@id":"https:\/\/migflug.com\/#website"},"datePublished":"2024-09-08T18:32:45+00:00","dateModified":"2024-12-08T16:16:52+00:00","breadcrumb":{"@id":"https:\/\/migflug.com\/thank-you\/#breadcrumb"},"inLanguage":"cs","potentialAction":[{"@type":"ReadAction","target":["https:\/\/migflug.com\/thank-you\/"]}]},{"@type":"BreadcrumbList","@id":"https:\/\/migflug.com\/thank-you\/#breadcrumb","itemListElement":[{"@type":"ListItem","position":1,"name":"Startseite","item":"https:\/\/migflug.com\/"},{"@type":"ListItem","position":2,"name":"Payment Successful &#8211; Thank You"}]},{"@type":"WebSite","@id":"https:\/\/migflug.com\/#website","url":"https:\/\/migflug.com\/","name":"MiGFlug","description":"Zal\u00e9tejte si sami st\u00edha\u010dkou","publisher":{"@id":"https:\/\/migflug.com\/#organization"},"potentialAction":[{"@type":"SearchAction","target":{"@type":"EntryPoint","urlTemplate":"https:\/\/migflug.com\/?s={search_term_string}"},"query-input":{"@type":"PropertyValueSpecification","valueRequired":true,"valueName":"search_term_string"}}],"inLanguage":"cs"},{"@type":"Organization","@id":"https:\/\/migflug.com\/#organization","name":"MiGFlug GmbH","url":"https:\/\/migflug.com\/","logo":{"@type":"ImageObject","inLanguage":"cs","@id":"https:\/\/migflug.com\/#\/schema\/logo\/image\/","url":"https:\/\/migflug.com\/wp-content\/uploads\/2018\/10\/logo-migflug-blue.png","contentUrl":"https:\/\/migflug.com\/wp-content\/uploads\/2018\/10\/logo-migflug-blue.png","width":200,"height":100,"caption":"MiGFlug GmbH"},"image":{"@id":"https:\/\/migflug.com\/#\/schema\/logo\/image\/"}}]}},"_links":{"self":[{"href":"https:\/\/migflug.com\/cz\/wp-json\/wp\/v2\/pages\/8763","targetHints":{"allow":["GET"]}}],"collection":[{"href":"https:\/\/migflug.com\/cz\/wp-json\/wp\/v2\/pages"}],"about":[{"href":"https:\/\/migflug.com\/cz\/wp-json\/wp\/v2\/types\/page"}],"author":[{"embeddable":true,"href":"https:\/\/migflug.com\/cz\/wp-json\/wp\/v2\/users\/1"}],"replies":[{"embeddable":true,"href":"https:\/\/migflug.com\/cz\/wp-json\/wp\/v2\/comments?post=8763"}],"version-history":[{"count":0,"href":"https:\/\/migflug.com\/cz\/wp-json\/wp\/v2\/pages\/8763\/revisions"}],"wp:attachment":[{"href":"https:\/\/migflug.com\/cz\/wp-json\/wp\/v2\/media?parent=8763"}],"curies":[{"name":"wp","href":"https:\/\/api.w.org\/{rel}","templated":true}]}}