{"id":8765,"date":"2024-09-08T20:34:32","date_gmt":"2024-09-08T18:34:32","guid":{"rendered":"https:\/\/dsmhqr1wpi.onrocket.site\/?page_id=8765"},"modified":"2024-12-23T22:45:53","modified_gmt":"2024-12-23T21:45:53","slug":"platba-selhala","status":"publish","type":"page","link":"https:\/\/migflug.com\/cz\/platba-selhala\/","title":{"rendered":"Platba selhala"},"content":{"rendered":"<p>[et_pb_section fb_built=&#8221;1&#8243; _builder_version=&#8221;4.16&#8243; global_colors_info=&#8221;{}&#8221;][et_pb_row _builder_version=&#8221;4.16&#8243; background_size=&#8221;initial&#8221; background_position=&#8221;top_left&#8221; background_repeat=&#8221;repeat&#8221; global_colors_info=&#8221;{}&#8221;][et_pb_column type=&#8221;4_4&#8243; _builder_version=&#8221;4.16&#8243; custom_padding=&#8221;|||&#8221; global_colors_info=&#8221;{}&#8221; custom_padding__hover=&#8221;|||&#8221;][et_pb_cta title=&#8221;Your Payment Failed&#8221; button_url=&#8221;https:\/\/migflug.com\/bookingv2?source=failedpaymentpagebutton&#8221; admin_label=&#8221;Call To Action&#8221; _builder_version=&#8221;4.27.0&#8243; _module_preset=&#8221;default&#8221; background_color=&#8221;#F56600&#8243; global_colors_info=&#8221;{}&#8221;]<\/p>\n<p><strong>Declined transactions are a common occurrence<\/strong>. Worry not &#8211; <strong>we have your flight booking on record. In a few moments you will receive an email with steps to resolve this issue. If you don&#8217;t receive it, please check your spam folder or get in touch with us. <\/strong><\/p>\n<p>Meanwhile, please\u00a0<strong>Contact your Bank. <\/strong>Your bank or credit card issuer can see the exact reason for the failure. They can help ensure the next payment goes through.<\/p>\n<p>[\/et_pb_cta][et_pb_heading title=&#8221;Option 1: Downpayment&#8221; admin_label=&#8221;Header 2: Downpayment&#8221; _builder_version=&#8221;4.27.0&#8243; _module_preset=&#8221;default&#8221; title_level=&#8221;h2&#8243; title_text_align=&#8221;center&#8221; global_colors_info=&#8221;{}&#8221;][\/et_pb_heading][et_pb_text admin_label=&#8221;Downpayment Info&#8221; _builder_version=&#8221;4.27.0&#8243; background_size=&#8221;initial&#8221; background_position=&#8221;top_left&#8221; background_repeat=&#8221;repeat&#8221; global_colors_info=&#8221;{}&#8221;]<\/p>\n<p><strong>Try a Downpayment<\/strong>: We have sent you an email with a personalized link to do your downpayment. Please contact your bank to resolve potential issues with your card, then attempt the downpayment. The downpayment is linked to your booking that we have on record, and more likely to succeed due to a smaller amount compared to a full price payment.<\/p>\n<p>[\/et_pb_text][et_pb_button button_url=&#8221;mailto:&#8221; button_text=&#8221;Open your Email Application&#8221; button_alignment=&#8221;center&#8221; admin_label=&#8221;Retry Button&#8221; _builder_version=&#8221;4.27.0&#8243; _module_preset=&#8221;default&#8221; hover_enabled=&#8221;0&#8243; global_colors_info=&#8221;{}&#8221; sticky_enabled=&#8221;0&#8243;][\/et_pb_button][et_pb_divider show_divider=&#8221;off&#8221; _builder_version=&#8221;4.27.0&#8243; _module_preset=&#8221;default&#8221; global_colors_info=&#8221;{}&#8221;][\/et_pb_divider][et_pb_heading title=&#8221;Option 2: Retry Booking&#8221; admin_label=&#8221;Header 1: Retry&#8221; _builder_version=&#8221;4.27.0&#8243; _module_preset=&#8221;default&#8221; title_level=&#8221;h2&#8243; title_text_align=&#8221;center&#8221; global_colors_info=&#8221;{}&#8221;][\/et_pb_heading][et_pb_text admin_label=&#8221;Steps to Retry&#8221; _builder_version=&#8221;4.27.0&#8243; background_size=&#8221;initial&#8221; background_position=&#8221;top_left&#8221; background_repeat=&#8221;repeat&#8221; global_colors_info=&#8221;{}&#8221;]<\/p>\n<p>If your bank could resolve the cause of the issue and you&#8217;d like to attempt your booking again, follow this link.<\/p>\n<p>[\/et_pb_text][et_pb_button button_url=&#8221;https:\/\/migflug.com\/bookingv2?source=failedpaymentpage&#8221; button_text=&#8221;Retry Booking&#8221; button_alignment=&#8221;center&#8221; admin_label=&#8221;Retry Button&#8221; _builder_version=&#8221;4.27.0&#8243; _module_preset=&#8221;default&#8221; global_colors_info=&#8221;{}&#8221;][\/et_pb_button][et_pb_divider show_divider=&#8221;off&#8221; _builder_version=&#8221;4.27.0&#8243; _module_preset=&#8221;default&#8221; global_colors_info=&#8221;{}&#8221;][\/et_pb_divider][et_pb_heading title=&#8221;Option 3: Bank Wire Transfer&#8221; admin_label=&#8221;Header 3: Bank&#8221; _builder_version=&#8221;4.27.0&#8243; _module_preset=&#8221;default&#8221; title_level=&#8221;h2&#8243; title_text_align=&#8221;center&#8221; global_colors_info=&#8221;{}&#8221;][\/et_pb_heading][et_pb_text admin_label=&#8221;Bank Wire Info&#8221; _builder_version=&#8221;4.27.0&#8243; background_size=&#8221;initial&#8221; background_position=&#8221;top_left&#8221; background_repeat=&#8221;repeat&#8221; global_colors_info=&#8221;{}&#8221;]<\/p>\n<p><strong>Bank Wire Transfer<\/strong>: You can also wire the funds using a bank wire transfer. Just use the bank wire information <a href=\"https:\/\/migflug.com\/support-bank-wire-information\/\">found here<\/a>, and send us an email when done.<\/p>\n<p>[\/et_pb_text][et_pb_button button_url=&#8221;@ET-DC@eyJkeW5hbWljIjp0cnVlLCJjb250ZW50IjoicG9zdF9saW5rX3VybF9wYWdlIiwic2V0dGluZ3MiOnsicG9zdF9pZCI6IjQwMDgifX0=@&#8221; button_text=&#8221;Contact Support&#8221; button_alignment=&#8221;center&#8221; admin_label=&#8221;Contact Support Button&#8221; _builder_version=&#8221;4.27.0&#8243; _dynamic_attributes=&#8221;button_url&#8221; _module_preset=&#8221;default&#8221; global_colors_info=&#8221;{}&#8221;][\/et_pb_button][et_pb_divider show_divider=&#8221;off&#8221; _builder_version=&#8221;4.27.0&#8243; _module_preset=&#8221;default&#8221; global_colors_info=&#8221;{}&#8221;][\/et_pb_divider][et_pb_heading title=&#8221;Typical Reasons for Failed Payments&#8221; admin_label=&#8221;Heading: Reasons for Failed Payment&#8221; _builder_version=&#8221;4.27.0&#8243; _module_preset=&#8221;default&#8221; title_text_align=&#8221;center&#8221; global_colors_info=&#8221;{}&#8221;][\/et_pb_heading][et_pb_text admin_label=&#8221;Typical Reasons for Failed Payment&#8221; _builder_version=&#8221;4.27.0&#8243; background_size=&#8221;initial&#8221; background_position=&#8221;top_left&#8221; background_repeat=&#8221;repeat&#8221; global_colors_info=&#8221;{}&#8221;]<\/p>\n<ul>\n<li><strong>Incorrect 3D Secure Password<\/strong>: Ensure you enter the correct password. Contact your bank if you\u2019ve forgotten it.<\/li>\n<li><strong>Insufficient Funds or Spending Limit<\/strong>: Try a downpayment if you\u2019re hitting a limit.<\/li>\n<li><strong>Expired\/Blocked Card<\/strong>: Check if your card is still valid or contact your bank.<\/li>\n<li><strong>Incorrect Card Details<\/strong>: Double-check your card number, expiration date, and CVV.<\/li>\n<li><strong>Traveling with Your Card<\/strong>: Payments from unusual locations may trigger a block.<\/li>\n<li><strong>Network\/Issuer Issues<\/strong>: Retry with a stable connection if there was a network issue.<\/li>\n<li><strong>Geo-Block\/Fraud Detection<\/strong>: Large purchases may be flagged as suspicious. Contact your bank if they block the payment.<\/li>\n<li><strong>Browser Issues<\/strong>: Use a supported browser such as Google Chrome, Safari, Firefox or Internet Explorer with JavaScript enabled.<\/li>\n<li><strong>Card Hold<\/strong>: Ensure there\u2019s no hold from a rental car or hotel.<\/li>\n<li><strong>Missed Payments<\/strong>: Settle any overdue payments on your card.<\/li>\n<\/ul>\n<p>[\/et_pb_text][et_pb_button button_url=&#8221;https:\/\/migflug.com\/bookingv2?source=failedpaymentpage&#8221; button_text=&#8221;Retry Booking&#8221; button_alignment=&#8221;center&#8221; admin_label=&#8221;Retry Button&#8221; _builder_version=&#8221;4.27.0&#8243; _module_preset=&#8221;default&#8221; global_colors_info=&#8221;{}&#8221;][\/et_pb_button][et_pb_button button_url=&#8221;@ET-DC@eyJkeW5hbWljIjp0cnVlLCJjb250ZW50IjoicG9zdF9saW5rX3VybF9wYWdlIiwic2V0dGluZ3MiOnsicG9zdF9pZCI6IjQwMDgifX0=@&#8221; button_text=&#8221;Contact Support&#8221; button_alignment=&#8221;center&#8221; admin_label=&#8221;Contact Support Button&#8221; _builder_version=&#8221;4.27.0&#8243; _dynamic_attributes=&#8221;button_url&#8221; _module_preset=&#8221;default&#8221; global_colors_info=&#8221;{}&#8221;][\/et_pb_button][\/et_pb_column][\/et_pb_row][\/et_pb_section]<\/p>\n","protected":false},"excerpt":{"rendered":"<p>Declined transactions are a common occurrence. Worry not &#8211; we have your flight booking on record. In a few moments you will receive an email with steps to resolve this issue. If you don&#8217;t receive it, please check your spam folder or get in touch with us. Meanwhile, please\u00a0Contact your Bank. Your bank or credit [&hellip;]<\/p>\n","protected":false},"author":1,"featured_media":0,"parent":0,"menu_order":0,"comment_status":"closed","ping_status":"closed","template":"","meta":{"_et_pb_use_builder":"on","_et_pb_old_content":"<p><strong>Your payment didn't go through<\/strong>. Worry not - we'll send you an email with steps to resolve this issue in a few moments.<\/p>","_et_gb_content_width":"","editor_notices":[],"footnotes":""},"class_list":["post-8765","page","type-page","status-publish","hentry"],"yoast_head":"<!-- This site is optimized with the Yoast SEO plugin v27.3 - https:\/\/yoast.com\/product\/yoast-seo-wordpress\/ -->\n<title>Payment Failed | MiGFlug<\/title>\n<meta name=\"robots\" content=\"index, follow, max-snippet:-1, max-image-preview:large, max-video-preview:-1\" \/>\n<link rel=\"canonical\" href=\"https:\/\/migflug.com\/cz\/platba-selhala\/\" \/>\n<meta property=\"og:locale\" content=\"cs_CZ\" \/>\n<meta property=\"og:type\" content=\"article\" \/>\n<meta property=\"og:title\" content=\"Payment Failed | MiGFlug\" \/>\n<meta property=\"og:description\" content=\"Declined transactions are a common occurrence. Worry not - we have your flight booking on record. In a few moments you will receive an email with steps to resolve this issue. If you don&#039;t receive it, please check your spam folder or get in touch with us. Meanwhile, please\u00a0Contact your Bank. Your bank or credit [&hellip;]\" \/>\n<meta property=\"og:url\" content=\"https:\/\/migflug.com\/cz\/platba-selhala\/\" \/>\n<meta property=\"og:site_name\" content=\"MiGFlug\" \/>\n<meta property=\"article:modified_time\" content=\"2024-12-23T21:45:53+00:00\" \/>\n<meta name=\"twitter:card\" content=\"summary_large_image\" \/>\n<meta name=\"twitter:label1\" content=\"Odhadovan\u00e1 doba \u010dten\u00ed\" \/>\n\t<meta name=\"twitter:data1\" content=\"2 minuty\" \/>\n<script type=\"application\/ld+json\" class=\"yoast-schema-graph\">{\"@context\":\"https:\\\/\\\/schema.org\",\"@graph\":[{\"@type\":\"WebPage\",\"@id\":\"https:\\\/\\\/migflug.com\\\/payment-failed\\\/\",\"url\":\"https:\\\/\\\/migflug.com\\\/payment-failed\\\/\",\"name\":\"Payment Failed | MiGFlug\",\"isPartOf\":{\"@id\":\"https:\\\/\\\/migflug.com\\\/#website\"},\"datePublished\":\"2024-09-08T18:34:32+00:00\",\"dateModified\":\"2024-12-23T21:45:53+00:00\",\"breadcrumb\":{\"@id\":\"https:\\\/\\\/migflug.com\\\/payment-failed\\\/#breadcrumb\"},\"inLanguage\":\"cs\",\"potentialAction\":[{\"@type\":\"ReadAction\",\"target\":[\"https:\\\/\\\/migflug.com\\\/payment-failed\\\/\"]}]},{\"@type\":\"BreadcrumbList\",\"@id\":\"https:\\\/\\\/migflug.com\\\/payment-failed\\\/#breadcrumb\",\"itemListElement\":[{\"@type\":\"ListItem\",\"position\":1,\"name\":\"Startseite\",\"item\":\"https:\\\/\\\/migflug.com\\\/\"},{\"@type\":\"ListItem\",\"position\":2,\"name\":\"Payment Failed\"}]},{\"@type\":\"WebSite\",\"@id\":\"https:\\\/\\\/migflug.com\\\/#website\",\"url\":\"https:\\\/\\\/migflug.com\\\/\",\"name\":\"MiGFlug\",\"description\":\"Fly a Jet Fighter Yourself\",\"publisher\":{\"@id\":\"https:\\\/\\\/migflug.com\\\/#organization\"},\"potentialAction\":[{\"@type\":\"SearchAction\",\"target\":{\"@type\":\"EntryPoint\",\"urlTemplate\":\"https:\\\/\\\/migflug.com\\\/?s={search_term_string}\"},\"query-input\":{\"@type\":\"PropertyValueSpecification\",\"valueRequired\":true,\"valueName\":\"search_term_string\"}}],\"inLanguage\":\"cs\"},{\"@type\":\"Organization\",\"@id\":\"https:\\\/\\\/migflug.com\\\/#organization\",\"name\":\"MiGFlug GmbH\",\"url\":\"https:\\\/\\\/migflug.com\\\/\",\"logo\":{\"@type\":\"ImageObject\",\"inLanguage\":\"cs\",\"@id\":\"https:\\\/\\\/migflug.com\\\/#\\\/schema\\\/logo\\\/image\\\/\",\"url\":\"https:\\/\\/migflug.com\\/wp-content\\/uploads\\/2018\\/10\\/logo-migflug-blue.png\",\"contentUrl\":\"https:\\/\\/migflug.com\\/wp-content\\/uploads\\/2018\\/10\\/logo-migflug-blue.png\",\"width\":200,\"height\":100,\"caption\":\"MiGFlug GmbH\"},\"image\":{\"@id\":\"https:\\\/\\\/migflug.com\\\/#\\\/schema\\\/logo\\\/image\\\/\"}}]}<\/script>\n<!-- \/ Yoast SEO plugin. -->","yoast_head_json":{"title":"Platba selhala | MiGFlug","robots":{"index":"index","follow":"follow","max-snippet":"max-snippet:-1","max-image-preview":"max-image-preview:large","max-video-preview":"max-video-preview:-1"},"canonical":"https:\/\/migflug.com\/cz\/platba-selhala\/","og_locale":"cs_CZ","og_type":"article","og_title":"Payment Failed | MiGFlug","og_description":"Declined transactions are a common occurrence. Worry not - we have your flight booking on record. In a few moments you will receive an email with steps to resolve this issue. If you don't receive it, please check your spam folder or get in touch with us. Meanwhile, please\u00a0Contact your Bank. Your bank or credit [&hellip;]","og_url":"https:\/\/migflug.com\/cz\/platba-selhala\/","og_site_name":"MiGFlug","article_modified_time":"2024-12-23T21:45:53+00:00","twitter_card":"summary_large_image","twitter_misc":{"Odhadovan\u00e1 doba \u010dten\u00ed":"2 minuty"},"schema":{"@context":"https:\/\/schema.org","@graph":[{"@type":"WebPage","@id":"https:\/\/migflug.com\/payment-failed\/","url":"https:\/\/migflug.com\/payment-failed\/","name":"Platba selhala | MiGFlug","isPartOf":{"@id":"https:\/\/migflug.com\/#website"},"datePublished":"2024-09-08T18:34:32+00:00","dateModified":"2024-12-23T21:45:53+00:00","breadcrumb":{"@id":"https:\/\/migflug.com\/payment-failed\/#breadcrumb"},"inLanguage":"cs","potentialAction":[{"@type":"ReadAction","target":["https:\/\/migflug.com\/payment-failed\/"]}]},{"@type":"BreadcrumbList","@id":"https:\/\/migflug.com\/payment-failed\/#breadcrumb","itemListElement":[{"@type":"ListItem","position":1,"name":"Startseite","item":"https:\/\/migflug.com\/"},{"@type":"ListItem","position":2,"name":"Payment Failed"}]},{"@type":"WebSite","@id":"https:\/\/migflug.com\/#website","url":"https:\/\/migflug.com\/","name":"MiGFlug","description":"Zal\u00e9tejte si sami st\u00edha\u010dkou","publisher":{"@id":"https:\/\/migflug.com\/#organization"},"potentialAction":[{"@type":"SearchAction","target":{"@type":"EntryPoint","urlTemplate":"https:\/\/migflug.com\/?s={search_term_string}"},"query-input":{"@type":"PropertyValueSpecification","valueRequired":true,"valueName":"search_term_string"}}],"inLanguage":"cs"},{"@type":"Organization","@id":"https:\/\/migflug.com\/#organization","name":"MiGFlug GmbH","url":"https:\/\/migflug.com\/","logo":{"@type":"ImageObject","inLanguage":"cs","@id":"https:\/\/migflug.com\/#\/schema\/logo\/image\/","url":"https:\/\/migflug.com\/wp-content\/uploads\/2018\/10\/logo-migflug-blue.png","contentUrl":"https:\/\/migflug.com\/wp-content\/uploads\/2018\/10\/logo-migflug-blue.png","width":200,"height":100,"caption":"MiGFlug GmbH"},"image":{"@id":"https:\/\/migflug.com\/#\/schema\/logo\/image\/"}}]}},"_links":{"self":[{"href":"https:\/\/migflug.com\/cz\/wp-json\/wp\/v2\/pages\/8765","targetHints":{"allow":["GET"]}}],"collection":[{"href":"https:\/\/migflug.com\/cz\/wp-json\/wp\/v2\/pages"}],"about":[{"href":"https:\/\/migflug.com\/cz\/wp-json\/wp\/v2\/types\/page"}],"author":[{"embeddable":true,"href":"https:\/\/migflug.com\/cz\/wp-json\/wp\/v2\/users\/1"}],"replies":[{"embeddable":true,"href":"https:\/\/migflug.com\/cz\/wp-json\/wp\/v2\/comments?post=8765"}],"version-history":[{"count":0,"href":"https:\/\/migflug.com\/cz\/wp-json\/wp\/v2\/pages\/8765\/revisions"}],"wp:attachment":[{"href":"https:\/\/migflug.com\/cz\/wp-json\/wp\/v2\/media?parent=8765"}],"curies":[{"name":"wp","href":"https:\/\/api.w.org\/{rel}","templated":true}]}}