{"id":62,"date":"2017-04-05T16:15:12","date_gmt":"2017-04-05T14:15:12","guid":{"rendered":"http:\/\/migflug.com\/de\/?page_id=62"},"modified":"2024-12-11T16:36:52","modified_gmt":"2024-12-11T15:36:52","slug":"flug-schenken","status":"publish","type":"page","link":"https:\/\/migflug.com\/de\/flug-schenken\/","title":{"rendered":"Flug schenken"},"content":{"rendered":"<p>[et_pb_section fb_built=&#8221;1&#8243; admin_label=&#8221;section&#8221; _builder_version=&#8221;4.16&#8243; global_colors_info=&#8221;{}&#8221;][et_pb_row admin_label=&#8221;row&#8221; _builder_version=&#8221;4.16&#8243; background_size=&#8221;initial&#8221; background_position=&#8221;top_left&#8221; background_repeat=&#8221;repeat&#8221; global_colors_info=&#8221;{}&#8221;][et_pb_column type=&#8221;4_4&#8243; _builder_version=&#8221;4.16&#8243; custom_padding=&#8221;|||&#8221; global_colors_info=&#8221;{}&#8221; custom_padding__hover=&#8221;|||&#8221;][et_pb_text admin_label=&#8221;Flug schenken &#8211; Introtext&#8221; _builder_version=&#8221;4.16&#8243; global_colors_info=&#8221;{}&#8221;]<\/p>\n<h1>Flug schenken<\/h1>\n<p><!--Die Verf\u00fcgbarkeit an allen unseren Standorten erlaubt es, dass bei Gutscheinen entweder der Beschenkte direkt oder aber Sie als schenkende Person sich nachtr\u00e4glich bei uns meldet und wir schnell und problemlos ein Datum festlegen k\u00f6nnen.--> <\/p>\n<p>Generell k\u00f6nnen Sie bei uns nichts falsch machen. <strong>Wir erlauben eine schnelle und unb\u00fcrokratische Ab\u00e4nderung des Flugs, ein Wechseln des Standorts, eine andere Flugdauer etc &#8211; und das alles umsonst.<\/strong> Bei uns sind Sie in guten H\u00e4nden und wir bieten Ihnen die n\u00f6tige Flexibilit\u00e4t, um das Geschenk auch nachtr\u00e4glich noch garantiert passend zu machen. Gerne beraten wir den Beschenkten auch direkt um garantiert das beste Flugabenteuer f\u00fcr Sie oder Ihn zu finden. Unvergesslich wird es so oder so.<br \/>\n[\/et_pb_text][\/et_pb_column][\/et_pb_row][\/et_pb_section][et_pb_section fb_built=&#8221;1&#8243; _builder_version=&#8221;4.16&#8243; background_color=&#8221;#efefef&#8221; global_colors_info=&#8221;{}&#8221;][et_pb_row _builder_version=&#8221;4.27.0&#8243; background_size=&#8221;initial&#8221; background_position=&#8221;top_left&#8221; background_repeat=&#8221;repeat&#8221; hover_enabled=&#8221;0&#8243; global_colors_info=&#8221;{}&#8221; sticky_enabled=&#8221;0&#8243;][et_pb_column type=&#8221;4_4&#8243; _builder_version=&#8221;4.16&#8243; custom_padding=&#8221;|||&#8221; global_colors_info=&#8221;{}&#8221; custom_padding__hover=&#8221;|||&#8221;][et_pb_text admin_label=&#8221;Flug schenken &#8211; Introtext&#8221; _builder_version=&#8221;4.27.0&#8243; hover_enabled=&#8221;0&#8243; global_colors_info=&#8221;{}&#8221; sticky_enabled=&#8221;0&#8243; locked=&#8221;off&#8221;]<\/p>\n<h1 style=\"text-align: center;\">Kaufen Sie jetzt Ihren Gutschein<\/h1>\n<p style=\"text-align: center;\">In wenigen Schritten k\u00f6nnen Sie Ihren Gutschein konfigurieren. <strong>Sie k\u00f6nnen nichts falsch machen.<\/strong> Gerne buchen wir das gew\u00e4hlte Angebot auch wieder um &#8211; ohne Mehrkosten.<\/p>\n<p>[\/et_pb_text][\/et_pb_column][\/et_pb_row][et_pb_row _builder_version=&#8221;4.27.0&#8243; _module_preset=&#8221;default&#8221;][et_pb_column _builder_version=&#8221;4.27.0&#8243; _module_preset=&#8221;default&#8221; type=&#8221;4_4&#8243;][et_pb_button _builder_version=&#8221;4.27.0&#8243; _module_preset=&#8221;default&#8221; button_text=&#8221;Jetzt Geschenk konfigurieren&#8221; hover_enabled=&#8221;0&#8243; sticky_enabled=&#8221;0&#8243; button_alignment=&#8221;center&#8221; button_url=&#8221;https:\/\/migflug.com\/de\/buchen\/?isgift=ADDON-GIFT&#8221;][\/et_pb_button][\/et_pb_column][\/et_pb_row][\/et_pb_section]<\/p>\n","protected":false},"excerpt":{"rendered":"<p>Flug schenken Generell k\u00f6nnen Sie bei uns nichts falsch machen. Wir erlauben eine schnelle und unb\u00fcrokratische Ab\u00e4nderung des Flugs, ein Wechseln des Standorts, eine andere Flugdauer etc &#8211; und das alles umsonst. Bei uns sind Sie in guten H\u00e4nden und wir bieten Ihnen die n\u00f6tige Flexibilit\u00e4t, um das Geschenk auch nachtr\u00e4glich noch garantiert passend zu [&hellip;]<\/p>\n","protected":false},"author":1,"featured_media":0,"parent":0,"menu_order":0,"comment_status":"closed","ping_status":"closed","template":"","meta":{"_et_pb_use_builder":"on","_et_pb_old_content":"","_et_gb_content_width":"","editor_notices":[],"footnotes":""},"class_list":["post-62","page","type-page","status-publish","hentry"],"yoast_head":"<!-- This site is optimized with the Yoast SEO plugin v27.3 - https:\/\/yoast.com\/product\/yoast-seo-wordpress\/ -->\n<title>Schenken Sie einen Flug | Kampfjet fliegen mit MiGFug<\/title>\n<meta name=\"robots\" content=\"index, follow, max-snippet:-1, max-image-preview:large, max-video-preview:-1\" \/>\n<link rel=\"canonical\" href=\"https:\/\/migflug.com\/de\/flug-schenken\/\" \/>\n<meta property=\"og:locale\" content=\"de_DE\" \/>\n<meta property=\"og:type\" content=\"article\" \/>\n<meta property=\"og:title\" content=\"Schenken Sie einen Flug | Kampfjet fliegen mit MiGFug\" \/>\n<meta property=\"og:description\" content=\"Flug schenken Generell k\u00f6nnen Sie bei uns nichts falsch machen. Wir erlauben eine schnelle und unb\u00fcrokratische Ab\u00e4nderung des Flugs, ein Wechseln des Standorts, eine andere Flugdauer etc - und das alles umsonst. Bei uns sind Sie in guten H\u00e4nden und wir bieten Ihnen die n\u00f6tige Flexibilit\u00e4t, um das Geschenk auch nachtr\u00e4glich noch garantiert passend zu [&hellip;]\" \/>\n<meta property=\"og:url\" content=\"https:\/\/migflug.com\/de\/flug-schenken\/\" \/>\n<meta property=\"og:site_name\" content=\"MiGFlug\" \/>\n<meta property=\"article:modified_time\" content=\"2024-12-11T15:36:52+00:00\" \/>\n<meta name=\"twitter:card\" content=\"summary_large_image\" \/>\n<meta name=\"twitter:label1\" content=\"Gesch\u00e4tzte Lesezeit\" \/>\n\t<meta name=\"twitter:data1\" content=\"1\u00a0Minute\" \/>\n<script type=\"application\/ld+json\" class=\"yoast-schema-graph\">{\"@context\":\"https:\\\/\\\/schema.org\",\"@graph\":[{\"@type\":\"WebPage\",\"@id\":\"https:\\\/\\\/migflug.com\\\/de\\\/flug-schenken\\\/\",\"url\":\"https:\\\/\\\/migflug.com\\\/de\\\/flug-schenken\\\/\",\"name\":\"Schenken Sie einen Flug | Kampfjet fliegen mit MiGFug\",\"isPartOf\":{\"@id\":\"https:\\\/\\\/migflug.com\\\/de\\\/#website\"},\"datePublished\":\"2017-04-05T14:15:12+00:00\",\"dateModified\":\"2024-12-11T15:36:52+00:00\",\"breadcrumb\":{\"@id\":\"https:\\\/\\\/migflug.com\\\/de\\\/flug-schenken\\\/#breadcrumb\"},\"inLanguage\":\"de\",\"potentialAction\":[{\"@type\":\"ReadAction\",\"target\":[\"https:\\\/\\\/migflug.com\\\/de\\\/flug-schenken\\\/\"]}]},{\"@type\":\"BreadcrumbList\",\"@id\":\"https:\\\/\\\/migflug.com\\\/de\\\/flug-schenken\\\/#breadcrumb\",\"itemListElement\":[{\"@type\":\"ListItem\",\"position\":1,\"name\":\"Startseite\",\"item\":\"https:\\\/\\\/migflug.com\\\/de\\\/\"},{\"@type\":\"ListItem\",\"position\":2,\"name\":\"Flug schenken\"}]},{\"@type\":\"WebSite\",\"@id\":\"https:\\\/\\\/migflug.com\\\/de\\\/#website\",\"url\":\"https:\\\/\\\/migflug.com\\\/de\\\/\",\"name\":\"MiGFlug\",\"description\":\"Kampfjet Pilot sein f\u00fcr einen Tag!\",\"potentialAction\":[{\"@type\":\"SearchAction\",\"target\":{\"@type\":\"EntryPoint\",\"urlTemplate\":\"https:\\\/\\\/migflug.com\\\/de\\\/?s={search_term_string}\"},\"query-input\":{\"@type\":\"PropertyValueSpecification\",\"valueRequired\":true,\"valueName\":\"search_term_string\"}}],\"inLanguage\":\"de\"}]}<\/script>\n<!-- \/ Yoast SEO plugin. -->","yoast_head_json":{"title":"Schenken Sie einen Flug | Kampfjet fliegen mit MiGFug","robots":{"index":"index","follow":"follow","max-snippet":"max-snippet:-1","max-image-preview":"max-image-preview:large","max-video-preview":"max-video-preview:-1"},"canonical":"https:\/\/migflug.com\/de\/flug-schenken\/","og_locale":"de_DE","og_type":"article","og_title":"Schenken Sie einen Flug | Kampfjet fliegen mit MiGFug","og_description":"Flug schenken Generell k\u00f6nnen Sie bei uns nichts falsch machen. Wir erlauben eine schnelle und unb\u00fcrokratische Ab\u00e4nderung des Flugs, ein Wechseln des Standorts, eine andere Flugdauer etc - und das alles umsonst. Bei uns sind Sie in guten H\u00e4nden und wir bieten Ihnen die n\u00f6tige Flexibilit\u00e4t, um das Geschenk auch nachtr\u00e4glich noch garantiert passend zu [&hellip;]","og_url":"https:\/\/migflug.com\/de\/flug-schenken\/","og_site_name":"MiGFlug","article_modified_time":"2024-12-11T15:36:52+00:00","twitter_card":"summary_large_image","twitter_misc":{"Gesch\u00e4tzte Lesezeit":"1\u00a0Minute"},"schema":{"@context":"https:\/\/schema.org","@graph":[{"@type":"WebPage","@id":"https:\/\/migflug.com\/de\/flug-schenken\/","url":"https:\/\/migflug.com\/de\/flug-schenken\/","name":"Schenken Sie einen Flug | Kampfjet fliegen mit MiGFug","isPartOf":{"@id":"https:\/\/migflug.com\/de\/#website"},"datePublished":"2017-04-05T14:15:12+00:00","dateModified":"2024-12-11T15:36:52+00:00","breadcrumb":{"@id":"https:\/\/migflug.com\/de\/flug-schenken\/#breadcrumb"},"inLanguage":"de","potentialAction":[{"@type":"ReadAction","target":["https:\/\/migflug.com\/de\/flug-schenken\/"]}]},{"@type":"BreadcrumbList","@id":"https:\/\/migflug.com\/de\/flug-schenken\/#breadcrumb","itemListElement":[{"@type":"ListItem","position":1,"name":"Startseite","item":"https:\/\/migflug.com\/de\/"},{"@type":"ListItem","position":2,"name":"Flug schenken"}]},{"@type":"WebSite","@id":"https:\/\/migflug.com\/de\/#website","url":"https:\/\/migflug.com\/de\/","name":"MiGFlug","description":"Kampfjet Pilot sein f\u00fcr einen Tag!","potentialAction":[{"@type":"SearchAction","target":{"@type":"EntryPoint","urlTemplate":"https:\/\/migflug.com\/de\/?s={search_term_string}"},"query-input":{"@type":"PropertyValueSpecification","valueRequired":true,"valueName":"search_term_string"}}],"inLanguage":"de"}]}},"_links":{"self":[{"href":"https:\/\/migflug.com\/de\/wp-json\/wp\/v2\/pages\/62","targetHints":{"allow":["GET"]}}],"collection":[{"href":"https:\/\/migflug.com\/de\/wp-json\/wp\/v2\/pages"}],"about":[{"href":"https:\/\/migflug.com\/de\/wp-json\/wp\/v2\/types\/page"}],"author":[{"embeddable":true,"href":"https:\/\/migflug.com\/de\/wp-json\/wp\/v2\/users\/1"}],"replies":[{"embeddable":true,"href":"https:\/\/migflug.com\/de\/wp-json\/wp\/v2\/comments?post=62"}],"version-history":[{"count":0,"href":"https:\/\/migflug.com\/de\/wp-json\/wp\/v2\/pages\/62\/revisions"}],"wp:attachment":[{"href":"https:\/\/migflug.com\/de\/wp-json\/wp\/v2\/media?parent=62"}],"curies":[{"name":"wp","href":"https:\/\/api.w.org\/{rel}","templated":true}]}}