{"id":64,"date":"2017-04-05T16:17:36","date_gmt":"2017-04-05T14:17:36","guid":{"rendered":"http:\/\/migflug.com\/de\/?page_id=64"},"modified":"2018-10-23T19:45:23","modified_gmt":"2018-10-23T17:45:23","slug":"jets","status":"publish","type":"page","link":"https:\/\/migflug.com\/de\/jets\/","title":{"rendered":"Flugzeuge \/ Jets"},"content":{"rendered":"<p>[et_pb_section bb_built=&#8221;1&#8243; admin_label=&#8221;Section&#8221; fullwidth=&#8221;on&#8221; specialty=&#8221;off&#8221; next_background_color=&#8221;#efefef&#8221;][et_pb_fullwidth_image src=&#8221;https:\/\/ml5psubhxdln.i.optimole.com\/cb:4COK.b5e9\/w:auto\/h:auto\/q:90\/https:\/\/migflug.com\/wp-content\/uploads\/2017\/01\/l-39-albatros.jpg&#8221; show_in_lightbox=&#8221;off&#8221; url_new_window=&#8221;off&#8221; use_overlay=&#8221;off&#8221; animation=&#8221;off&#8221; use_border_color=&#8221;off&#8221; border_color=&#8221;#ffffff&#8221; border_style=&#8221;solid&#8221; animation_style=&#8221;none&#8221; animation_duration=&#8221;1000ms&#8221; animation_intensity_slide=&#8221;50%&#8221; \/][\/et_pb_section][et_pb_section bb_built=&#8221;1&#8243; admin_label=&#8221;Section&#8221; specialty=&#8221;off&#8221; background_color=&#8221;#efefef&#8221; parallax_method=&#8221;off&#8221; _builder_version=&#8221;3.15&#8243; background_color_gradient_end=&#8221;#1d4092&#8243; background_color_gradient_end_position=&#8221;69%&#8221; custom_padding_tablet=&#8221;50px|0|50px|0&#8243; custom_padding_last_edited=&#8221;on|desktop&#8221; prev_background_color=&#8221;#ffffff&#8221; next_background_color=&#8221;#ffffff&#8221;][et_pb_row admin_label=&#8221;Row&#8221; make_fullwidth=&#8221;off&#8221; use_custom_width=&#8221;off&#8221; width_unit=&#8221;on&#8221; use_custom_gutter=&#8221;off&#8221; padding_mobile=&#8221;off&#8221; allow_player_pause=&#8221;off&#8221; parallax=&#8221;off&#8221; parallax_method=&#8221;off&#8221; make_equal=&#8221;off&#8221; parallax_1=&#8221;off&#8221; parallax_method_1=&#8221;off&#8221; column_padding_mobile=&#8221;on&#8221; background_position=&#8221;top_left&#8221; background_repeat=&#8221;repeat&#8221; background_size=&#8221;initial&#8221;][et_pb_column type=&#8221;4_4&#8243;][et_pb_text admin_label=&#8221;Welcher Jet ist der Richtige f\u00fcr Sie?&#8221; background_position=&#8221;top_left&#8221; background_repeat=&#8221;repeat&#8221; background_size=&#8221;initial&#8221; _builder_version=&#8221;3.15&#8243;]<\/p>\n<h1>Welcher Jet ist der Richtige f\u00fcr Sie?<\/h1>\n<p class=\"main-text\">Unsere Kundschaft hat einen klaren Favoriten: Die L-39 Albatros. Sie ist beliebt bei Piloten und Kunden gleichermassen. Da die L-39 Albatros als Jet-Trainer gebaut wurde, geniessen Sie als Kunde die gleiche Freiheit und Sicht wie der Pilot mit dem Sie fliegen. Aus diesem Grund haben wir unser Angebot an L-39 Fl\u00fcgen stets verdichtet, so dass wir auch in Ihrer N\u00e4he ein optimales Flugprogramm bieten k\u00f6nnen. Wenn Sie einen \u00dcberschallflug buchen m\u00f6chten, bieten wir Ihnen die Wahl zwischen einem MiG-29-Flug in Russland oder der English Electric Lightning in S\u00fcdafrika. \u00dcberschallfl\u00fcge sind jedoch wesentlich teurer als die L-39 Fl\u00fcge. Ausserdem empfehlen wir auf jeden Fall, sich zuerst in einer L-39 an einen Flug im Kampfjet zu gew\u00f6hnen.<\/p>\n<p>[\/et_pb_text][\/et_pb_column][\/et_pb_row][\/et_pb_section][et_pb_section bb_built=&#8221;1&#8243; admin_label=&#8221;section&#8221; prev_background_color=&#8221;#efefef&#8221;][et_pb_row admin_label=&#8221;Row&#8221; background_position=&#8221;top_left&#8221; background_repeat=&#8221;repeat&#8221; background_size=&#8221;initial&#8221;][et_pb_column type=&#8221;4_4&#8243;][et_pb_filterable_portfolio admin_label=&#8221;Filterable Portfolio&#8221; fullwidth=&#8221;off&#8221; posts_number=&#8221;16&#8243; include_categories=&#8221;18,17,19&#8243; hover_overlay_color=&#8221;rgba(255,255,255,0.9)&#8221; use_border_color=&#8221;off&#8221; background_position=&#8221;top_left&#8221; background_repeat=&#8221;repeat&#8221; background_size=&#8221;initial&#8221; _builder_version=&#8221;3.15&#8243; zoom_icon_color=&#8221;#1d4092&#8243; \/][\/et_pb_column][\/et_pb_row][\/et_pb_section]<\/p>\n","protected":false},"excerpt":{"rendered":"<p>Welcher Jet ist der Richtige f\u00fcr Sie? Unsere Kundschaft hat einen klaren Favoriten: Die L-39 Albatros. Sie ist beliebt bei Piloten und Kunden gleichermassen. Da die L-39 Albatros als Jet-Trainer gebaut wurde, geniessen Sie als Kunde die gleiche Freiheit und Sicht wie der Pilot mit dem Sie fliegen. Aus diesem Grund haben wir unser Angebot [&hellip;]<\/p>\n","protected":false},"author":1,"featured_media":0,"parent":0,"menu_order":0,"comment_status":"closed","ping_status":"closed","template":"","meta":{"_et_pb_use_builder":"on","_et_pb_old_content":"","_et_gb_content_width":"","editor_notices":[],"footnotes":""},"class_list":["post-64","page","type-page","status-publish","hentry"],"yoast_head":"<!-- This site is optimized with the Yoast SEO plugin v27.3 - https:\/\/yoast.com\/product\/yoast-seo-wordpress\/ -->\n<title>Welcher Jet ist der richtige f\u00fcr einen Mitflug f\u00fcr mich? | MiGFlug.com<\/title>\n<meta name=\"description\" content=\"Hier finden Sie eine hilfreiche \u00dcbersicht mit allen unseren Jets - damit Sie einfach den richtigen Jet f\u00fcr Sie finden. Wir helfen gerne bei der Auswahl!\" \/>\n<meta name=\"robots\" content=\"index, follow, max-snippet:-1, max-image-preview:large, max-video-preview:-1\" \/>\n<link rel=\"canonical\" href=\"https:\/\/migflug.com\/de\/jets\/\" \/>\n<meta property=\"og:locale\" content=\"de_DE\" \/>\n<meta property=\"og:type\" content=\"article\" \/>\n<meta property=\"og:title\" content=\"Welcher Jet ist der richtige f\u00fcr einen Mitflug f\u00fcr mich? | MiGFlug.com\" \/>\n<meta property=\"og:description\" content=\"Hier finden Sie eine hilfreiche \u00dcbersicht mit allen unseren Jets - damit Sie einfach den richtigen Jet f\u00fcr Sie finden. Wir helfen gerne bei der Auswahl!\" \/>\n<meta property=\"og:url\" content=\"https:\/\/migflug.com\/de\/jets\/\" \/>\n<meta property=\"og:site_name\" content=\"MiGFlug\" \/>\n<meta property=\"article:modified_time\" content=\"2018-10-23T17:45:23+00:00\" \/>\n<meta name=\"twitter:card\" content=\"summary_large_image\" \/>\n<meta name=\"twitter:label1\" content=\"Gesch\u00e4tzte Lesezeit\" \/>\n\t<meta name=\"twitter:data1\" content=\"2\u00a0Minuten\" \/>\n<script type=\"application\/ld+json\" class=\"yoast-schema-graph\">{\"@context\":\"https:\\\/\\\/schema.org\",\"@graph\":[{\"@type\":\"WebPage\",\"@id\":\"https:\\\/\\\/migflug.com\\\/de\\\/jets\\\/\",\"url\":\"https:\\\/\\\/migflug.com\\\/de\\\/jets\\\/\",\"name\":\"Welcher Jet ist der richtige f\u00fcr einen Mitflug f\u00fcr mich? | MiGFlug.com\",\"isPartOf\":{\"@id\":\"https:\\\/\\\/migflug.com\\\/de\\\/#website\"},\"datePublished\":\"2017-04-05T14:17:36+00:00\",\"dateModified\":\"2018-10-23T17:45:23+00:00\",\"description\":\"Hier finden Sie eine hilfreiche \u00dcbersicht mit allen unseren Jets - damit Sie einfach den richtigen Jet f\u00fcr Sie finden. Wir helfen gerne bei der Auswahl!\",\"breadcrumb\":{\"@id\":\"https:\\\/\\\/migflug.com\\\/de\\\/jets\\\/#breadcrumb\"},\"inLanguage\":\"de\",\"potentialAction\":[{\"@type\":\"ReadAction\",\"target\":[\"https:\\\/\\\/migflug.com\\\/de\\\/jets\\\/\"]}]},{\"@type\":\"BreadcrumbList\",\"@id\":\"https:\\\/\\\/migflug.com\\\/de\\\/jets\\\/#breadcrumb\",\"itemListElement\":[{\"@type\":\"ListItem\",\"position\":1,\"name\":\"Startseite\",\"item\":\"https:\\\/\\\/migflug.com\\\/de\\\/\"},{\"@type\":\"ListItem\",\"position\":2,\"name\":\"Flugzeuge \\\/ Jets\"}]},{\"@type\":\"WebSite\",\"@id\":\"https:\\\/\\\/migflug.com\\\/de\\\/#website\",\"url\":\"https:\\\/\\\/migflug.com\\\/de\\\/\",\"name\":\"MiGFlug\",\"description\":\"Kampfjet Pilot sein f\u00fcr einen Tag!\",\"potentialAction\":[{\"@type\":\"SearchAction\",\"target\":{\"@type\":\"EntryPoint\",\"urlTemplate\":\"https:\\\/\\\/migflug.com\\\/de\\\/?s={search_term_string}\"},\"query-input\":{\"@type\":\"PropertyValueSpecification\",\"valueRequired\":true,\"valueName\":\"search_term_string\"}}],\"inLanguage\":\"de\"}]}<\/script>\n<!-- \/ Yoast SEO plugin. -->","yoast_head_json":{"title":"Welcher Jet ist der richtige f\u00fcr einen Mitflug f\u00fcr mich? | MiGFlug.com","description":"Hier finden Sie eine hilfreiche \u00dcbersicht mit allen unseren Jets - damit Sie einfach den richtigen Jet f\u00fcr Sie finden. Wir helfen gerne bei der Auswahl!","robots":{"index":"index","follow":"follow","max-snippet":"max-snippet:-1","max-image-preview":"max-image-preview:large","max-video-preview":"max-video-preview:-1"},"canonical":"https:\/\/migflug.com\/de\/jets\/","og_locale":"de_DE","og_type":"article","og_title":"Welcher Jet ist der richtige f\u00fcr einen Mitflug f\u00fcr mich? | MiGFlug.com","og_description":"Hier finden Sie eine hilfreiche \u00dcbersicht mit allen unseren Jets - damit Sie einfach den richtigen Jet f\u00fcr Sie finden. Wir helfen gerne bei der Auswahl!","og_url":"https:\/\/migflug.com\/de\/jets\/","og_site_name":"MiGFlug","article_modified_time":"2018-10-23T17:45:23+00:00","twitter_card":"summary_large_image","twitter_misc":{"Gesch\u00e4tzte Lesezeit":"2\u00a0Minuten"},"schema":{"@context":"https:\/\/schema.org","@graph":[{"@type":"WebPage","@id":"https:\/\/migflug.com\/de\/jets\/","url":"https:\/\/migflug.com\/de\/jets\/","name":"Welcher Jet ist der richtige f\u00fcr einen Mitflug f\u00fcr mich? | MiGFlug.com","isPartOf":{"@id":"https:\/\/migflug.com\/de\/#website"},"datePublished":"2017-04-05T14:17:36+00:00","dateModified":"2018-10-23T17:45:23+00:00","description":"Hier finden Sie eine hilfreiche \u00dcbersicht mit allen unseren Jets - damit Sie einfach den richtigen Jet f\u00fcr Sie finden. Wir helfen gerne bei der Auswahl!","breadcrumb":{"@id":"https:\/\/migflug.com\/de\/jets\/#breadcrumb"},"inLanguage":"de","potentialAction":[{"@type":"ReadAction","target":["https:\/\/migflug.com\/de\/jets\/"]}]},{"@type":"BreadcrumbList","@id":"https:\/\/migflug.com\/de\/jets\/#breadcrumb","itemListElement":[{"@type":"ListItem","position":1,"name":"Startseite","item":"https:\/\/migflug.com\/de\/"},{"@type":"ListItem","position":2,"name":"Flugzeuge \/ Jets"}]},{"@type":"WebSite","@id":"https:\/\/migflug.com\/de\/#website","url":"https:\/\/migflug.com\/de\/","name":"MiGFlug","description":"Kampfjet Pilot sein f\u00fcr einen Tag!","potentialAction":[{"@type":"SearchAction","target":{"@type":"EntryPoint","urlTemplate":"https:\/\/migflug.com\/de\/?s={search_term_string}"},"query-input":{"@type":"PropertyValueSpecification","valueRequired":true,"valueName":"search_term_string"}}],"inLanguage":"de"}]}},"_links":{"self":[{"href":"https:\/\/migflug.com\/de\/wp-json\/wp\/v2\/pages\/64","targetHints":{"allow":["GET"]}}],"collection":[{"href":"https:\/\/migflug.com\/de\/wp-json\/wp\/v2\/pages"}],"about":[{"href":"https:\/\/migflug.com\/de\/wp-json\/wp\/v2\/types\/page"}],"author":[{"embeddable":true,"href":"https:\/\/migflug.com\/de\/wp-json\/wp\/v2\/users\/1"}],"replies":[{"embeddable":true,"href":"https:\/\/migflug.com\/de\/wp-json\/wp\/v2\/comments?post=64"}],"version-history":[{"count":0,"href":"https:\/\/migflug.com\/de\/wp-json\/wp\/v2\/pages\/64\/revisions"}],"wp:attachment":[{"href":"https:\/\/migflug.com\/de\/wp-json\/wp\/v2\/media?parent=64"}],"curies":[{"name":"wp","href":"https:\/\/api.w.org\/{rel}","templated":true}]}}