{"id":78,"date":"2017-04-05T16:22:48","date_gmt":"2017-04-05T14:22:48","guid":{"rendered":"http:\/\/migflug.com\/de\/?page_id=78"},"modified":"2021-12-09T17:01:49","modified_gmt":"2021-12-09T16:01:49","slug":"referenzen","status":"publish","type":"page","link":"https:\/\/migflug.com\/de\/referenzen\/","title":{"rendered":"What our customers say about their MiGFlug.com experience:"},"content":{"rendered":"<p>[et_pb_section fb_built=&#8221;1&#8243; fullwidth=&#8221;on&#8221; admin_label=&#8221;Sektion&#8221; _builder_version=&#8221;3.22&#8243; global_colors_info=&#8221;{}&#8221;][et_pb_fullwidth_image src=&#8221;https:\/\/ml5psubhxdln.i.optimole.com\/cb:4COK.b5e9\/w:auto\/h:auto\/q:90\/https:\/\/migflug.com\/de\/wp-content\/uploads\/sites\/2\/2021\/12\/referenzen-21.jpg&#8221; alt=&#8221;Referenzen und Testimonials &#8211; MiGFlug GmbH&#8221; disabled_on=&#8221;on|off|off&#8221; admin_label=&#8221;Volle Breite des Bildes&#8221; _builder_version=&#8221;4.14.2&#8243; hover_enabled=&#8221;0&#8243; animation=&#8221;off&#8221; use_border_color=&#8221;off&#8221; border_color=&#8221;#ffffff&#8221; border_style=&#8221;solid&#8221; global_colors_info=&#8221;{}&#8221; title_text=&#8221;referenzen-21&#8243; sticky_enabled=&#8221;0&#8243;][\/et_pb_fullwidth_image][et_pb_fullwidth_image src=&#8221;https:\/\/ml5psubhxdln.i.optimole.com\/cb:4COK.b5e9\/w:auto\/h:auto\/q:90\/https:\/\/migflug.com\/de\/wp-content\/uploads\/sites\/2\/2021\/12\/l-39-riga-baltic-bees-mo-2-21-1.jpg&#8221; alt=&#8221;Referenzen und Testimonials &#8211; MiGFlug GmbH&#8221; disabled_on=&#8221;|on|on&#8221; admin_label=&#8221;Volle Breite des Bildes&#8221; _builder_version=&#8221;4.14.2&#8243; hover_enabled=&#8221;0&#8243; animation=&#8221;off&#8221; use_border_color=&#8221;off&#8221; border_color=&#8221;#ffffff&#8221; border_style=&#8221;solid&#8221; global_colors_info=&#8221;{}&#8221; title_text=&#8221;l-39-riga-baltic-bees-mo-2-21&#8243; sticky_enabled=&#8221;0&#8243;][\/et_pb_fullwidth_image][\/et_pb_section][et_pb_section fb_built=&#8221;1&#8243; admin_label=&#8221;Sektion&#8221; _builder_version=&#8221;3.22&#8243; global_colors_info=&#8221;{}&#8221;][et_pb_row admin_label=&#8221;Zeile&#8221; _builder_version=&#8221;3.25&#8243; background_size=&#8221;initial&#8221; background_position=&#8221;top_left&#8221; background_repeat=&#8221;repeat&#8221; global_colors_info=&#8221;{}&#8221;][et_pb_column type=&#8221;4_4&#8243; _builder_version=&#8221;3.25&#8243; custom_padding=&#8221;|||&#8221; global_colors_info=&#8221;{}&#8221; custom_padding__hover=&#8221;|||&#8221;][et_pb_text admin_label=&#8221;Text&#8221; _builder_version=&#8221;3.27.4&#8243; background_size=&#8221;initial&#8221; background_position=&#8221;top_left&#8221; background_repeat=&#8221;repeat&#8221; use_border_color=&#8221;off&#8221; border_color=&#8221;#ffffff&#8221; border_style=&#8221;solid&#8221; global_colors_info=&#8221;{}&#8221;]<\/p>\n<h1>Referenzen: Begeisterte Kunden sind unser bestes Zeugnis<\/h1>\n<p class=\"main-text\">Seit 2004 durften wir hunderte Kunden aus Australien, Deutschland, Frankreich, England, Hong Kong, Kanada, den USA, der Schweiz, Slowenien, Saudi-Arabien, \u00d6sterreich und weiteren L\u00e4ndern begr\u00fcssen.<\/p>\n<p class=\"main-text\">Hier finden Sie einige R\u00fcckmeldungen, die wir von begeisterten Kunden erhalten haben. Wenn Sie pers\u00f6nliche Fragen an unsere Kunden haben, kontaktieren Sie uns bitte &#8211; gerne stellen wir f\u00fcr Sie den Kontakt her.<\/p>\n<p>[\/et_pb_text][et_pb_text admin_label=&#8221;Shortcode&#8221; _builder_version=&#8221;3.27.4&#8243; background_size=&#8221;initial&#8221; background_position=&#8221;top_left&#8221; background_repeat=&#8221;repeat&#8221; use_border_color=&#8221;off&#8221; border_color=&#8221;#ffffff&#8221; border_style=&#8221;solid&#8221; global_colors_info=&#8221;{}&#8221;][show-testimonials alias=&#8217;All Testmonials&#8217;]<br \/>\n[\/et_pb_text][\/et_pb_column][\/et_pb_row][\/et_pb_section]<\/p>\n","protected":false},"excerpt":{"rendered":"<p>Referenzen: Begeisterte Kunden sind unser bestes Zeugnis Seit 2004 durften wir hunderte Kunden aus Australien, Deutschland, Frankreich, England, Hong Kong, Kanada, den USA, der Schweiz, Slowenien, Saudi-Arabien, \u00d6sterreich und weiteren L\u00e4ndern begr\u00fcssen. Hier finden Sie einige R\u00fcckmeldungen, die wir von begeisterten Kunden erhalten haben. Wenn Sie pers\u00f6nliche Fragen an unsere Kunden haben, kontaktieren Sie uns [&hellip;]<\/p>\n","protected":false},"author":1,"featured_media":0,"parent":0,"menu_order":0,"comment_status":"closed","ping_status":"closed","template":"","meta":{"_et_pb_use_builder":"on","_et_pb_old_content":"","_et_gb_content_width":"","editor_notices":[],"footnotes":""},"class_list":["post-78","page","type-page","status-publish","hentry"],"yoast_head":"<!-- This site is optimized with the Yoast SEO plugin v27.3 - https:\/\/yoast.com\/product\/yoast-seo-wordpress\/ -->\n<title>Referenzen: Qualit\u00e4t zahlt sich aus - hier Kundenstimmen zu MiGFlug.com<\/title>\n<meta name=\"description\" content=\"Was sagen die Kunden \u00fcber uns? Hier einige Stimmen. F\u00fcr direkten Kontakt mit bisherigen Kunden bitte bei uns anfragen. Gerne stellen wir den Kontakt her.\" \/>\n<meta name=\"robots\" content=\"index, follow, max-snippet:-1, max-image-preview:large, max-video-preview:-1\" \/>\n<link rel=\"canonical\" href=\"https:\/\/migflug.com\/de\/referenzen\/\" \/>\n<meta property=\"og:locale\" content=\"de_DE\" \/>\n<meta property=\"og:type\" content=\"article\" \/>\n<meta property=\"og:title\" content=\"Referenzen: Qualit\u00e4t zahlt sich aus - hier Kundenstimmen zu MiGFlug.com\" \/>\n<meta property=\"og:description\" content=\"Was sagen die Kunden \u00fcber uns? Hier einige Stimmen. F\u00fcr direkten Kontakt mit bisherigen Kunden bitte bei uns anfragen. Gerne stellen wir den Kontakt her.\" \/>\n<meta property=\"og:url\" content=\"https:\/\/migflug.com\/de\/referenzen\/\" \/>\n<meta property=\"og:site_name\" content=\"MiGFlug\" \/>\n<meta property=\"article:modified_time\" content=\"2021-12-09T16:01:49+00:00\" \/>\n<meta name=\"twitter:card\" content=\"summary_large_image\" \/>\n<meta name=\"twitter:label1\" content=\"Gesch\u00e4tzte Lesezeit\" \/>\n\t<meta name=\"twitter:data1\" content=\"2\u00a0Minuten\" \/>\n<script type=\"application\/ld+json\" class=\"yoast-schema-graph\">{\"@context\":\"https:\\\/\\\/schema.org\",\"@graph\":[{\"@type\":\"WebPage\",\"@id\":\"https:\\\/\\\/migflug.com\\\/de\\\/referenzen\\\/\",\"url\":\"https:\\\/\\\/migflug.com\\\/de\\\/referenzen\\\/\",\"name\":\"Referenzen: Qualit\u00e4t zahlt sich aus - hier Kundenstimmen zu MiGFlug.com\",\"isPartOf\":{\"@id\":\"https:\\\/\\\/migflug.com\\\/de\\\/#website\"},\"datePublished\":\"2017-04-05T14:22:48+00:00\",\"dateModified\":\"2021-12-09T16:01:49+00:00\",\"description\":\"Was sagen die Kunden \u00fcber uns? Hier einige Stimmen. F\u00fcr direkten Kontakt mit bisherigen Kunden bitte bei uns anfragen. Gerne stellen wir den Kontakt her.\",\"breadcrumb\":{\"@id\":\"https:\\\/\\\/migflug.com\\\/de\\\/referenzen\\\/#breadcrumb\"},\"inLanguage\":\"de\",\"potentialAction\":[{\"@type\":\"ReadAction\",\"target\":[\"https:\\\/\\\/migflug.com\\\/de\\\/referenzen\\\/\"]}]},{\"@type\":\"BreadcrumbList\",\"@id\":\"https:\\\/\\\/migflug.com\\\/de\\\/referenzen\\\/#breadcrumb\",\"itemListElement\":[{\"@type\":\"ListItem\",\"position\":1,\"name\":\"Startseite\",\"item\":\"https:\\\/\\\/migflug.com\\\/de\\\/\"},{\"@type\":\"ListItem\",\"position\":2,\"name\":\"What our customers say about their MiGFlug.com experience:\"}]},{\"@type\":\"WebSite\",\"@id\":\"https:\\\/\\\/migflug.com\\\/de\\\/#website\",\"url\":\"https:\\\/\\\/migflug.com\\\/de\\\/\",\"name\":\"MiGFlug\",\"description\":\"Kampfjet Pilot sein f\u00fcr einen Tag!\",\"potentialAction\":[{\"@type\":\"SearchAction\",\"target\":{\"@type\":\"EntryPoint\",\"urlTemplate\":\"https:\\\/\\\/migflug.com\\\/de\\\/?s={search_term_string}\"},\"query-input\":{\"@type\":\"PropertyValueSpecification\",\"valueRequired\":true,\"valueName\":\"search_term_string\"}}],\"inLanguage\":\"de\"}]}<\/script>\n<!-- \/ Yoast SEO plugin. -->","yoast_head_json":{"title":"Referenzen: Qualit\u00e4t zahlt sich aus - hier Kundenstimmen zu MiGFlug.com","description":"Was sagen die Kunden \u00fcber uns? Hier einige Stimmen. F\u00fcr direkten Kontakt mit bisherigen Kunden bitte bei uns anfragen. Gerne stellen wir den Kontakt her.","robots":{"index":"index","follow":"follow","max-snippet":"max-snippet:-1","max-image-preview":"max-image-preview:large","max-video-preview":"max-video-preview:-1"},"canonical":"https:\/\/migflug.com\/de\/referenzen\/","og_locale":"de_DE","og_type":"article","og_title":"Referenzen: Qualit\u00e4t zahlt sich aus - hier Kundenstimmen zu MiGFlug.com","og_description":"Was sagen die Kunden \u00fcber uns? Hier einige Stimmen. F\u00fcr direkten Kontakt mit bisherigen Kunden bitte bei uns anfragen. Gerne stellen wir den Kontakt her.","og_url":"https:\/\/migflug.com\/de\/referenzen\/","og_site_name":"MiGFlug","article_modified_time":"2021-12-09T16:01:49+00:00","twitter_card":"summary_large_image","twitter_misc":{"Gesch\u00e4tzte Lesezeit":"2\u00a0Minuten"},"schema":{"@context":"https:\/\/schema.org","@graph":[{"@type":"WebPage","@id":"https:\/\/migflug.com\/de\/referenzen\/","url":"https:\/\/migflug.com\/de\/referenzen\/","name":"Referenzen: Qualit\u00e4t zahlt sich aus - hier Kundenstimmen zu MiGFlug.com","isPartOf":{"@id":"https:\/\/migflug.com\/de\/#website"},"datePublished":"2017-04-05T14:22:48+00:00","dateModified":"2021-12-09T16:01:49+00:00","description":"Was sagen die Kunden \u00fcber uns? Hier einige Stimmen. F\u00fcr direkten Kontakt mit bisherigen Kunden bitte bei uns anfragen. Gerne stellen wir den Kontakt her.","breadcrumb":{"@id":"https:\/\/migflug.com\/de\/referenzen\/#breadcrumb"},"inLanguage":"de","potentialAction":[{"@type":"ReadAction","target":["https:\/\/migflug.com\/de\/referenzen\/"]}]},{"@type":"BreadcrumbList","@id":"https:\/\/migflug.com\/de\/referenzen\/#breadcrumb","itemListElement":[{"@type":"ListItem","position":1,"name":"Startseite","item":"https:\/\/migflug.com\/de\/"},{"@type":"ListItem","position":2,"name":"What our customers say about their MiGFlug.com experience:"}]},{"@type":"WebSite","@id":"https:\/\/migflug.com\/de\/#website","url":"https:\/\/migflug.com\/de\/","name":"MiGFlug","description":"Kampfjet Pilot sein f\u00fcr einen Tag!","potentialAction":[{"@type":"SearchAction","target":{"@type":"EntryPoint","urlTemplate":"https:\/\/migflug.com\/de\/?s={search_term_string}"},"query-input":{"@type":"PropertyValueSpecification","valueRequired":true,"valueName":"search_term_string"}}],"inLanguage":"de"}]}},"_links":{"self":[{"href":"https:\/\/migflug.com\/de\/wp-json\/wp\/v2\/pages\/78","targetHints":{"allow":["GET"]}}],"collection":[{"href":"https:\/\/migflug.com\/de\/wp-json\/wp\/v2\/pages"}],"about":[{"href":"https:\/\/migflug.com\/de\/wp-json\/wp\/v2\/types\/page"}],"author":[{"embeddable":true,"href":"https:\/\/migflug.com\/de\/wp-json\/wp\/v2\/users\/1"}],"replies":[{"embeddable":true,"href":"https:\/\/migflug.com\/de\/wp-json\/wp\/v2\/comments?post=78"}],"version-history":[{"count":0,"href":"https:\/\/migflug.com\/de\/wp-json\/wp\/v2\/pages\/78\/revisions"}],"wp:attachment":[{"href":"https:\/\/migflug.com\/de\/wp-json\/wp\/v2\/media?parent=78"}],"curies":[{"name":"wp","href":"https:\/\/api.w.org\/{rel}","templated":true}]}}