{"id":7370,"date":"2024-06-24T21:16:03","date_gmt":"2024-06-24T19:16:03","guid":{"rendered":"https:\/\/dsmhqr1wpi.onrocket.site\/?page_id=7370"},"modified":"2025-02-06T10:59:19","modified_gmt":"2025-02-06T09:59:19","slug":"l-39-albatros-texas","status":"publish","type":"page","link":"https:\/\/migflug.com\/es\/precios-de-vuelos\/l-39-albatros-texas\/","title":{"rendered":"L-39 Albatros en Texas, EE. UU."},"content":{"rendered":"","protected":true},"excerpt":{"rendered":"","protected":true},"author":10,"featured_media":0,"parent":52,"menu_order":0,"comment_status":"closed","ping_status":"closed","template":"","meta":{"_et_pb_use_builder":"on","_et_pb_old_content":"","_et_gb_content_width":"","editor_notices":[],"footnotes":""},"class_list":["post-7370","page","type-page","status-publish","post-password-required","hentry"],"yoast_head":"<!-- This site is optimized with the Yoast SEO plugin v27.3 - https:\/\/yoast.com\/product\/yoast-seo-wordpress\/ -->\n<title>Fighter jet flight in Texas | MiGFlug.com<\/title>\n<meta name=\"description\" content=\"Get ready for an extraordinary Fighter jet flight in Texas that will leave a lasting impression on your life.\" \/>\n<meta name=\"robots\" content=\"index, follow, max-snippet:-1, max-image-preview:large, max-video-preview:-1\" \/>\n<link rel=\"canonical\" href=\"https:\/\/migflug.com\/es\/precios-de-vuelos\/l-39-albatros-texas\/\" \/>\n<meta property=\"og:locale\" content=\"es_ES\" \/>\n<meta property=\"og:type\" content=\"article\" \/>\n<meta property=\"og:title\" content=\"Fighter jet flight in Texas | MiGFlug.com\" \/>\n<meta property=\"og:description\" content=\"Get ready for an extraordinary Fighter jet flight in Texas that will leave a lasting impression on your life.\" \/>\n<meta property=\"og:url\" content=\"https:\/\/migflug.com\/es\/precios-de-vuelos\/l-39-albatros-texas\/\" \/>\n<meta property=\"og:site_name\" content=\"MiGFlug\" \/>\n<meta property=\"article:modified_time\" content=\"2025-02-06T09:59:19+00:00\" \/>\n<meta name=\"twitter:card\" content=\"summary_large_image\" \/>\n<meta name=\"twitter:label1\" content=\"Tiempo de lectura\" \/>\n\t<meta name=\"twitter:data1\" content=\"4 minutos\" \/>\n<script type=\"application\/ld+json\" class=\"yoast-schema-graph\">{\"@context\":\"https:\\\/\\\/schema.org\",\"@graph\":[{\"@type\":\"WebPage\",\"@id\":\"https:\\\/\\\/migflug.com\\\/flights-prices\\\/l-39-albatros-texas\\\/\",\"url\":\"https:\\\/\\\/migflug.com\\\/flights-prices\\\/l-39-albatros-texas\\\/\",\"name\":\"Fighter jet flight in Texas | MiGFlug.com\",\"isPartOf\":{\"@id\":\"https:\\\/\\\/migflug.com\\\/#website\"},\"datePublished\":\"2024-06-24T19:16:03+00:00\",\"dateModified\":\"2025-02-06T09:59:19+00:00\",\"breadcrumb\":{\"@id\":\"https:\\\/\\\/migflug.com\\\/flights-prices\\\/l-39-albatros-texas\\\/#breadcrumb\"},\"inLanguage\":\"es\"},{\"@type\":\"WebSite\",\"@id\":\"https:\\\/\\\/migflug.com\\\/#website\",\"url\":\"https:\\\/\\\/migflug.com\\\/\",\"name\":\"MiGFlug\",\"description\":\"Fly a Jet Fighter Yourself\",\"publisher\":{\"@id\":\"https:\\\/\\\/migflug.com\\\/#organization\"},\"potentialAction\":[{\"@type\":\"SearchAction\",\"target\":{\"@type\":\"EntryPoint\",\"urlTemplate\":\"https:\\\/\\\/migflug.com\\\/?s={search_term_string}\"},\"query-input\":{\"@type\":\"PropertyValueSpecification\",\"valueRequired\":true,\"valueName\":\"search_term_string\"}}],\"inLanguage\":\"es\"},{\"@type\":\"Organization\",\"@id\":\"https:\\\/\\\/migflug.com\\\/#organization\",\"name\":\"MiGFlug GmbH\",\"url\":\"https:\\\/\\\/migflug.com\\\/\",\"logo\":{\"@type\":\"ImageObject\",\"inLanguage\":\"es\",\"@id\":\"https:\\\/\\\/migflug.com\\\/#\\\/schema\\\/logo\\\/image\\\/\",\"url\":\"https:\\/\\/migflug.com\\/wp-content\\/uploads\\/2018\\/10\\/logo-migflug-blue.png\",\"contentUrl\":\"https:\\/\\/migflug.com\\/wp-content\\/uploads\\/2018\\/10\\/logo-migflug-blue.png\",\"width\":200,\"height\":100,\"caption\":\"MiGFlug GmbH\"},\"image\":{\"@id\":\"https:\\\/\\\/migflug.com\\\/#\\\/schema\\\/logo\\\/image\\\/\"}}]}<\/script>\n<!-- \/ Yoast SEO plugin. -->","yoast_head_json":{"title":"Vuelo de un caza en Texas | MiGFlug.com","description":"Prep\u00e1rese para un extraordinario vuelo en avi\u00f3n de combate en Texas que dejar\u00e1 una impresi\u00f3n duradera en su vida.","robots":{"index":"index","follow":"follow","max-snippet":"max-snippet:-1","max-image-preview":"max-image-preview:large","max-video-preview":"max-video-preview:-1"},"canonical":"https:\/\/migflug.com\/es\/precios-de-vuelos\/l-39-albatros-texas\/","og_locale":"es_ES","og_type":"article","og_title":"Fighter jet flight in Texas | MiGFlug.com","og_description":"Get ready for an extraordinary Fighter jet flight in Texas that will leave a lasting impression on your life.","og_url":"https:\/\/migflug.com\/es\/precios-de-vuelos\/l-39-albatros-texas\/","og_site_name":"MiGFlug","article_modified_time":"2025-02-06T09:59:19+00:00","twitter_card":"summary_large_image","twitter_misc":{"Tiempo de lectura":"4 minutos"},"schema":{"@context":"https:\/\/schema.org","@graph":[{"@type":"WebPage","@id":"https:\/\/migflug.com\/flights-prices\/l-39-albatros-texas\/","url":"https:\/\/migflug.com\/flights-prices\/l-39-albatros-texas\/","name":"Vuelo de un caza en Texas | MiGFlug.com","isPartOf":{"@id":"https:\/\/migflug.com\/#website"},"datePublished":"2024-06-24T19:16:03+00:00","dateModified":"2025-02-06T09:59:19+00:00","breadcrumb":{"@id":"https:\/\/migflug.com\/flights-prices\/l-39-albatros-texas\/#breadcrumb"},"inLanguage":"es"},{"@type":"WebSite","@id":"https:\/\/migflug.com\/#website","url":"https:\/\/migflug.com\/","name":"MiGFlug","description":"Vuela t\u00fa mismo un avi\u00f3n de combate","publisher":{"@id":"https:\/\/migflug.com\/#organization"},"potentialAction":[{"@type":"SearchAction","target":{"@type":"EntryPoint","urlTemplate":"https:\/\/migflug.com\/?s={search_term_string}"},"query-input":{"@type":"PropertyValueSpecification","valueRequired":true,"valueName":"search_term_string"}}],"inLanguage":"es"},{"@type":"Organization","@id":"https:\/\/migflug.com\/#organization","name":"MiGFlug GmbH","url":"https:\/\/migflug.com\/","logo":{"@type":"ImageObject","inLanguage":"es","@id":"https:\/\/migflug.com\/#\/schema\/logo\/image\/","url":"https:\/\/migflug.com\/wp-content\/uploads\/2018\/10\/logo-migflug-blue.png","contentUrl":"https:\/\/migflug.com\/wp-content\/uploads\/2018\/10\/logo-migflug-blue.png","width":200,"height":100,"caption":"MiGFlug GmbH"},"image":{"@id":"https:\/\/migflug.com\/#\/schema\/logo\/image\/"}}]}},"_links":{"self":[{"href":"https:\/\/migflug.com\/es\/wp-json\/wp\/v2\/pages\/7370","targetHints":{"allow":["GET"]}}],"collection":[{"href":"https:\/\/migflug.com\/es\/wp-json\/wp\/v2\/pages"}],"about":[{"href":"https:\/\/migflug.com\/es\/wp-json\/wp\/v2\/types\/page"}],"author":[{"embeddable":true,"href":"https:\/\/migflug.com\/es\/wp-json\/wp\/v2\/users\/10"}],"replies":[{"embeddable":true,"href":"https:\/\/migflug.com\/es\/wp-json\/wp\/v2\/comments?post=7370"}],"version-history":[{"count":0,"href":"https:\/\/migflug.com\/es\/wp-json\/wp\/v2\/pages\/7370\/revisions"}],"up":[{"embeddable":true,"href":"https:\/\/migflug.com\/es\/wp-json\/wp\/v2\/pages\/52"}],"wp:attachment":[{"href":"https:\/\/migflug.com\/es\/wp-json\/wp\/v2\/media?parent=7370"}],"curies":[{"name":"gracias","href":"https:\/\/api.w.org\/{rel}","templated":true}]}}