{"id":73,"date":"2017-01-23T11:03:20","date_gmt":"2017-01-23T10:03:20","guid":{"rendered":"http:\/\/migflug.com\/?page_id=73"},"modified":"2025-12-03T07:27:57","modified_gmt":"2025-12-03T06:27:57","slug":"bons-cadeaux","status":"publish","type":"page","link":"https:\/\/migflug.com\/fr\/bons-cadeaux\/","title":{"rendered":"Bons cadeaux"},"content":{"rendered":"<p>[et_pb_section fb_built=&#8221;1&#8243; admin_label=&#8221;section&#8221; _builder_version=&#8221;4.16&#8243; global_colors_info=&#8221;{}&#8221;][et_pb_row admin_label=&#8221;row&#8221; _builder_version=&#8221;4.16&#8243; background_size=&#8221;initial&#8221; background_position=&#8221;top_left&#8221; background_repeat=&#8221;repeat&#8221; global_colors_info=&#8221;{}&#8221;][et_pb_column type=&#8221;4_4&#8243; _builder_version=&#8221;4.16&#8243; custom_padding=&#8221;|||&#8221; global_colors_info=&#8221;{}&#8221; custom_padding__hover=&#8221;|||&#8221;][et_pb_text admin_label=&#8221;Flug schenken &#8211; Introtext&#8221; _builder_version=&#8221;4.16&#8243; custom_padding=&#8221;||0px|||&#8221; global_colors_info=&#8221;{}&#8221;]<\/p>\n<h1>Offrez un cadeau unique et inoubliable<\/h1>\n<p>Nos vols en avion de chasse peuvent \u00eatre offerts sous la forme d&#8217;un bon: avec une date ouverte ou une date fixe, notre large gamme d&#8217;avions nous permet de fixer rapidement et facilement des vols.<\/p>\n<p><strong>Nous permettons une modification rapide et sans paperasse du vol, un changement de lieu, une dur\u00e9e de vol diff\u00e9rente, etc &#8211; le tout gratuitement.<\/strong> Avec nous, vous \u00eates entre de bonnes mains et nous vous offrons la flexibilit\u00e9 n\u00e9cessaire pour faire le cadeau le plus personnel possible. Nous sommes heureux de conseiller le destinataire directement pour lui garantir la meilleure aventure de vol qu&#8217;il ou elle puisse trouver. Dans tous les cas, l&#8217;exp\u00e8rience sera inoubliable.<\/p>\n<p>[\/et_pb_text][\/et_pb_column][\/et_pb_row][\/et_pb_section][et_pb_section fb_built=&#8221;1&#8243; _builder_version=&#8221;4.16&#8243; background_color=&#8221;#efefef&#8221; global_colors_info=&#8221;{}&#8221;][et_pb_row _builder_version=&#8221;4.16&#8243; background_size=&#8221;initial&#8221; background_position=&#8221;top_left&#8221; background_repeat=&#8221;repeat&#8221; global_colors_info=&#8221;{}&#8221;][et_pb_column type=&#8221;4_4&#8243; _builder_version=&#8221;4.16&#8243; custom_padding=&#8221;|||&#8221; global_colors_info=&#8221;{}&#8221; custom_padding__hover=&#8221;|||&#8221;][et_pb_text _builder_version=&#8221;4.27.4&#8243; text_orientation=&#8221;center&#8221; module_alignment=&#8221;center&#8221; hover_enabled=&#8221;0&#8243; global_colors_info=&#8221;{}&#8221; sticky_enabled=&#8221;0&#8243;]<\/p>\n<h1 style=\"text-align: center;\">Veuillez acheter votre bon maintenant<\/h1>\n<p style=\"text-align: center;\">Vous pouvez configurer votre bon en quelques \u00e9tapes seulement. <b>Vous ne pouvez pas vous tromper.<\/b> Nous nous ferons un plaisir de modifier la r\u00e9servation de l&#8217;offre choisie, sans frais suppl\u00e9mentaires.<\/p>\n<p>[\/et_pb_text][\/et_pb_column][\/et_pb_row][et_pb_row _builder_version=&#8221;4.27.4&#8243; _module_preset=&#8221;default&#8221;][et_pb_column _builder_version=&#8221;4.27.4&#8243; _module_preset=&#8221;default&#8221; type=&#8221;4_4&#8243;][et_pb_button _builder_version=&#8221;4.27.4&#8243; _module_preset=&#8221;default&#8221; button_text=&#8221;Veuillez configurer votre cadeau maintenant&#8221; button_url=&#8221;https:\/\/booking.migflug.com\/fr\/?isgift=ADDON-GIFT&#8221; hover_enabled=&#8221;0&#8243; sticky_enabled=&#8221;0&#8243; button_alignment=&#8221;center&#8221;][\/et_pb_button][\/et_pb_column][\/et_pb_row][\/et_pb_section]<\/p>\n","protected":false},"excerpt":{"rendered":"<p>Offrez un cadeau unique et inoubliable Nos vols en avion de chasse peuvent \u00eatre offerts sous la forme d&#8217;un bon: avec une date ouverte ou une date fixe, notre large gamme d&#8217;avions nous permet de fixer rapidement et facilement des vols. Nous permettons une modification rapide et sans paperasse du vol, un changement de lieu, [&hellip;]<\/p>\n","protected":false},"author":1,"featured_media":0,"parent":0,"menu_order":0,"comment_status":"closed","ping_status":"closed","template":"","meta":{"_et_pb_use_builder":"on","_et_pb_old_content":"","_et_gb_content_width":"","editor_notices":[],"footnotes":""},"class_list":["post-73","page","type-page","status-publish","hentry"],"yoast_head":"<!-- This site is optimized with the Yoast SEO plugin v27.3 - https:\/\/yoast.com\/product\/yoast-seo-wordpress\/ -->\n<title>Offrez un cadeau unique: le ch\u00e8que-cadeau | MiGFlug.com<\/title>\n<meta name=\"description\" content=\"Offrez le cadeau parfait: un vol en avion de chasse. Pas de risques: le jet et la dates sont modifiables \u00e0 tout moment. Un vaste choix de lieux de d\u00e9part.\" \/>\n<meta name=\"robots\" content=\"index, follow, max-snippet:-1, max-image-preview:large, max-video-preview:-1\" \/>\n<link rel=\"canonical\" href=\"https:\/\/migflug.com\/fr\/bons-cadeaux\/\" \/>\n<meta property=\"og:locale\" content=\"fr_FR\" \/>\n<meta property=\"og:type\" content=\"article\" \/>\n<meta property=\"og:title\" content=\"Offrez un cadeau unique: le ch\u00e8que-cadeau | MiGFlug.com\" \/>\n<meta property=\"og:description\" content=\"Offrez le cadeau parfait: un vol en avion de chasse. Pas de risques: le jet et la dates sont modifiables \u00e0 tout moment. Un vaste choix de lieux de d\u00e9part.\" \/>\n<meta property=\"og:url\" content=\"https:\/\/migflug.com\/fr\/bons-cadeaux\/\" \/>\n<meta property=\"og:site_name\" content=\"MiGFlug\" \/>\n<meta property=\"article:modified_time\" content=\"2025-12-03T06:27:57+00:00\" \/>\n<meta name=\"twitter:card\" content=\"summary_large_image\" \/>\n<meta name=\"twitter:label1\" content=\"Dur\u00e9e de lecture estim\u00e9e\" \/>\n\t<meta name=\"twitter:data1\" content=\"1 minute\" \/>\n<script type=\"application\/ld+json\" class=\"yoast-schema-graph\">{\"@context\":\"https:\\\/\\\/schema.org\",\"@graph\":[{\"@type\":\"WebPage\",\"@id\":\"https:\\\/\\\/migflug.com\\\/fr\\\/bons-cadeaux\\\/\",\"url\":\"https:\\\/\\\/migflug.com\\\/fr\\\/bons-cadeaux\\\/\",\"name\":\"Offrez un cadeau unique: le ch\u00e8que-cadeau | MiGFlug.com\",\"isPartOf\":{\"@id\":\"https:\\\/\\\/migflug.com\\\/fr\\\/#website\"},\"datePublished\":\"2017-01-23T10:03:20+00:00\",\"dateModified\":\"2025-12-03T06:27:57+00:00\",\"description\":\"Offrez le cadeau parfait: un vol en avion de chasse. Pas de risques: le jet et la dates sont modifiables \u00e0 tout moment. Un vaste choix de lieux de d\u00e9part.\",\"breadcrumb\":{\"@id\":\"https:\\\/\\\/migflug.com\\\/fr\\\/bons-cadeaux\\\/#breadcrumb\"},\"inLanguage\":\"fr-FR\",\"potentialAction\":[{\"@type\":\"ReadAction\",\"target\":[\"https:\\\/\\\/migflug.com\\\/fr\\\/bons-cadeaux\\\/\"]}]},{\"@type\":\"BreadcrumbList\",\"@id\":\"https:\\\/\\\/migflug.com\\\/fr\\\/bons-cadeaux\\\/#breadcrumb\",\"itemListElement\":[{\"@type\":\"ListItem\",\"position\":1,\"name\":\"Startseite\",\"item\":\"https:\\\/\\\/migflug.com\\\/fr\\\/\"},{\"@type\":\"ListItem\",\"position\":2,\"name\":\"Bons cadeaux\"}]},{\"@type\":\"WebSite\",\"@id\":\"https:\\\/\\\/migflug.com\\\/fr\\\/#website\",\"url\":\"https:\\\/\\\/migflug.com\\\/fr\\\/\",\"name\":\"MiGFlug\",\"description\":\"Fly a Jet Fighter Yourself\",\"publisher\":{\"@id\":\"https:\\\/\\\/migflug.com\\\/fr\\\/#organization\"},\"potentialAction\":[{\"@type\":\"SearchAction\",\"target\":{\"@type\":\"EntryPoint\",\"urlTemplate\":\"https:\\\/\\\/migflug.com\\\/fr\\\/?s={search_term_string}\"},\"query-input\":{\"@type\":\"PropertyValueSpecification\",\"valueRequired\":true,\"valueName\":\"search_term_string\"}}],\"inLanguage\":\"fr-FR\"},{\"@type\":\"Organization\",\"@id\":\"https:\\\/\\\/migflug.com\\\/fr\\\/#organization\",\"name\":\"MiGFlug GmbH\",\"url\":\"https:\\\/\\\/migflug.com\\\/fr\\\/\",\"logo\":{\"@type\":\"ImageObject\",\"inLanguage\":\"fr-FR\",\"@id\":\"https:\\\/\\\/migflug.com\\\/fr\\\/#\\\/schema\\\/logo\\\/image\\\/\",\"url\":\"https:\\\/\\\/migflug.com\\\/fr\\\/wp-content\\\/uploads\\\/sites\\\/7\\\/2018\\\/10\\\/logo-migflug-blue.png\",\"contentUrl\":\"https:\\\/\\\/migflug.com\\\/fr\\\/wp-content\\\/uploads\\\/sites\\\/7\\\/2018\\\/10\\\/logo-migflug-blue.png\",\"width\":200,\"height\":100,\"caption\":\"MiGFlug GmbH\"},\"image\":{\"@id\":\"https:\\\/\\\/migflug.com\\\/fr\\\/#\\\/schema\\\/logo\\\/image\\\/\"}}]}<\/script>\n<!-- \/ Yoast SEO plugin. -->","yoast_head_json":{"title":"Offrez un cadeau unique: le ch\u00e8que-cadeau | MiGFlug.com","description":"Offrez le cadeau parfait: un vol en avion de chasse. Pas de risques: le jet et la dates sont modifiables \u00e0 tout moment. Un vaste choix de lieux de d\u00e9part.","robots":{"index":"index","follow":"follow","max-snippet":"max-snippet:-1","max-image-preview":"max-image-preview:large","max-video-preview":"max-video-preview:-1"},"canonical":"https:\/\/migflug.com\/fr\/bons-cadeaux\/","og_locale":"fr_FR","og_type":"article","og_title":"Offrez un cadeau unique: le ch\u00e8que-cadeau | MiGFlug.com","og_description":"Offrez le cadeau parfait: un vol en avion de chasse. Pas de risques: le jet et la dates sont modifiables \u00e0 tout moment. Un vaste choix de lieux de d\u00e9part.","og_url":"https:\/\/migflug.com\/fr\/bons-cadeaux\/","og_site_name":"MiGFlug","article_modified_time":"2025-12-03T06:27:57+00:00","twitter_card":"summary_large_image","twitter_misc":{"Dur\u00e9e de lecture estim\u00e9e":"1 minute"},"schema":{"@context":"https:\/\/schema.org","@graph":[{"@type":"WebPage","@id":"https:\/\/migflug.com\/fr\/bons-cadeaux\/","url":"https:\/\/migflug.com\/fr\/bons-cadeaux\/","name":"Offrez un cadeau unique: le ch\u00e8que-cadeau | MiGFlug.com","isPartOf":{"@id":"https:\/\/migflug.com\/fr\/#website"},"datePublished":"2017-01-23T10:03:20+00:00","dateModified":"2025-12-03T06:27:57+00:00","description":"Offrez le cadeau parfait: un vol en avion de chasse. Pas de risques: le jet et la dates sont modifiables \u00e0 tout moment. Un vaste choix de lieux de d\u00e9part.","breadcrumb":{"@id":"https:\/\/migflug.com\/fr\/bons-cadeaux\/#breadcrumb"},"inLanguage":"fr-FR","potentialAction":[{"@type":"ReadAction","target":["https:\/\/migflug.com\/fr\/bons-cadeaux\/"]}]},{"@type":"BreadcrumbList","@id":"https:\/\/migflug.com\/fr\/bons-cadeaux\/#breadcrumb","itemListElement":[{"@type":"ListItem","position":1,"name":"Startseite","item":"https:\/\/migflug.com\/fr\/"},{"@type":"ListItem","position":2,"name":"Bons cadeaux"}]},{"@type":"WebSite","@id":"https:\/\/migflug.com\/fr\/#website","url":"https:\/\/migflug.com\/fr\/","name":"MiGFlug","description":"Fly a Jet Fighter Yourself","publisher":{"@id":"https:\/\/migflug.com\/fr\/#organization"},"potentialAction":[{"@type":"SearchAction","target":{"@type":"EntryPoint","urlTemplate":"https:\/\/migflug.com\/fr\/?s={search_term_string}"},"query-input":{"@type":"PropertyValueSpecification","valueRequired":true,"valueName":"search_term_string"}}],"inLanguage":"fr-FR"},{"@type":"Organization","@id":"https:\/\/migflug.com\/fr\/#organization","name":"MiGFlug GmbH","url":"https:\/\/migflug.com\/fr\/","logo":{"@type":"ImageObject","inLanguage":"fr-FR","@id":"https:\/\/migflug.com\/fr\/#\/schema\/logo\/image\/","url":"https:\/\/migflug.com\/fr\/wp-content\/uploads\/sites\/7\/2018\/10\/logo-migflug-blue.png","contentUrl":"https:\/\/migflug.com\/fr\/wp-content\/uploads\/sites\/7\/2018\/10\/logo-migflug-blue.png","width":200,"height":100,"caption":"MiGFlug GmbH"},"image":{"@id":"https:\/\/migflug.com\/fr\/#\/schema\/logo\/image\/"}}]}},"_links":{"self":[{"href":"https:\/\/migflug.com\/fr\/wp-json\/wp\/v2\/pages\/73","targetHints":{"allow":["GET"]}}],"collection":[{"href":"https:\/\/migflug.com\/fr\/wp-json\/wp\/v2\/pages"}],"about":[{"href":"https:\/\/migflug.com\/fr\/wp-json\/wp\/v2\/types\/page"}],"author":[{"embeddable":true,"href":"https:\/\/migflug.com\/fr\/wp-json\/wp\/v2\/users\/1"}],"replies":[{"embeddable":true,"href":"https:\/\/migflug.com\/fr\/wp-json\/wp\/v2\/comments?post=73"}],"version-history":[{"count":3,"href":"https:\/\/migflug.com\/fr\/wp-json\/wp\/v2\/pages\/73\/revisions"}],"predecessor-version":[{"id":5221,"href":"https:\/\/migflug.com\/fr\/wp-json\/wp\/v2\/pages\/73\/revisions\/5221"}],"wp:attachment":[{"href":"https:\/\/migflug.com\/fr\/wp-json\/wp\/v2\/media?parent=73"}],"curies":[{"name":"wp","href":"https:\/\/api.w.org\/{rel}","templated":true}]}}