{"id":86,"date":"2017-01-23T11:11:35","date_gmt":"2017-01-23T10:11:35","guid":{"rendered":"http:\/\/migflug.com\/?page_id=86"},"modified":"2021-12-11T17:49:23","modified_gmt":"2021-12-11T16:49:23","slug":"reseaux-partenaires","status":"publish","type":"page","link":"https:\/\/migflug.com\/fr\/reseaux-partenaires\/","title":{"rendered":"R\u00e9seau et partenaires"},"content":{"rendered":"<p>[et_pb_section fb_built=&#8221;1&#8243; fullwidth=&#8221;on&#8221; admin_label=&#8221;Section&#8221; _builder_version=&#8221;3.22.3&#8243; global_colors_info=&#8221;{}&#8221;][et_pb_fullwidth_image src=&#8221;https:\/\/migflug.com\/fr\/wp-content\/uploads\/sites\/7\/2021\/12\/l-39-riga-baltic-bees-21.jpg&#8221; alt=&#8221;Hawker Hunter &#8211; Jagdflugzeug und Jagdbomber&#8221; disabled_on=&#8221;on||&#8221; admin_label=&#8221;Header Image Desktop \/ Tablet&#8221; _builder_version=&#8221;4.14.2&#8243; hover_enabled=&#8221;0&#8243; border_color_all=&#8221;off&#8221; animation=&#8221;off&#8221; use_border_color=&#8221;off&#8221; border_color=&#8221;#ffffff&#8221; border_style=&#8221;solid&#8221; global_colors_info=&#8221;{}&#8221; title_text=&#8221;l-39-riga-baltic-bees-21&#8243; sticky_enabled=&#8221;0&#8243;][\/et_pb_fullwidth_image][et_pb_fullwidth_image src=&#8221;https:\/\/migflug.com\/fr\/wp-content\/uploads\/sites\/7\/2021\/12\/l-39-riga-baltic-bees-mo-21.jpg&#8221; alt=&#8221;Hawker Hunter &#8211; Jagdflugzeug und Jagdbomber&#8221; disabled_on=&#8221;|on|on&#8221; admin_label=&#8221;Header Image Mobile&#8221; _builder_version=&#8221;4.14.2&#8243; hover_enabled=&#8221;0&#8243; border_color_all=&#8221;off&#8221; animation=&#8221;off&#8221; use_border_color=&#8221;off&#8221; border_color=&#8221;#ffffff&#8221; border_style=&#8221;solid&#8221; global_colors_info=&#8221;{}&#8221; title_text=&#8221;l-39-riga-baltic-bees-mo-21&#8243; sticky_enabled=&#8221;0&#8243;][\/et_pb_fullwidth_image][\/et_pb_section][et_pb_section fb_built=&#8221;1&#8243; _builder_version=&#8221;3.22.3&#8243; custom_padding=&#8221;30px||20px|&#8221; transparent_background=&#8221;off&#8221; global_colors_info=&#8221;{}&#8221;][et_pb_row admin_label=&#8221;row&#8221; _builder_version=&#8221;3.25&#8243; background_size=&#8221;initial&#8221; background_position=&#8221;top_left&#8221; background_repeat=&#8221;repeat&#8221; make_fullwidth=&#8221;off&#8221; use_custom_width=&#8221;off&#8221; width_unit=&#8221;on&#8221; global_colors_info=&#8221;{}&#8221;][et_pb_column type=&#8221;4_4&#8243; _builder_version=&#8221;3.25&#8243; custom_padding=&#8221;|||&#8221; global_colors_info=&#8221;{}&#8221; custom_padding__hover=&#8221;|||&#8221;][et_pb_text admin_label=&#8221;Page Intro&#8221; _builder_version=&#8221;3.27.4&#8243; background_size=&#8221;initial&#8221; background_position=&#8221;top_left&#8221; background_repeat=&#8221;repeat&#8221; module_alignment=&#8221;left&#8221; border_style=&#8221;solid&#8221; global_colors_info=&#8221;{}&#8221;]<\/p>\n<h1>Profitez de notre exp\u00e9rience dans l&#8217;exploitation civile d&#8217;a\u00e9ronefs militaires<\/h1>\n<p>MiGFlug est un partenaire commercial attrayant pour les agences de voyage, les soci\u00e9t\u00e9s de gestion de destinations, les agences de stimulation \/ fournisseurs de MICE et les d\u00e9taillants de cadeaux d&#8217;aventure. Si vous \u00eates int\u00e9ress\u00e9 par un partenariat avec MiGFlug et que vous avez une entreprise \u00e9tablie, une plate-forme ou une id\u00e9e brillante, veuillez nous contacter. Nous attendons votre demande. Nous recherchons \u00e9galement des partenaires r\u00e9gionaux puissants qui agissent sous notre marque. Jusqu&#8217;\u00e0 pr\u00e9sent, nous avons de tels partenaires pour l&#8217;Espagne, l&#8217;Am\u00e9rique latine, la Pologne et la Chine.<\/p>\n<p>[\/et_pb_text][\/et_pb_column][\/et_pb_row][et_pb_row _builder_version=&#8221;3.25&#8243; background_size=&#8221;initial&#8221; background_position=&#8221;top_left&#8221; background_repeat=&#8221;repeat&#8221; global_colors_info=&#8221;{}&#8221;][et_pb_column type=&#8221;4_4&#8243; _builder_version=&#8221;3.25&#8243; custom_padding=&#8221;|||&#8221; global_colors_info=&#8221;{}&#8221; custom_padding__hover=&#8221;|||&#8221;][et_pb_text admin_label=&#8221;Gesch\u00e4ftliche, pers\u00f6nliche und strategische Partnerschaften&#8221; _builder_version=&#8221;3.27.4&#8243; background_size=&#8221;initial&#8221; background_position=&#8221;top_left&#8221; background_repeat=&#8221;repeat&#8221; module_alignment=&#8221;left&#8221; global_colors_info=&#8221;{}&#8221;]<\/p>\n<h1>MiGFlug: une entreprise suisse hautement sp\u00e9cialis\u00e9e.<\/h1>\n<p>La soci\u00e9t\u00e9 MiGFlug GmbH est le partenaire privil\u00e9gi\u00e9 et repr\u00e9sentant public officiel des exploitants d\u2019avions \u00e0 r\u00e9action &#8211; qu\u2019il s\u2019agisse des forces de d\u00e9fense a\u00e9riennes, d\u2019associations, de mus\u00e9es d\u2019aviation ou de d\u00e9tenteurs d\u2019avions priv\u00e9s. MiGFlug fournit divers services, tels que le financement, le conseil juridique et d\u2019autres services. Aux \u00c9tats-Unis et en Europe, nous collaborons \u00e9troitement avec divers op\u00e9rateurs de jets qui nous ont octroy\u00e9 les droits exclusifs de marketing pour leurs vols.<\/p>\n<p>[\/et_pb_text][\/et_pb_column][\/et_pb_row][\/et_pb_section][et_pb_section fb_built=&#8221;1&#8243; admin_label=&#8221;Section&#8221; _builder_version=&#8221;3.22.3&#8243; background_color=&#8221;#efefef&#8221; custom_padding=&#8221;30px|||&#8221; transparent_background=&#8221;off&#8221; make_fullwidth=&#8221;off&#8221; use_custom_width=&#8221;off&#8221; width_unit=&#8221;on&#8221; global_colors_info=&#8221;{}&#8221;][et_pb_row admin_label=&#8221;Row&#8221; _builder_version=&#8221;3.25&#8243; background_size=&#8221;initial&#8221; background_position=&#8221;top_left&#8221; background_repeat=&#8221;repeat&#8221; global_colors_info=&#8221;{}&#8221;][et_pb_column type=&#8221;4_4&#8243; _builder_version=&#8221;3.25&#8243; custom_padding=&#8221;|||&#8221; global_colors_info=&#8221;{}&#8221; custom_padding__hover=&#8221;|||&#8221;][et_pb_text admin_label=&#8221;Steigen Sie ein!&#8221; _builder_version=&#8221;3.27.4&#8243; background_size=&#8221;initial&#8221; background_position=&#8221;top_left&#8221; background_repeat=&#8221;repeat&#8221; module_alignment=&#8221;left&#8221; global_colors_info=&#8221;{}&#8221;]<\/p>\n<h2>Embarquez-vous !<\/h2>\n<p>Que vous souhaitiez revendre nos vols sous votre propre marque ou que vous recherchiez un \u00e9v\u00e9nement unique pour vos clients ou partenaires commerciaux, vous avez un partenaire solide \u00e0 vos c\u00f4t\u00e9s avec MiGFlug. Notre \u00e9quipe de professionnels vous accompagne dans vos ventes ou organise votre \u00e9v\u00e9nement selon vos sp\u00e9cifications.<\/p>\n<p>De nombreuses agences de voyages renomm\u00e9s tels que <strong>Kuoni<\/strong>, <strong>TUI<\/strong> et des soci\u00e9t\u00e9s sp\u00e9cialis\u00e9es dans l&#8217;adr\u00e9naline et les cadeaux, telles que <strong>Smartbox<\/strong>, <strong>Jochen Schweizer-mydays<\/strong>, <strong>Red Letter Days<\/strong>, <strong>buyagift<\/strong>, <strong>Cloud 9 Living<\/strong> et <strong>Golden Moments<\/strong>, b\u00e9n\u00e9ficient de notre savoir-faire afin de commercialiser nos offres sous leurs propres marques.<\/p>\n<p>Dans le domaine des programmes d\u2019incitations et de r\u00e9compenses personnalis\u00e9s, nous coop\u00e9rons avec les principales compagnies a\u00e9riennes pour rendre leurs programmes de fid\u00e9lit\u00e9 spectaculaires. Parmi eux figurent <strong>Etihad Airways<\/strong>, <strong>SAS Scandinavian Arlines<\/strong> ou <strong>airBaltic<\/strong>. Ils offrent nos vols en jet comme r\u00e9compense exceptionnelle \u00e0 leurs clients fid\u00e8les.<\/p>\n<p>Profitez vous aussi d\u2019une collaboration avec MiGFlug. Si vous avez une entreprise \u00e9tablie ou une puissante plate-forme, ou si vous souhaitez nous repr\u00e9senter dans votre pays ou votre r\u00e9gion, n&#8217;h\u00e9sitez pas \u00e0 nous contacter. (LINK!!!)<\/p>\n<p>[\/et_pb_text][\/et_pb_column][\/et_pb_row][\/et_pb_section]<\/p>\n","protected":false},"excerpt":{"rendered":"<p>Profitez de notre exp\u00e9rience dans l&#8217;exploitation civile d&#8217;a\u00e9ronefs militaires MiGFlug est un partenaire commercial attrayant pour les agences de voyage, les soci\u00e9t\u00e9s de gestion de destinations, les agences de stimulation \/ fournisseurs de MICE et les d\u00e9taillants de cadeaux d&#8217;aventure. Si vous \u00eates int\u00e9ress\u00e9 par un partenariat avec MiGFlug et que vous avez une entreprise [&hellip;]<\/p>\n","protected":false},"author":1,"featured_media":0,"parent":0,"menu_order":0,"comment_status":"closed","ping_status":"closed","template":"","meta":{"_et_pb_use_builder":"on","_et_pb_old_content":"","_et_gb_content_width":"","editor_notices":[],"footnotes":""},"class_list":["post-86","page","type-page","status-publish","hentry"],"yoast_head":"<!-- This site is optimized with the Yoast SEO plugin v27.3 - https:\/\/yoast.com\/product\/yoast-seo-wordpress\/ -->\n<title>R\u00e9seaux et partenaires de la compagnie MiGFlug.com<\/title>\n<meta name=\"description\" content=\"Devenez partenaire de la compagnie suisse, MiGFlug.com et profitez de notre exp\u00e9rience dans l&#039;exploitation civile d&#039;avions militaires.\" \/>\n<meta name=\"robots\" content=\"index, follow, max-snippet:-1, max-image-preview:large, max-video-preview:-1\" \/>\n<link rel=\"canonical\" href=\"https:\/\/migflug.com\/fr\/reseaux-partenaires\/\" \/>\n<meta property=\"og:locale\" content=\"fr_FR\" \/>\n<meta property=\"og:type\" content=\"article\" \/>\n<meta property=\"og:title\" content=\"R\u00e9seaux et partenaires de la compagnie MiGFlug.com\" \/>\n<meta property=\"og:description\" content=\"Devenez partenaire de la compagnie suisse, MiGFlug.com et profitez de notre exp\u00e9rience dans l&#039;exploitation civile d&#039;avions militaires.\" \/>\n<meta property=\"og:url\" content=\"https:\/\/migflug.com\/fr\/reseaux-partenaires\/\" \/>\n<meta property=\"og:site_name\" content=\"MiGFlug\" \/>\n<meta property=\"article:modified_time\" content=\"2021-12-11T16:49:23+00:00\" \/>\n<meta name=\"twitter:card\" content=\"summary_large_image\" \/>\n<meta name=\"twitter:label1\" content=\"Dur\u00e9e de lecture estim\u00e9e\" \/>\n\t<meta name=\"twitter:data1\" content=\"4 minutes\" \/>\n<script type=\"application\/ld+json\" class=\"yoast-schema-graph\">{\"@context\":\"https:\\\/\\\/schema.org\",\"@graph\":[{\"@type\":\"WebPage\",\"@id\":\"https:\\\/\\\/migflug.com\\\/fr\\\/reseaux-partenaires\\\/\",\"url\":\"https:\\\/\\\/migflug.com\\\/fr\\\/reseaux-partenaires\\\/\",\"name\":\"R\u00e9seaux et partenaires de la compagnie MiGFlug.com\",\"isPartOf\":{\"@id\":\"https:\\\/\\\/migflug.com\\\/fr\\\/#website\"},\"datePublished\":\"2017-01-23T10:11:35+00:00\",\"dateModified\":\"2021-12-11T16:49:23+00:00\",\"description\":\"Devenez partenaire de la compagnie suisse, MiGFlug.com et profitez de notre exp\u00e9rience dans l'exploitation civile d'avions militaires.\",\"breadcrumb\":{\"@id\":\"https:\\\/\\\/migflug.com\\\/fr\\\/reseaux-partenaires\\\/#breadcrumb\"},\"inLanguage\":\"fr-FR\",\"potentialAction\":[{\"@type\":\"ReadAction\",\"target\":[\"https:\\\/\\\/migflug.com\\\/fr\\\/reseaux-partenaires\\\/\"]}]},{\"@type\":\"BreadcrumbList\",\"@id\":\"https:\\\/\\\/migflug.com\\\/fr\\\/reseaux-partenaires\\\/#breadcrumb\",\"itemListElement\":[{\"@type\":\"ListItem\",\"position\":1,\"name\":\"Startseite\",\"item\":\"https:\\\/\\\/migflug.com\\\/fr\\\/\"},{\"@type\":\"ListItem\",\"position\":2,\"name\":\"R\u00e9seau et partenaires\"}]},{\"@type\":\"WebSite\",\"@id\":\"https:\\\/\\\/migflug.com\\\/fr\\\/#website\",\"url\":\"https:\\\/\\\/migflug.com\\\/fr\\\/\",\"name\":\"MiGFlug\",\"description\":\"Fly a Jet Fighter Yourself\",\"publisher\":{\"@id\":\"https:\\\/\\\/migflug.com\\\/fr\\\/#organization\"},\"potentialAction\":[{\"@type\":\"SearchAction\",\"target\":{\"@type\":\"EntryPoint\",\"urlTemplate\":\"https:\\\/\\\/migflug.com\\\/fr\\\/?s={search_term_string}\"},\"query-input\":{\"@type\":\"PropertyValueSpecification\",\"valueRequired\":true,\"valueName\":\"search_term_string\"}}],\"inLanguage\":\"fr-FR\"},{\"@type\":\"Organization\",\"@id\":\"https:\\\/\\\/migflug.com\\\/fr\\\/#organization\",\"name\":\"MiGFlug GmbH\",\"url\":\"https:\\\/\\\/migflug.com\\\/fr\\\/\",\"logo\":{\"@type\":\"ImageObject\",\"inLanguage\":\"fr-FR\",\"@id\":\"https:\\\/\\\/migflug.com\\\/fr\\\/#\\\/schema\\\/logo\\\/image\\\/\",\"url\":\"https:\\\/\\\/migflug.com\\\/fr\\\/wp-content\\\/uploads\\\/sites\\\/7\\\/2018\\\/10\\\/logo-migflug-blue.png\",\"contentUrl\":\"https:\\\/\\\/migflug.com\\\/fr\\\/wp-content\\\/uploads\\\/sites\\\/7\\\/2018\\\/10\\\/logo-migflug-blue.png\",\"width\":200,\"height\":100,\"caption\":\"MiGFlug GmbH\"},\"image\":{\"@id\":\"https:\\\/\\\/migflug.com\\\/fr\\\/#\\\/schema\\\/logo\\\/image\\\/\"}}]}<\/script>\n<!-- \/ Yoast SEO plugin. -->","yoast_head_json":{"title":"R\u00e9seaux et partenaires de la compagnie MiGFlug.com","description":"Devenez partenaire de la compagnie suisse, MiGFlug.com et profitez de notre exp\u00e9rience dans l'exploitation civile d'avions militaires.","robots":{"index":"index","follow":"follow","max-snippet":"max-snippet:-1","max-image-preview":"max-image-preview:large","max-video-preview":"max-video-preview:-1"},"canonical":"https:\/\/migflug.com\/fr\/reseaux-partenaires\/","og_locale":"fr_FR","og_type":"article","og_title":"R\u00e9seaux et partenaires de la compagnie MiGFlug.com","og_description":"Devenez partenaire de la compagnie suisse, MiGFlug.com et profitez de notre exp\u00e9rience dans l'exploitation civile d'avions militaires.","og_url":"https:\/\/migflug.com\/fr\/reseaux-partenaires\/","og_site_name":"MiGFlug","article_modified_time":"2021-12-11T16:49:23+00:00","twitter_card":"summary_large_image","twitter_misc":{"Dur\u00e9e de lecture estim\u00e9e":"4 minutes"},"schema":{"@context":"https:\/\/schema.org","@graph":[{"@type":"WebPage","@id":"https:\/\/migflug.com\/fr\/reseaux-partenaires\/","url":"https:\/\/migflug.com\/fr\/reseaux-partenaires\/","name":"R\u00e9seaux et partenaires de la compagnie MiGFlug.com","isPartOf":{"@id":"https:\/\/migflug.com\/fr\/#website"},"datePublished":"2017-01-23T10:11:35+00:00","dateModified":"2021-12-11T16:49:23+00:00","description":"Devenez partenaire de la compagnie suisse, MiGFlug.com et profitez de notre exp\u00e9rience dans l'exploitation civile d'avions militaires.","breadcrumb":{"@id":"https:\/\/migflug.com\/fr\/reseaux-partenaires\/#breadcrumb"},"inLanguage":"fr-FR","potentialAction":[{"@type":"ReadAction","target":["https:\/\/migflug.com\/fr\/reseaux-partenaires\/"]}]},{"@type":"BreadcrumbList","@id":"https:\/\/migflug.com\/fr\/reseaux-partenaires\/#breadcrumb","itemListElement":[{"@type":"ListItem","position":1,"name":"Startseite","item":"https:\/\/migflug.com\/fr\/"},{"@type":"ListItem","position":2,"name":"R\u00e9seau et partenaires"}]},{"@type":"WebSite","@id":"https:\/\/migflug.com\/fr\/#website","url":"https:\/\/migflug.com\/fr\/","name":"MiGFlug","description":"Fly a Jet Fighter Yourself","publisher":{"@id":"https:\/\/migflug.com\/fr\/#organization"},"potentialAction":[{"@type":"SearchAction","target":{"@type":"EntryPoint","urlTemplate":"https:\/\/migflug.com\/fr\/?s={search_term_string}"},"query-input":{"@type":"PropertyValueSpecification","valueRequired":true,"valueName":"search_term_string"}}],"inLanguage":"fr-FR"},{"@type":"Organization","@id":"https:\/\/migflug.com\/fr\/#organization","name":"MiGFlug GmbH","url":"https:\/\/migflug.com\/fr\/","logo":{"@type":"ImageObject","inLanguage":"fr-FR","@id":"https:\/\/migflug.com\/fr\/#\/schema\/logo\/image\/","url":"https:\/\/migflug.com\/fr\/wp-content\/uploads\/sites\/7\/2018\/10\/logo-migflug-blue.png","contentUrl":"https:\/\/migflug.com\/fr\/wp-content\/uploads\/sites\/7\/2018\/10\/logo-migflug-blue.png","width":200,"height":100,"caption":"MiGFlug GmbH"},"image":{"@id":"https:\/\/migflug.com\/fr\/#\/schema\/logo\/image\/"}}]}},"_links":{"self":[{"href":"https:\/\/migflug.com\/fr\/wp-json\/wp\/v2\/pages\/86","targetHints":{"allow":["GET"]}}],"collection":[{"href":"https:\/\/migflug.com\/fr\/wp-json\/wp\/v2\/pages"}],"about":[{"href":"https:\/\/migflug.com\/fr\/wp-json\/wp\/v2\/types\/page"}],"author":[{"embeddable":true,"href":"https:\/\/migflug.com\/fr\/wp-json\/wp\/v2\/users\/1"}],"replies":[{"embeddable":true,"href":"https:\/\/migflug.com\/fr\/wp-json\/wp\/v2\/comments?post=86"}],"version-history":[{"count":0,"href":"https:\/\/migflug.com\/fr\/wp-json\/wp\/v2\/pages\/86\/revisions"}],"wp:attachment":[{"href":"https:\/\/migflug.com\/fr\/wp-json\/wp\/v2\/media?parent=86"}],"curies":[{"name":"wp","href":"https:\/\/api.w.org\/{rel}","templated":true}]}}