{"id":922,"date":"2017-10-26T09:31:17","date_gmt":"2017-10-26T07:31:17","guid":{"rendered":"http:\/\/migflug.com\/?page_id=922"},"modified":"2025-11-26T08:13:02","modified_gmt":"2025-11-26T07:13:02","slug":"temoignages-2","status":"publish","type":"page","link":"https:\/\/migflug.com\/fr\/temoignages-2\/","title":{"rendered":"T\u00e9moignages"},"content":{"rendered":"<p>[et_pb_section fb_built=&#8221;1&#8243; fullwidth=&#8221;on&#8221; _builder_version=&#8221;4.16&#8243; global_colors_info=&#8221;{}&#8221;][et_pb_fullwidth_image src=&#8221;https:\/\/migflug.com\/fr\/wp-content\/uploads\/sites\/7\/2021\/12\/referenzen-21.jpg&#8221; alt=&#8221;Referenzen und Testimonials &#8211; MiGFlug GmbH&#8221; title_text=&#8221;referenzen-21&#8243; disabled_on=&#8221;on|off|off&#8221; _builder_version=&#8221;4.16&#8243; animation=&#8221;off&#8221; use_border_color=&#8221;off&#8221; border_color=&#8221;#ffffff&#8221; border_style=&#8221;solid&#8221; global_colors_info=&#8221;{}&#8221;][\/et_pb_fullwidth_image][et_pb_fullwidth_image src=&#8221;https:\/\/migflug.com\/fr\/wp-content\/uploads\/sites\/7\/2021\/12\/l-39-riga-baltic-bees-mo-2-21-1.jpg&#8221; alt=&#8221;Referenzen und Testimonials &#8211; MiGFlug GmbH&#8221; title_text=&#8221;l-39-riga-baltic-bees-mo-2-21&#8243; disabled_on=&#8221;|on|on&#8221; _builder_version=&#8221;4.16&#8243; animation=&#8221;off&#8221; use_border_color=&#8221;off&#8221; border_color=&#8221;#ffffff&#8221; border_style=&#8221;solid&#8221; global_colors_info=&#8221;{}&#8221;][\/et_pb_fullwidth_image][\/et_pb_section][et_pb_section fb_built=&#8221;1&#8243; _builder_version=&#8221;4.16&#8243; global_colors_info=&#8221;{}&#8221;][et_pb_row _builder_version=&#8221;4.16&#8243; background_size=&#8221;initial&#8221; background_position=&#8221;top_left&#8221; background_repeat=&#8221;repeat&#8221; global_colors_info=&#8221;{}&#8221;][et_pb_column type=&#8221;4_4&#8243; _builder_version=&#8221;4.16&#8243; custom_padding=&#8221;|||&#8221; global_colors_info=&#8221;{}&#8221; custom_padding__hover=&#8221;|||&#8221;][et_pb_text _builder_version=&#8221;4.16&#8243; background_size=&#8221;initial&#8221; background_position=&#8221;top_left&#8221; background_repeat=&#8221;repeat&#8221; module_alignment=&#8221;left&#8221; border_style=&#8221;solid&#8221; global_colors_info=&#8221;{}&#8221;]<\/p>\n<h1>Nos clients entousiastes souhaitent partager de leur exp\u00e9rience avec MiGFlug.<\/h1>\n<p>Depuis 2004, nous accueillons des clients du monde entier sur diff\u00e9rents a\u00e9rodromes. Nous sommes fiers de nous \u00eatre fait des amis en Australie, en Allemagne, en France, en Angleterre, \u00e0 Hong Kong, au Canada, aux Etats-Unis, en Suisse, en Slov\u00e9nie, en Arabie Saoudite et en Autriche, pour n&#8217;en citer que quelques-uns.<\/p>\n<p>Voici quelques t\u00e9moignages de clients satisfaits. Si vous avez des questions que vous aimeriez leur poser personnellement, n&#8217;h\u00e9sitez pas \u00e0 nous contacter. Nos anciens combattants se feront un plaisir de vous faire part de leur exp\u00e9rience.<\/p>\n<p>[\/et_pb_text][et_pb_text admin_label=&#8221;Shortcode&#8221; _builder_version=&#8221;4.27.4&#8243; background_size=&#8221;initial&#8221; background_position=&#8221;top_left&#8221; background_repeat=&#8221;repeat&#8221; module_alignment=&#8221;left&#8221; hover_enabled=&#8221;0&#8243; border_style=&#8221;solid&#8221; global_colors_info=&#8221;{}&#8221; sticky_enabled=&#8221;0&#8243;]<\/p>\n<div class=\"strong-view strong-view-id-5 modern wpmtst-modern slider-container carousel slider-mode-horizontal slider-stretch controls-type-sides-outside controls-style-buttons3 has-review-markup\" data-count=\"2\" data-slider-var=\"strong_slider_id_5\" data-state=\"idle\" data-assignment=\"none\"><div class=\"strong-content wpmslider-content\"><div class=\"wpmtst-testimonial testimonial t-slide post-4852\"><div class=\"wpmtst-testimonial-inner testimonial-inner\"><div data-infinite-loop=\"true\"  class=\"wpmtst-testimonial-content  testimonial-content\"><h3 class=\"wpmtst-testimonial-heading testimonial-heading\">Exactement ce que j&#8217;attendais !<\/h3><div class=\"readmore-excerpt animated \"><div style=\"display:inline;\">C&#8217;\u00e9tait exactement comme je l&#8217;avais r\u00eav\u00e9, des paysages alpins magnifiques et de bonnes conditions m\u00e9t\u00e9orologiques avec quelques nuages \u00e9pars pour rendre le tout encore meilleur ! Super accueil de la part de l&#8217;\u00e9quipage exp\u00e9riment\u00e9, programme de vol dynamique avec des man\u0153uvres de voltige dans le ciel de montagne, briefing clair avant la vente et une<\/div><div class=\"ellipsis\" style=\"display:inline;\">&hellip; <\/div><\/div><div class=\"readmore-content animated \"  id=\"more-4852\" hidden> C&#8217;\u00e9tait exactement comme je l&#8217;avais r\u00eav\u00e9, des paysages alpins magnifiques et de bonnes conditions m\u00e9t\u00e9orologiques avec quelques nuages \u00e9pars pour rendre le tout encore meilleur ! Super accueil de la part de l&#8217;\u00e9quipage exp\u00e9riment\u00e9, programme de vol dynamique avec des man\u0153uvres de voltige dans le ciel de montagne, briefing clair avant la vente et une bonne immersion dans l&#8217;histoire du L39 &#8211; j&#8217;aurais aim\u00e9 l&#8217;avoir fait avant !\n<\/div><p><a aria-expanded=\"false\" aria-controls=\"more-4852\" role=\"button\" tabindex=\"0\" class=\"readmore readmore-toggle\"><span class=\"readmore-text\" data-more-text=\"Lire Plus\" data-less-text=\"Afficher moins\">Lire Plus<span class=\"screen-reader-text\"> &#8220;Exactement ce que j&#8217;attendais !&#8221;<\/span><\/span><\/a><\/p><\/div><div class=\"wpmtst-testimonial-field testimonial-field testimonial-rating\"><span class=\"strong-rating-wrapper in-view\"><span class=\"strong-rating\"><span class=\"star\" style=\"display: none;\"><\/span><span class=\"star\" style=\"display: inline-block;\"><svg class=\"star_solid\" aria-hidden=\"true\" role=\"img\" xmlns=\"http:\/\/www.w3.org\/2000\/svg\" viewBox=\"-8 -8 584 520\"><path d=\"M259.3 17.8L194 150.2 47.9 171.5c-26.2 3.8-36.7 36.1-17.7 54.6l105.7 103-25 145.5c-4.5 26.3 23.2 46 46.4 33.7L288 439.6l130.7 68.7c23.2 12.2 50.9-7.4 46.4-33.7l-25-145.5 105.7-103c19-18.5 8.5-50.8-17.7-54.6L382 150.2 316.7 17.8c-11.7-23.6-45.6-23.9-57.4 0z\"><\/path><\/svg><\/span><span class=\"star\" style=\"display: inline-block;\"><svg class=\"star_solid\" aria-hidden=\"true\" role=\"img\" xmlns=\"http:\/\/www.w3.org\/2000\/svg\" viewBox=\"-8 -8 584 520\"><path d=\"M259.3 17.8L194 150.2 47.9 171.5c-26.2 3.8-36.7 36.1-17.7 54.6l105.7 103-25 145.5c-4.5 26.3 23.2 46 46.4 33.7L288 439.6l130.7 68.7c23.2 12.2 50.9-7.4 46.4-33.7l-25-145.5 105.7-103c19-18.5 8.5-50.8-17.7-54.6L382 150.2 316.7 17.8c-11.7-23.6-45.6-23.9-57.4 0z\"><\/path><\/svg><\/span><span class=\"star\" style=\"display: inline-block;\"><svg class=\"star_solid\" aria-hidden=\"true\" role=\"img\" xmlns=\"http:\/\/www.w3.org\/2000\/svg\" viewBox=\"-8 -8 584 520\"><path d=\"M259.3 17.8L194 150.2 47.9 171.5c-26.2 3.8-36.7 36.1-17.7 54.6l105.7 103-25 145.5c-4.5 26.3 23.2 46 46.4 33.7L288 439.6l130.7 68.7c23.2 12.2 50.9-7.4 46.4-33.7l-25-145.5 105.7-103c19-18.5 8.5-50.8-17.7-54.6L382 150.2 316.7 17.8c-11.7-23.6-45.6-23.9-57.4 0z\"><\/path><\/svg><\/span><span class=\"star\" style=\"display: inline-block;\"><svg class=\"star_solid\" aria-hidden=\"true\" role=\"img\" xmlns=\"http:\/\/www.w3.org\/2000\/svg\" viewBox=\"-8 -8 584 520\"><path d=\"M259.3 17.8L194 150.2 47.9 171.5c-26.2 3.8-36.7 36.1-17.7 54.6l105.7 103-25 145.5c-4.5 26.3 23.2 46 46.4 33.7L288 439.6l130.7 68.7c23.2 12.2 50.9-7.4 46.4-33.7l-25-145.5 105.7-103c19-18.5 8.5-50.8-17.7-54.6L382 150.2 316.7 17.8c-11.7-23.6-45.6-23.9-57.4 0z\"><\/path><\/svg><\/span><span class=\"star\" style=\"display: inline-block;\"><svg class=\"star_solid\" aria-hidden=\"true\" role=\"img\" xmlns=\"http:\/\/www.w3.org\/2000\/svg\" viewBox=\"-8 -8 584 520\"><path d=\"M259.3 17.8L194 150.2 47.9 171.5c-26.2 3.8-36.7 36.1-17.7 54.6l105.7 103-25 145.5c-4.5 26.3 23.2 46 46.4 33.7L288 439.6l130.7 68.7c23.2 12.2 50.9-7.4 46.4-33.7l-25-145.5 105.7-103c19-18.5 8.5-50.8-17.7-54.6L382 150.2 316.7 17.8c-11.7-23.6-45.6-23.9-57.4 0z\"><\/path><\/svg><\/span><\/span><\/span><\/div><div class=\"wpmtst-testimonial-field testimonial-field testimonial-name\">AlessandroPollace-Italie<\/div><div class=\"wpmtst-testimonial-field testimonial-field testimonial-company\">Septembre 2024<\/div><div class=\"clear\"><\/div><\/div><\/div><div class=\"wpmtst-testimonial testimonial t-slide post-4851\"><div class=\"wpmtst-testimonial-inner testimonial-inner\"><div data-infinite-loop=\"true\"  class=\"wpmtst-testimonial-content  testimonial-content\"><h3 class=\"wpmtst-testimonial-heading testimonial-heading\">Un vol alpin exceptionnel avec MiGFlug<\/h3><div class=\"readmore-excerpt animated \"><div style=\"display:inline;\">C&#8217;\u00e9tait mon troisi\u00e8me vol avec MiGFlug, et j&#8217;ai choisi l&#8217;a\u00e9rodrome pr\u00e8s de Turin, en Italie, pour ses paysages \u00e9poustouflants. Le pilote, Paolo, m&#8217;a expliqu\u00e9 la mission caritative de l&#8217;entreprise, qui consiste \u00e0 inspirer les jeunes aviateurs. Apr\u00e8s un briefing de s\u00e9curit\u00e9 en douceur, j&#8217;ai pilot\u00e9 l&#8217;avion pendant 90 % du temps, en effectuant diverses man\u0153uvres<\/div><div class=\"ellipsis\" style=\"display:inline;\">&hellip; <\/div><\/div><div class=\"readmore-content animated \"  id=\"more-4851\" hidden> C&#8217;\u00e9tait mon troisi\u00e8me vol avec MiGFlug, et j&#8217;ai choisi l&#8217;a\u00e9rodrome pr\u00e8s de Turin, en Italie, pour ses paysages \u00e9poustouflants. Le pilote, Paolo, m&#8217;a expliqu\u00e9 la mission caritative de l&#8217;entreprise, qui consiste \u00e0 inspirer les jeunes aviateurs. Apr\u00e8s un briefing de s\u00e9curit\u00e9 en douceur, j&#8217;ai pilot\u00e9 l&#8217;avion pendant 90 % du temps, en effectuant diverses man\u0153uvres et en profitant de la vue \u00e0 couper le souffle sur les Alpes. Paolo \u00e9tait fantastique et son anglais impeccable a facilit\u00e9 la communication. MiGFlug est fiable et digne de confiance, et j&#8217;attends avec impatience mon prochain vol !\n<\/div><p><a aria-expanded=\"false\" aria-controls=\"more-4851\" role=\"button\" tabindex=\"0\" class=\"readmore readmore-toggle\"><span class=\"readmore-text\" data-more-text=\"Lire Plus\" data-less-text=\"Afficher moins\">Lire Plus<span class=\"screen-reader-text\"> &#8220;Un vol alpin exceptionnel avec MiGFlug&#8221;<\/span><\/span><\/a><\/p><\/div><div class=\"wpmtst-testimonial-field testimonial-field testimonial-rating\"><span class=\"strong-rating-wrapper in-view\"><span class=\"strong-rating\"><span class=\"star\" style=\"display: none;\"><\/span><span class=\"star\" style=\"display: inline-block;\"><svg class=\"star_solid\" aria-hidden=\"true\" role=\"img\" xmlns=\"http:\/\/www.w3.org\/2000\/svg\" viewBox=\"-8 -8 584 520\"><path d=\"M259.3 17.8L194 150.2 47.9 171.5c-26.2 3.8-36.7 36.1-17.7 54.6l105.7 103-25 145.5c-4.5 26.3 23.2 46 46.4 33.7L288 439.6l130.7 68.7c23.2 12.2 50.9-7.4 46.4-33.7l-25-145.5 105.7-103c19-18.5 8.5-50.8-17.7-54.6L382 150.2 316.7 17.8c-11.7-23.6-45.6-23.9-57.4 0z\"><\/path><\/svg><\/span><span class=\"star\" style=\"display: inline-block;\"><svg class=\"star_solid\" aria-hidden=\"true\" role=\"img\" xmlns=\"http:\/\/www.w3.org\/2000\/svg\" viewBox=\"-8 -8 584 520\"><path d=\"M259.3 17.8L194 150.2 47.9 171.5c-26.2 3.8-36.7 36.1-17.7 54.6l105.7 103-25 145.5c-4.5 26.3 23.2 46 46.4 33.7L288 439.6l130.7 68.7c23.2 12.2 50.9-7.4 46.4-33.7l-25-145.5 105.7-103c19-18.5 8.5-50.8-17.7-54.6L382 150.2 316.7 17.8c-11.7-23.6-45.6-23.9-57.4 0z\"><\/path><\/svg><\/span><span class=\"star\" style=\"display: inline-block;\"><svg class=\"star_solid\" aria-hidden=\"true\" role=\"img\" xmlns=\"http:\/\/www.w3.org\/2000\/svg\" viewBox=\"-8 -8 584 520\"><path d=\"M259.3 17.8L194 150.2 47.9 171.5c-26.2 3.8-36.7 36.1-17.7 54.6l105.7 103-25 145.5c-4.5 26.3 23.2 46 46.4 33.7L288 439.6l130.7 68.7c23.2 12.2 50.9-7.4 46.4-33.7l-25-145.5 105.7-103c19-18.5 8.5-50.8-17.7-54.6L382 150.2 316.7 17.8c-11.7-23.6-45.6-23.9-57.4 0z\"><\/path><\/svg><\/span><span class=\"star\" style=\"display: inline-block;\"><svg class=\"star_solid\" aria-hidden=\"true\" role=\"img\" xmlns=\"http:\/\/www.w3.org\/2000\/svg\" viewBox=\"-8 -8 584 520\"><path d=\"M259.3 17.8L194 150.2 47.9 171.5c-26.2 3.8-36.7 36.1-17.7 54.6l105.7 103-25 145.5c-4.5 26.3 23.2 46 46.4 33.7L288 439.6l130.7 68.7c23.2 12.2 50.9-7.4 46.4-33.7l-25-145.5 105.7-103c19-18.5 8.5-50.8-17.7-54.6L382 150.2 316.7 17.8c-11.7-23.6-45.6-23.9-57.4 0z\"><\/path><\/svg><\/span><span class=\"star\" style=\"display: inline-block;\"><svg class=\"star_solid\" aria-hidden=\"true\" role=\"img\" xmlns=\"http:\/\/www.w3.org\/2000\/svg\" viewBox=\"-8 -8 584 520\"><path d=\"M259.3 17.8L194 150.2 47.9 171.5c-26.2 3.8-36.7 36.1-17.7 54.6l105.7 103-25 145.5c-4.5 26.3 23.2 46 46.4 33.7L288 439.6l130.7 68.7c23.2 12.2 50.9-7.4 46.4-33.7l-25-145.5 105.7-103c19-18.5 8.5-50.8-17.7-54.6L382 150.2 316.7 17.8c-11.7-23.6-45.6-23.9-57.4 0z\"><\/path><\/svg><\/span><\/span><\/span><\/div><div class=\"wpmtst-testimonial-field testimonial-field testimonial-name\">GrahamSagar-Royaume-Uni<\/div><div class=\"wpmtst-testimonial-field testimonial-field testimonial-company\">Septembre 2024<\/div><div class=\"clear\"><\/div><\/div><\/div><\/div><\/div>\n<p>[\/et_pb_text][\/et_pb_column][\/et_pb_row][\/et_pb_section]<\/p>\n","protected":false},"excerpt":{"rendered":"<p>Nos clients entousiastes souhaitent partager de leur exp\u00e9rience avec MiGFlug. Depuis 2004, nous accueillons des clients du monde entier sur diff\u00e9rents a\u00e9rodromes. Nous sommes fiers de nous \u00eatre fait des amis en Australie, en Allemagne, en France, en Angleterre, \u00e0 Hong Kong, au Canada, aux Etats-Unis, en Suisse, en Slov\u00e9nie, en Arabie Saoudite et en<a href=\"https:\/\/migflug.com\/fr\/temoignages-2\/\" class=\"readmore\">Lire Plus<span class=\"screen-reader-text\"> &#8220;T\u00e9moignages&#8221;<\/span><\/a><\/p>\n","protected":false},"author":1,"featured_media":0,"parent":0,"menu_order":0,"comment_status":"closed","ping_status":"closed","template":"","meta":{"_et_pb_use_builder":"on","_et_pb_old_content":"[et_pb_section bb_built=\"1\" admin_label=\"Sektion\" fullwidth=\"on\" specialty=\"off\"][et_pb_fullwidth_image admin_label=\"Volle Breite des Bildes\" src=\"https:\/\/migflug.com\/de\/wp-content\/uploads\/sites\/2\/2017\/04\/l-39-riga-baltic-bees-2.jpg\" alt=\"Referenzen und Testimonials - MiGFlug GmbH\" show_in_lightbox=\"off\" url_new_window=\"off\" use_overlay=\"off\" animation=\"off\" disabled=\"off\" disabled_on=\"on|off|off\" use_border_color=\"off\" border_color=\"#ffffff\" border_style=\"solid\" \/][et_pb_fullwidth_image admin_label=\"Volle Breite des Bildes\" src=\"https:\/\/migflug.com\/de\/wp-content\/uploads\/sites\/2\/2017\/04\/l-39-riga-baltic-bees-mo-2.jpg\" alt=\"Referenzen und Testimonials - MiGFlug GmbH\" show_in_lightbox=\"off\" url_new_window=\"off\" use_overlay=\"off\" animation=\"off\" disabled=\"off\" disabled_on=\"|on|on\" use_border_color=\"off\" border_color=\"#ffffff\" border_style=\"solid\" \/][\/et_pb_section][et_pb_section bb_built=\"1\" admin_label=\"Sektion\" fullwidth=\"off\" specialty=\"off\"][et_pb_row admin_label=\"Zeile\"][et_pb_column type=\"4_4\"][et_pb_text admin_label=\"Text\" background_layout=\"light\" text_orientation=\"left\" use_border_color=\"off\" border_color=\"#ffffff\" border_style=\"solid\"]\r\n\r\n<h1>Referenzen: Begeisterte Kunden sind unser bestes Zeugnis<\/h1>\r\n<p class=\"main-text\">Seit 2004 durften wir hunderte Kunden aus Australien, Deutschland, Frankreich, England, Hong Kong, Kanada, den USA, der Schweiz, Slowenien, Saudi-Arabien, \u00d6sterreich und weiteren L\u00e4ndern begr\u00fcssen.<\/p>\r\n<p class=\"main-text\">Hier finden Sie einige R\u00fcckmeldungen, die wir von begeisterten Kunden erhalten haben. Wenn Sie pers\u00f6nliche Fragen an unsere Kunden haben, kontaktieren Sie uns bitte - gerne stellen wir f\u00fcr Sie den Kontakt her.<\/p>\r\n\r\n[\/et_pb_text][et_pb_text admin_label=\"Shortcode\" background_layout=\"light\" text_orientation=\"left\" use_border_color=\"off\" border_color=\"#ffffff\" border_style=\"solid\"]\r\n\r\n[show-testimonials alias='All Testmonials']\r\n\r\n[\/et_pb_text][\/et_pb_column][\/et_pb_row][\/et_pb_section]","_et_gb_content_width":"","editor_notices":[],"footnotes":""},"class_list":["post-922","page","type-page","status-publish","hentry"],"yoast_head":"<!-- This site is optimized with the Yoast SEO plugin v27.3 - https:\/\/yoast.com\/product\/yoast-seo-wordpress\/ -->\n<title>T\u00e9lmoignages - D\u00e9couvrez ce que disent nos clients | MiGFlug.com<\/title>\n<meta name=\"description\" content=\"D\u00e9couvrez ce que nos clients disent de leur journ\u00e9e unique et inoubliable en tant que pilote de chasse ! Vous aussi, transformez-vous en pilote !\" \/>\n<meta name=\"robots\" content=\"index, follow, max-snippet:-1, max-image-preview:large, max-video-preview:-1\" \/>\n<link rel=\"canonical\" href=\"https:\/\/migflug.com\/fr\/temoignages-2\/\" \/>\n<meta property=\"og:locale\" content=\"fr_FR\" \/>\n<meta property=\"og:type\" content=\"article\" \/>\n<meta property=\"og:title\" content=\"T\u00e9lmoignages - D\u00e9couvrez ce que disent nos clients | MiGFlug.com\" \/>\n<meta property=\"og:description\" content=\"D\u00e9couvrez ce que nos clients disent de leur journ\u00e9e unique et inoubliable en tant que pilote de chasse ! Vous aussi, transformez-vous en pilote !\" \/>\n<meta property=\"og:url\" content=\"https:\/\/migflug.com\/fr\/temoignages-2\/\" \/>\n<meta property=\"og:site_name\" content=\"MiGFlug\" \/>\n<meta property=\"article:modified_time\" content=\"2025-11-26T07:13:02+00:00\" \/>\n<meta name=\"twitter:card\" content=\"summary_large_image\" \/>\n<meta name=\"twitter:label1\" content=\"Dur\u00e9e de lecture estim\u00e9e\" \/>\n\t<meta name=\"twitter:data1\" content=\"1 minute\" \/>\n<script type=\"application\/ld+json\" class=\"yoast-schema-graph\">{\"@context\":\"https:\\\/\\\/schema.org\",\"@graph\":[{\"@type\":\"WebPage\",\"@id\":\"https:\\\/\\\/migflug.com\\\/fr\\\/temoignages-2\\\/\",\"url\":\"https:\\\/\\\/migflug.com\\\/fr\\\/temoignages-2\\\/\",\"name\":\"T\u00e9lmoignages - D\u00e9couvrez ce que disent nos clients | MiGFlug.com\",\"isPartOf\":{\"@id\":\"https:\\\/\\\/migflug.com\\\/fr\\\/#website\"},\"datePublished\":\"2017-10-26T07:31:17+00:00\",\"dateModified\":\"2025-11-26T07:13:02+00:00\",\"description\":\"D\u00e9couvrez ce que nos clients disent de leur journ\u00e9e unique et inoubliable en tant que pilote de chasse ! Vous aussi, transformez-vous en pilote !\",\"breadcrumb\":{\"@id\":\"https:\\\/\\\/migflug.com\\\/fr\\\/temoignages-2\\\/#breadcrumb\"},\"inLanguage\":\"fr-FR\",\"potentialAction\":[{\"@type\":\"ReadAction\",\"target\":[\"https:\\\/\\\/migflug.com\\\/fr\\\/temoignages-2\\\/\"]}]},{\"@type\":\"BreadcrumbList\",\"@id\":\"https:\\\/\\\/migflug.com\\\/fr\\\/temoignages-2\\\/#breadcrumb\",\"itemListElement\":[{\"@type\":\"ListItem\",\"position\":1,\"name\":\"Startseite\",\"item\":\"https:\\\/\\\/migflug.com\\\/fr\\\/\"},{\"@type\":\"ListItem\",\"position\":2,\"name\":\"T\u00e9moignages\"}]},{\"@type\":\"WebSite\",\"@id\":\"https:\\\/\\\/migflug.com\\\/fr\\\/#website\",\"url\":\"https:\\\/\\\/migflug.com\\\/fr\\\/\",\"name\":\"MiGFlug\",\"description\":\"Fly a Jet Fighter Yourself\",\"publisher\":{\"@id\":\"https:\\\/\\\/migflug.com\\\/fr\\\/#organization\"},\"potentialAction\":[{\"@type\":\"SearchAction\",\"target\":{\"@type\":\"EntryPoint\",\"urlTemplate\":\"https:\\\/\\\/migflug.com\\\/fr\\\/?s={search_term_string}\"},\"query-input\":{\"@type\":\"PropertyValueSpecification\",\"valueRequired\":true,\"valueName\":\"search_term_string\"}}],\"inLanguage\":\"fr-FR\"},{\"@type\":\"Organization\",\"@id\":\"https:\\\/\\\/migflug.com\\\/fr\\\/#organization\",\"name\":\"MiGFlug GmbH\",\"url\":\"https:\\\/\\\/migflug.com\\\/fr\\\/\",\"logo\":{\"@type\":\"ImageObject\",\"inLanguage\":\"fr-FR\",\"@id\":\"https:\\\/\\\/migflug.com\\\/fr\\\/#\\\/schema\\\/logo\\\/image\\\/\",\"url\":\"https:\\\/\\\/migflug.com\\\/fr\\\/wp-content\\\/uploads\\\/sites\\\/7\\\/2018\\\/10\\\/logo-migflug-blue.png\",\"contentUrl\":\"https:\\\/\\\/migflug.com\\\/fr\\\/wp-content\\\/uploads\\\/sites\\\/7\\\/2018\\\/10\\\/logo-migflug-blue.png\",\"width\":200,\"height\":100,\"caption\":\"MiGFlug GmbH\"},\"image\":{\"@id\":\"https:\\\/\\\/migflug.com\\\/fr\\\/#\\\/schema\\\/logo\\\/image\\\/\"}}]}<\/script>\n<!-- \/ Yoast SEO plugin. -->","yoast_head_json":{"title":"T\u00e9lmoignages - D\u00e9couvrez ce que disent nos clients | MiGFlug.com","description":"D\u00e9couvrez ce que nos clients disent de leur journ\u00e9e unique et inoubliable en tant que pilote de chasse ! Vous aussi, transformez-vous en pilote !","robots":{"index":"index","follow":"follow","max-snippet":"max-snippet:-1","max-image-preview":"max-image-preview:large","max-video-preview":"max-video-preview:-1"},"canonical":"https:\/\/migflug.com\/fr\/temoignages-2\/","og_locale":"fr_FR","og_type":"article","og_title":"T\u00e9lmoignages - D\u00e9couvrez ce que disent nos clients | MiGFlug.com","og_description":"D\u00e9couvrez ce que nos clients disent de leur journ\u00e9e unique et inoubliable en tant que pilote de chasse ! Vous aussi, transformez-vous en pilote !","og_url":"https:\/\/migflug.com\/fr\/temoignages-2\/","og_site_name":"MiGFlug","article_modified_time":"2025-11-26T07:13:02+00:00","twitter_card":"summary_large_image","twitter_misc":{"Dur\u00e9e de lecture estim\u00e9e":"1 minute"},"schema":{"@context":"https:\/\/schema.org","@graph":[{"@type":"WebPage","@id":"https:\/\/migflug.com\/fr\/temoignages-2\/","url":"https:\/\/migflug.com\/fr\/temoignages-2\/","name":"T\u00e9lmoignages - D\u00e9couvrez ce que disent nos clients | MiGFlug.com","isPartOf":{"@id":"https:\/\/migflug.com\/fr\/#website"},"datePublished":"2017-10-26T07:31:17+00:00","dateModified":"2025-11-26T07:13:02+00:00","description":"D\u00e9couvrez ce que nos clients disent de leur journ\u00e9e unique et inoubliable en tant que pilote de chasse ! Vous aussi, transformez-vous en pilote !","breadcrumb":{"@id":"https:\/\/migflug.com\/fr\/temoignages-2\/#breadcrumb"},"inLanguage":"fr-FR","potentialAction":[{"@type":"ReadAction","target":["https:\/\/migflug.com\/fr\/temoignages-2\/"]}]},{"@type":"BreadcrumbList","@id":"https:\/\/migflug.com\/fr\/temoignages-2\/#breadcrumb","itemListElement":[{"@type":"ListItem","position":1,"name":"Startseite","item":"https:\/\/migflug.com\/fr\/"},{"@type":"ListItem","position":2,"name":"T\u00e9moignages"}]},{"@type":"WebSite","@id":"https:\/\/migflug.com\/fr\/#website","url":"https:\/\/migflug.com\/fr\/","name":"MiGFlug","description":"Fly a Jet Fighter Yourself","publisher":{"@id":"https:\/\/migflug.com\/fr\/#organization"},"potentialAction":[{"@type":"SearchAction","target":{"@type":"EntryPoint","urlTemplate":"https:\/\/migflug.com\/fr\/?s={search_term_string}"},"query-input":{"@type":"PropertyValueSpecification","valueRequired":true,"valueName":"search_term_string"}}],"inLanguage":"fr-FR"},{"@type":"Organization","@id":"https:\/\/migflug.com\/fr\/#organization","name":"MiGFlug GmbH","url":"https:\/\/migflug.com\/fr\/","logo":{"@type":"ImageObject","inLanguage":"fr-FR","@id":"https:\/\/migflug.com\/fr\/#\/schema\/logo\/image\/","url":"https:\/\/migflug.com\/fr\/wp-content\/uploads\/sites\/7\/2018\/10\/logo-migflug-blue.png","contentUrl":"https:\/\/migflug.com\/fr\/wp-content\/uploads\/sites\/7\/2018\/10\/logo-migflug-blue.png","width":200,"height":100,"caption":"MiGFlug GmbH"},"image":{"@id":"https:\/\/migflug.com\/fr\/#\/schema\/logo\/image\/"}}]}},"_links":{"self":[{"href":"https:\/\/migflug.com\/fr\/wp-json\/wp\/v2\/pages\/922","targetHints":{"allow":["GET"]}}],"collection":[{"href":"https:\/\/migflug.com\/fr\/wp-json\/wp\/v2\/pages"}],"about":[{"href":"https:\/\/migflug.com\/fr\/wp-json\/wp\/v2\/types\/page"}],"author":[{"embeddable":true,"href":"https:\/\/migflug.com\/fr\/wp-json\/wp\/v2\/users\/1"}],"replies":[{"embeddable":true,"href":"https:\/\/migflug.com\/fr\/wp-json\/wp\/v2\/comments?post=922"}],"version-history":[{"count":2,"href":"https:\/\/migflug.com\/fr\/wp-json\/wp\/v2\/pages\/922\/revisions"}],"predecessor-version":[{"id":5216,"href":"https:\/\/migflug.com\/fr\/wp-json\/wp\/v2\/pages\/922\/revisions\/5216"}],"wp:attachment":[{"href":"https:\/\/migflug.com\/fr\/wp-json\/wp\/v2\/media?parent=922"}],"curies":[{"name":"wp","href":"https:\/\/api.w.org\/{rel}","templated":true}]}}