{"id":73,"date":"2017-01-23T11:03:20","date_gmt":"2017-01-23T10:03:20","guid":{"rendered":"http:\/\/migflug.com\/?page_id=73"},"modified":"2025-12-03T07:41:11","modified_gmt":"2025-12-03T06:41:11","slug":"acquista-buono-regalo","status":"publish","type":"page","link":"https:\/\/migflug.com\/it\/acquista-buono-regalo\/","title":{"rendered":"Acquista un buono regalo"},"content":{"rendered":"<p>[et_pb_section fb_built=&#8221;1&#8243; admin_label=&#8221;section&#8221; _builder_version=&#8221;4.16&#8243; global_colors_info=&#8221;{}&#8221;][et_pb_row admin_label=&#8221;row&#8221; _builder_version=&#8221;4.16&#8243; background_size=&#8221;initial&#8221; background_position=&#8221;top_left&#8221; background_repeat=&#8221;repeat&#8221; global_colors_info=&#8221;{}&#8221;][et_pb_column type=&#8221;4_4&#8243; _builder_version=&#8221;4.16&#8243; custom_padding=&#8221;|||&#8221; global_colors_info=&#8221;{}&#8221; custom_padding__hover=&#8221;|||&#8221;][et_pb_text admin_label=&#8221;Flug schenken &#8211; Introtext&#8221; _builder_version=&#8221;4.16&#8243; global_colors_info=&#8221;{}&#8221;]<\/p>\n<h1>Fai un regalo indimenticabile<\/h1>\n<p>I nostri voli su jet da combattimento possono essere facilmente regalati come voucher senza necessit\u00e0 di specificare la data esatta. L&#8217;ampia disponibilit\u00e0 in tutte le nostre sedi permette di fissare una data in modo semplice e veloce. Non si pu\u00f2 sbagliare con noi.<\/p>\n<p><strong>Consentiamo una modifica rapida e semplice del volo, un cambio di localit\u00e0, una diversa durata del volo, ecc &#8211; tutto gratuitamente.<\/strong> Con noi siete in buone mani e vi offriamo la flessibilit\u00e0 necessaria per fare il regalo perfetto. Saremo lieti di consigliare personalmente il destinatario del regalo per garantirgli la migliore avventura di volo possibile.<\/p>\n<p>[\/et_pb_text][\/et_pb_column][\/et_pb_row][\/et_pb_section][et_pb_section fb_built=&#8221;1&#8243; _builder_version=&#8221;4.16&#8243; background_color=&#8221;#efefef&#8221; global_colors_info=&#8221;{}&#8221;][et_pb_row _builder_version=&#8221;4.16&#8243; background_size=&#8221;initial&#8221; background_position=&#8221;top_left&#8221; background_repeat=&#8221;repeat&#8221; global_colors_info=&#8221;{}&#8221;][et_pb_column type=&#8221;4_4&#8243; _builder_version=&#8221;4.16&#8243; custom_padding=&#8221;|||&#8221; global_colors_info=&#8221;{}&#8221; custom_padding__hover=&#8221;|||&#8221;][et_pb_text _builder_version=&#8221;4.27.4&#8243; text_orientation=&#8221;center&#8221; module_alignment=&#8221;center&#8221; global_colors_info=&#8221;{}&#8221;]<\/p>\n<h1 style=\"text-align: center;\">Acquista ora il tuo buono<\/h1>\n<p style=\"text-align: center;\">\u00c8 possibile configurare il proprio buono in pochi semplici passaggi. Non \u00e8 possibile commettere errori. Saremo lieti di modificare l&#8217;offerta selezionata senza costi aggiuntivi.<\/p>\n<p>[\/et_pb_text][\/et_pb_column][\/et_pb_row][et_pb_row _builder_version=&#8221;4.27.4&#8243; _module_preset=&#8221;default&#8221; global_colors_info=&#8221;{}&#8221;][et_pb_column type=&#8221;4_4&#8243; _builder_version=&#8221;4.27.4&#8243; _module_preset=&#8221;default&#8221; global_colors_info=&#8221;{}&#8221;][et_pb_button button_url=&#8221;https:\/\/booking.migflug.com\/it\/?isgift=ADDON-GIFT&#8221; button_text=&#8221;Configurare ora il regalo&#8221; _builder_version=&#8221;4.27.4&#8243; _module_preset=&#8221;default&#8221; hover_enabled=&#8221;0&#8243; global_colors_info=&#8221;{}&#8221; button_alignment=&#8221;center&#8221; sticky_enabled=&#8221;0&#8243;][\/et_pb_button][\/et_pb_column][\/et_pb_row][\/et_pb_section]<\/p>\n","protected":false},"excerpt":{"rendered":"<p>Fai un regalo indimenticabile I nostri voli su jet da combattimento possono essere facilmente regalati come voucher senza necessit\u00e0 di specificare la data esatta. L&#8217;ampia disponibilit\u00e0 in tutte le nostre sedi permette di fissare una data in modo semplice e veloce. Non si pu\u00f2 sbagliare con noi. Consentiamo una modifica rapida e semplice del volo, [&hellip;]<\/p>\n","protected":false},"author":1,"featured_media":0,"parent":0,"menu_order":0,"comment_status":"closed","ping_status":"closed","template":"","meta":{"_et_pb_use_builder":"on","_et_pb_old_content":"","_et_gb_content_width":"","editor_notices":[],"footnotes":""},"class_list":["post-73","page","type-page","status-publish","hentry"],"yoast_head":"<!-- This site is optimized with the Yoast SEO plugin v27.4 - https:\/\/yoast.com\/product\/yoast-seo-wordpress\/ -->\n<title>Acquista un buono regalo e fai un regalo indimenticabile | MiGFlug.com<\/title>\n<meta name=\"description\" content=\"Fai il regalo perfetto e acquista un volo con noi. Non preoccuparti - volo e date possono essere modificate successivamente.\" \/>\n<meta name=\"robots\" content=\"index, follow, max-snippet:-1, max-image-preview:large, max-video-preview:-1\" \/>\n<link rel=\"canonical\" href=\"https:\/\/migflug.com\/it\/acquista-buono-regalo\/\" \/>\n<meta property=\"og:locale\" content=\"it_IT\" \/>\n<meta property=\"og:type\" content=\"article\" \/>\n<meta property=\"og:title\" content=\"Acquista un buono regalo e fai un regalo indimenticabile | MiGFlug.com\" \/>\n<meta property=\"og:description\" content=\"Fai il regalo perfetto e acquista un volo con noi. Non preoccuparti - volo e date possono essere modificate successivamente.\" \/>\n<meta property=\"og:url\" content=\"https:\/\/migflug.com\/it\/acquista-buono-regalo\/\" \/>\n<meta property=\"og:site_name\" content=\"MiGFlug\" \/>\n<meta property=\"article:modified_time\" content=\"2025-12-03T06:41:11+00:00\" \/>\n<meta name=\"twitter:card\" content=\"summary_large_image\" \/>\n<meta name=\"twitter:label1\" content=\"Tempo di lettura stimato\" \/>\n\t<meta name=\"twitter:data1\" content=\"1 minuto\" \/>\n<script type=\"application\/ld+json\" class=\"yoast-schema-graph\">{\"@context\":\"https:\\\/\\\/schema.org\",\"@graph\":[{\"@type\":\"WebPage\",\"@id\":\"https:\\\/\\\/migflug.com\\\/it\\\/acquista-buono-regalo\\\/\",\"url\":\"https:\\\/\\\/migflug.com\\\/it\\\/acquista-buono-regalo\\\/\",\"name\":\"Acquista un buono regalo e fai un regalo indimenticabile | MiGFlug.com\",\"isPartOf\":{\"@id\":\"https:\\\/\\\/migflug.com\\\/it\\\/#website\"},\"datePublished\":\"2017-01-23T10:03:20+00:00\",\"dateModified\":\"2025-12-03T06:41:11+00:00\",\"description\":\"Fai il regalo perfetto e acquista un volo con noi. Non preoccuparti - volo e date possono essere modificate successivamente.\",\"breadcrumb\":{\"@id\":\"https:\\\/\\\/migflug.com\\\/it\\\/acquista-buono-regalo\\\/#breadcrumb\"},\"inLanguage\":\"it-IT\",\"potentialAction\":[{\"@type\":\"ReadAction\",\"target\":[\"https:\\\/\\\/migflug.com\\\/it\\\/acquista-buono-regalo\\\/\"]}]},{\"@type\":\"BreadcrumbList\",\"@id\":\"https:\\\/\\\/migflug.com\\\/it\\\/acquista-buono-regalo\\\/#breadcrumb\",\"itemListElement\":[{\"@type\":\"ListItem\",\"position\":1,\"name\":\"Startseite\",\"item\":\"https:\\\/\\\/migflug.com\\\/it\\\/\"},{\"@type\":\"ListItem\",\"position\":2,\"name\":\"Acquista un buono regalo\"}]},{\"@type\":\"WebSite\",\"@id\":\"https:\\\/\\\/migflug.com\\\/it\\\/#website\",\"url\":\"https:\\\/\\\/migflug.com\\\/it\\\/\",\"name\":\"MiGFlug\",\"description\":\"Fly a Jet Fighter Yourself\",\"publisher\":{\"@id\":\"https:\\\/\\\/migflug.com\\\/it\\\/#organization\"},\"potentialAction\":[{\"@type\":\"SearchAction\",\"target\":{\"@type\":\"EntryPoint\",\"urlTemplate\":\"https:\\\/\\\/migflug.com\\\/it\\\/?s={search_term_string}\"},\"query-input\":{\"@type\":\"PropertyValueSpecification\",\"valueRequired\":true,\"valueName\":\"search_term_string\"}}],\"inLanguage\":\"it-IT\"},{\"@type\":\"Organization\",\"@id\":\"https:\\\/\\\/migflug.com\\\/it\\\/#organization\",\"name\":\"MiGFlug GmbH\",\"url\":\"https:\\\/\\\/migflug.com\\\/it\\\/\",\"logo\":{\"@type\":\"ImageObject\",\"inLanguage\":\"it-IT\",\"@id\":\"https:\\\/\\\/migflug.com\\\/it\\\/#\\\/schema\\\/logo\\\/image\\\/\",\"url\":\"https:\\\/\\\/migflug.com\\\/it\\\/wp-content\\\/uploads\\\/sites\\\/5\\\/2018\\\/10\\\/logo-migflug-blue.png\",\"contentUrl\":\"https:\\\/\\\/migflug.com\\\/it\\\/wp-content\\\/uploads\\\/sites\\\/5\\\/2018\\\/10\\\/logo-migflug-blue.png\",\"width\":200,\"height\":100,\"caption\":\"MiGFlug GmbH\"},\"image\":{\"@id\":\"https:\\\/\\\/migflug.com\\\/it\\\/#\\\/schema\\\/logo\\\/image\\\/\"}}]}<\/script>\n<!-- \/ Yoast SEO plugin. -->","yoast_head_json":{"title":"Acquista un buono regalo e fai un regalo indimenticabile | MiGFlug.com","description":"Fai il regalo perfetto e acquista un volo con noi. Non preoccuparti - volo e date possono essere modificate successivamente.","robots":{"index":"index","follow":"follow","max-snippet":"max-snippet:-1","max-image-preview":"max-image-preview:large","max-video-preview":"max-video-preview:-1"},"canonical":"https:\/\/migflug.com\/it\/acquista-buono-regalo\/","og_locale":"it_IT","og_type":"article","og_title":"Acquista un buono regalo e fai un regalo indimenticabile | MiGFlug.com","og_description":"Fai il regalo perfetto e acquista un volo con noi. Non preoccuparti - volo e date possono essere modificate successivamente.","og_url":"https:\/\/migflug.com\/it\/acquista-buono-regalo\/","og_site_name":"MiGFlug","article_modified_time":"2025-12-03T06:41:11+00:00","twitter_card":"summary_large_image","twitter_misc":{"Tempo di lettura stimato":"1 minuto"},"schema":{"@context":"https:\/\/schema.org","@graph":[{"@type":"WebPage","@id":"https:\/\/migflug.com\/it\/acquista-buono-regalo\/","url":"https:\/\/migflug.com\/it\/acquista-buono-regalo\/","name":"Acquista un buono regalo e fai un regalo indimenticabile | MiGFlug.com","isPartOf":{"@id":"https:\/\/migflug.com\/it\/#website"},"datePublished":"2017-01-23T10:03:20+00:00","dateModified":"2025-12-03T06:41:11+00:00","description":"Fai il regalo perfetto e acquista un volo con noi. Non preoccuparti - volo e date possono essere modificate successivamente.","breadcrumb":{"@id":"https:\/\/migflug.com\/it\/acquista-buono-regalo\/#breadcrumb"},"inLanguage":"it-IT","potentialAction":[{"@type":"ReadAction","target":["https:\/\/migflug.com\/it\/acquista-buono-regalo\/"]}]},{"@type":"BreadcrumbList","@id":"https:\/\/migflug.com\/it\/acquista-buono-regalo\/#breadcrumb","itemListElement":[{"@type":"ListItem","position":1,"name":"Startseite","item":"https:\/\/migflug.com\/it\/"},{"@type":"ListItem","position":2,"name":"Acquista un buono regalo"}]},{"@type":"WebSite","@id":"https:\/\/migflug.com\/it\/#website","url":"https:\/\/migflug.com\/it\/","name":"MiGFlug","description":"Fly a Jet Fighter Yourself","publisher":{"@id":"https:\/\/migflug.com\/it\/#organization"},"potentialAction":[{"@type":"SearchAction","target":{"@type":"EntryPoint","urlTemplate":"https:\/\/migflug.com\/it\/?s={search_term_string}"},"query-input":{"@type":"PropertyValueSpecification","valueRequired":true,"valueName":"search_term_string"}}],"inLanguage":"it-IT"},{"@type":"Organization","@id":"https:\/\/migflug.com\/it\/#organization","name":"MiGFlug GmbH","url":"https:\/\/migflug.com\/it\/","logo":{"@type":"ImageObject","inLanguage":"it-IT","@id":"https:\/\/migflug.com\/it\/#\/schema\/logo\/image\/","url":"https:\/\/migflug.com\/it\/wp-content\/uploads\/sites\/5\/2018\/10\/logo-migflug-blue.png","contentUrl":"https:\/\/migflug.com\/it\/wp-content\/uploads\/sites\/5\/2018\/10\/logo-migflug-blue.png","width":200,"height":100,"caption":"MiGFlug GmbH"},"image":{"@id":"https:\/\/migflug.com\/it\/#\/schema\/logo\/image\/"}}]}},"_links":{"self":[{"href":"https:\/\/migflug.com\/it\/wp-json\/wp\/v2\/pages\/73","targetHints":{"allow":["GET"]}}],"collection":[{"href":"https:\/\/migflug.com\/it\/wp-json\/wp\/v2\/pages"}],"about":[{"href":"https:\/\/migflug.com\/it\/wp-json\/wp\/v2\/types\/page"}],"author":[{"embeddable":true,"href":"https:\/\/migflug.com\/it\/wp-json\/wp\/v2\/users\/1"}],"replies":[{"embeddable":true,"href":"https:\/\/migflug.com\/it\/wp-json\/wp\/v2\/comments?post=73"}],"version-history":[{"count":4,"href":"https:\/\/migflug.com\/it\/wp-json\/wp\/v2\/pages\/73\/revisions"}],"predecessor-version":[{"id":5139,"href":"https:\/\/migflug.com\/it\/wp-json\/wp\/v2\/pages\/73\/revisions\/5139"}],"wp:attachment":[{"href":"https:\/\/migflug.com\/it\/wp-json\/wp\/v2\/media?parent=73"}],"curies":[{"name":"wp","href":"https:\/\/api.w.org\/{rel}","templated":true}]}}