{"id":922,"date":"2017-10-26T09:31:17","date_gmt":"2017-10-26T07:31:17","guid":{"rendered":"http:\/\/migflug.com\/?page_id=922"},"modified":"2025-11-26T08:13:49","modified_gmt":"2025-11-26T07:13:49","slug":"testimonials","status":"publish","type":"page","link":"https:\/\/migflug.com\/it\/testimonials\/","title":{"rendered":"Testimonials"},"content":{"rendered":"<p>[et_pb_section fb_built=&#8221;1&#8243; fullwidth=&#8221;on&#8221; _builder_version=&#8221;4.16&#8243; global_colors_info=&#8221;{}&#8221;][et_pb_fullwidth_image src=&#8221;https:\/\/migflug.com\/de\/wp-content\/uploads\/sites\/2\/2017\/04\/l-39-riga-baltic-bees-2.jpg&#8221; alt=&#8221;Referenzen und Testimonials &#8211; MiGFlug GmbH&#8221; disabled_on=&#8221;on|off|off&#8221; _builder_version=&#8221;4.16&#8243; animation=&#8221;off&#8221; use_border_color=&#8221;off&#8221; border_color=&#8221;#ffffff&#8221; border_style=&#8221;solid&#8221; global_colors_info=&#8221;{}&#8221;][\/et_pb_fullwidth_image][et_pb_fullwidth_image src=&#8221;https:\/\/migflug.com\/de\/wp-content\/uploads\/sites\/2\/2017\/04\/l-39-riga-baltic-bees-mo-2.jpg&#8221; alt=&#8221;Referenzen und Testimonials &#8211; MiGFlug GmbH&#8221; disabled_on=&#8221;|on|on&#8221; _builder_version=&#8221;4.16&#8243; animation=&#8221;off&#8221; use_border_color=&#8221;off&#8221; border_color=&#8221;#ffffff&#8221; border_style=&#8221;solid&#8221; global_colors_info=&#8221;{}&#8221;][\/et_pb_fullwidth_image][\/et_pb_section][et_pb_section fb_built=&#8221;1&#8243; _builder_version=&#8221;4.16&#8243; global_colors_info=&#8221;{}&#8221;][et_pb_row _builder_version=&#8221;4.16&#8243; background_size=&#8221;initial&#8221; background_position=&#8221;top_left&#8221; background_repeat=&#8221;repeat&#8221; global_colors_info=&#8221;{}&#8221;][et_pb_column type=&#8221;4_4&#8243; _builder_version=&#8221;4.16&#8243; custom_padding=&#8221;|||&#8221; global_colors_info=&#8221;{}&#8221; custom_padding__hover=&#8221;|||&#8221;][et_pb_text _builder_version=&#8221;4.16&#8243; background_size=&#8221;initial&#8221; background_position=&#8221;top_left&#8221; background_repeat=&#8221;repeat&#8221; module_alignment=&#8221;left&#8221; border_style=&#8221;solid&#8221; global_colors_info=&#8221;{}&#8221;]<\/p>\n<h1>Cosa dicono i nostri clienti riguardo la loro esperienza di volo<\/h1>\n<p>Dal 2004 accogliamo clienti di tutto il mondo in diversi campi d&#8217;aviazione. Siamo orgogliosi di aver fatto amicizie in Australia, Germania, Francia, Inghilterra, Hong Kong, Canada, Stati Uniti, Svizzera, Slovenia, Arabia Saudita, Austria &#8211; solo per citare alcuni esempi.<\/p>\n<p>Ecco alcune testimonianze che abbiamo ricevuto da clienti soddisfatti. Se hai delle domande che vorresti fargli personalmente, non esitare a contattarci. I nostri veterani saranno lieti di raccontarvi in prima persona la loro esperienza.<\/p>\n<p>&nbsp;<\/p>\n<p>[\/et_pb_text][et_pb_text admin_label=&#8221;Shortcode&#8221; _builder_version=&#8221;4.27.4&#8243; background_size=&#8221;initial&#8221; background_position=&#8221;top_left&#8221; background_repeat=&#8221;repeat&#8221; module_alignment=&#8221;left&#8221; hover_enabled=&#8221;0&#8243; border_style=&#8221;solid&#8221; global_colors_info=&#8221;{}&#8221; sticky_enabled=&#8221;0&#8243;]<\/p>\n<div class=\"strong-view strong-view-id-4 modern wpmtst-modern slider-container carousel slider-mode-horizontal slider-stretch controls-type-sides-outside controls-style-buttons3 has-review-markup\" data-count=\"2\" data-slider-var=\"strong_slider_id_4\" data-state=\"idle\" data-assignment=\"none\"><div class=\"strong-content wpmslider-content\"><div class=\"wpmtst-testimonial testimonial t-slide post-4772\"><div class=\"wpmtst-testimonial-inner testimonial-inner\"><div data-infinite-loop=\"true\"  class=\"wpmtst-testimonial-content  testimonial-content\"><h3 class=\"wpmtst-testimonial-heading testimonial-heading\">Incredibile volo alpino con MiGFlug<\/h3><div class=\"readmore-excerpt animated \"><div style=\"display:inline;\">Questo \u00e8 stato il mio terzo volo con MiGFlug e ho scelto il campo di volo vicino a Torino, in Italia, per il suo paesaggio mozzafiato. Il pilota, Paolo, mi ha spiegato la missione benefica dell&#8217;azienda di ispirare i giovani aviatori. Dopo un briefing sulla sicurezza, ho pilotato l&#8217;aereo per il 90% del tempo, eseguendo<\/div><div class=\"ellipsis\" style=\"display:inline;\">&hellip; <\/div><\/div><div class=\"readmore-content animated \"  id=\"more-4772\" hidden> Questo \u00e8 stato il mio terzo volo con MiGFlug e ho scelto il campo di volo vicino a Torino, in Italia, per il suo paesaggio mozzafiato. Il pilota, Paolo, mi ha spiegato la missione benefica dell&#8217;azienda di ispirare i giovani aviatori. Dopo un briefing sulla sicurezza, ho pilotato l&#8217;aereo per il 90% del tempo, eseguendo varie manovre e godendomi il panorama mozzafiato delle Alpi. Paolo \u00e8 stato fantastico e il suo inglese impeccabile ha reso facile la comunicazione. MiGFlug \u00e8 affidabile e degno di fiducia e non vedo l&#8217;ora di fare il mio prossimo volo!\n<\/div><p><a aria-expanded=\"false\" aria-controls=\"more-4772\" role=\"button\" tabindex=\"0\" class=\"readmore readmore-toggle\"><span class=\"readmore-text\" data-more-text=\"Read more\" data-less-text=\"Show less\">Read more<span class=\"screen-reader-text\"> &#8220;Incredibile volo alpino con MiGFlug&#8221;<\/span><\/span><\/a><\/p><\/div><div class=\"wpmtst-testimonial-field testimonial-field testimonial-rating\"><span class=\"strong-rating-wrapper in-view\"><span class=\"strong-rating\"><span class=\"star\" style=\"display: none;\"><\/span><span class=\"star\" style=\"display: inline-block;\"><svg class=\"star_solid\" aria-hidden=\"true\" role=\"img\" xmlns=\"http:\/\/www.w3.org\/2000\/svg\" viewBox=\"-8 -8 584 520\"><path d=\"M259.3 17.8L194 150.2 47.9 171.5c-26.2 3.8-36.7 36.1-17.7 54.6l105.7 103-25 145.5c-4.5 26.3 23.2 46 46.4 33.7L288 439.6l130.7 68.7c23.2 12.2 50.9-7.4 46.4-33.7l-25-145.5 105.7-103c19-18.5 8.5-50.8-17.7-54.6L382 150.2 316.7 17.8c-11.7-23.6-45.6-23.9-57.4 0z\"><\/path><\/svg><\/span><span class=\"star\" style=\"display: inline-block;\"><svg class=\"star_solid\" aria-hidden=\"true\" role=\"img\" xmlns=\"http:\/\/www.w3.org\/2000\/svg\" viewBox=\"-8 -8 584 520\"><path d=\"M259.3 17.8L194 150.2 47.9 171.5c-26.2 3.8-36.7 36.1-17.7 54.6l105.7 103-25 145.5c-4.5 26.3 23.2 46 46.4 33.7L288 439.6l130.7 68.7c23.2 12.2 50.9-7.4 46.4-33.7l-25-145.5 105.7-103c19-18.5 8.5-50.8-17.7-54.6L382 150.2 316.7 17.8c-11.7-23.6-45.6-23.9-57.4 0z\"><\/path><\/svg><\/span><span class=\"star\" style=\"display: inline-block;\"><svg class=\"star_solid\" aria-hidden=\"true\" role=\"img\" xmlns=\"http:\/\/www.w3.org\/2000\/svg\" viewBox=\"-8 -8 584 520\"><path d=\"M259.3 17.8L194 150.2 47.9 171.5c-26.2 3.8-36.7 36.1-17.7 54.6l105.7 103-25 145.5c-4.5 26.3 23.2 46 46.4 33.7L288 439.6l130.7 68.7c23.2 12.2 50.9-7.4 46.4-33.7l-25-145.5 105.7-103c19-18.5 8.5-50.8-17.7-54.6L382 150.2 316.7 17.8c-11.7-23.6-45.6-23.9-57.4 0z\"><\/path><\/svg><\/span><span class=\"star\" style=\"display: inline-block;\"><svg class=\"star_solid\" aria-hidden=\"true\" role=\"img\" xmlns=\"http:\/\/www.w3.org\/2000\/svg\" viewBox=\"-8 -8 584 520\"><path d=\"M259.3 17.8L194 150.2 47.9 171.5c-26.2 3.8-36.7 36.1-17.7 54.6l105.7 103-25 145.5c-4.5 26.3 23.2 46 46.4 33.7L288 439.6l130.7 68.7c23.2 12.2 50.9-7.4 46.4-33.7l-25-145.5 105.7-103c19-18.5 8.5-50.8-17.7-54.6L382 150.2 316.7 17.8c-11.7-23.6-45.6-23.9-57.4 0z\"><\/path><\/svg><\/span><span class=\"star\" style=\"display: inline-block;\"><svg class=\"star_solid\" aria-hidden=\"true\" role=\"img\" xmlns=\"http:\/\/www.w3.org\/2000\/svg\" viewBox=\"-8 -8 584 520\"><path d=\"M259.3 17.8L194 150.2 47.9 171.5c-26.2 3.8-36.7 36.1-17.7 54.6l105.7 103-25 145.5c-4.5 26.3 23.2 46 46.4 33.7L288 439.6l130.7 68.7c23.2 12.2 50.9-7.4 46.4-33.7l-25-145.5 105.7-103c19-18.5 8.5-50.8-17.7-54.6L382 150.2 316.7 17.8c-11.7-23.6-45.6-23.9-57.4 0z\"><\/path><\/svg><\/span><\/span><\/span><\/div><div class=\"wpmtst-testimonial-field testimonial-field testimonial-name\">GrahamSagar-Regno Unito<\/div><div class=\"wpmtst-testimonial-field testimonial-field testimonial-company\">Settembre 2024<\/div><div class=\"clear\"><\/div><\/div><\/div><div class=\"wpmtst-testimonial testimonial t-slide post-4773\"><div class=\"wpmtst-testimonial-inner testimonial-inner\"><div data-infinite-loop=\"true\"  class=\"wpmtst-testimonial-content  testimonial-content\"><h3 class=\"wpmtst-testimonial-heading testimonial-heading\">Esattamente quello che speravo!<\/h3><div class=\"readmore-excerpt animated \"><div style=\"display:inline;\">\u00c8 stato esattamente come l&#8217;avevo sognato, uno scenario alpino meraviglioso e buone condizioni meteo con qualche nuvola sparsa per rendere il tutto ancora migliore! Accoglienza super da parte dell&#8217;equipaggio esperto, programma di volo dinamico con manovre acrobatiche nel cielo di montagna, briefing chiaro prima della vendita e un bel tuffo nella storia dell&#8217;L39. Avrei voluto<\/div><div class=\"ellipsis\" style=\"display:inline;\">&hellip; <\/div><\/div><div class=\"readmore-content animated \"  id=\"more-4773\" hidden> \u00c8 stato esattamente come l&#8217;avevo sognato, uno scenario alpino meraviglioso e buone condizioni meteo con qualche nuvola sparsa per rendere il tutto ancora migliore! Accoglienza super da parte dell&#8217;equipaggio esperto, programma di volo dinamico con manovre acrobatiche nel cielo di montagna, briefing chiaro prima della vendita e un bel tuffo nella storia dell&#8217;L39. Avrei voluto farlo prima!\n<\/div><p><a aria-expanded=\"false\" aria-controls=\"more-4773\" role=\"button\" tabindex=\"0\" class=\"readmore readmore-toggle\"><span class=\"readmore-text\" data-more-text=\"Read more\" data-less-text=\"Show less\">Read more<span class=\"screen-reader-text\"> &#8220;Esattamente quello che speravo!&#8221;<\/span><\/span><\/a><\/p><\/div><div class=\"wpmtst-testimonial-field testimonial-field testimonial-rating\"><span class=\"strong-rating-wrapper in-view\"><span class=\"strong-rating\"><span class=\"star\" style=\"display: none;\"><\/span><span class=\"star\" style=\"display: inline-block;\"><svg class=\"star_solid\" aria-hidden=\"true\" role=\"img\" xmlns=\"http:\/\/www.w3.org\/2000\/svg\" viewBox=\"-8 -8 584 520\"><path d=\"M259.3 17.8L194 150.2 47.9 171.5c-26.2 3.8-36.7 36.1-17.7 54.6l105.7 103-25 145.5c-4.5 26.3 23.2 46 46.4 33.7L288 439.6l130.7 68.7c23.2 12.2 50.9-7.4 46.4-33.7l-25-145.5 105.7-103c19-18.5 8.5-50.8-17.7-54.6L382 150.2 316.7 17.8c-11.7-23.6-45.6-23.9-57.4 0z\"><\/path><\/svg><\/span><span class=\"star\" style=\"display: inline-block;\"><svg class=\"star_solid\" aria-hidden=\"true\" role=\"img\" xmlns=\"http:\/\/www.w3.org\/2000\/svg\" viewBox=\"-8 -8 584 520\"><path d=\"M259.3 17.8L194 150.2 47.9 171.5c-26.2 3.8-36.7 36.1-17.7 54.6l105.7 103-25 145.5c-4.5 26.3 23.2 46 46.4 33.7L288 439.6l130.7 68.7c23.2 12.2 50.9-7.4 46.4-33.7l-25-145.5 105.7-103c19-18.5 8.5-50.8-17.7-54.6L382 150.2 316.7 17.8c-11.7-23.6-45.6-23.9-57.4 0z\"><\/path><\/svg><\/span><span class=\"star\" style=\"display: inline-block;\"><svg class=\"star_solid\" aria-hidden=\"true\" role=\"img\" xmlns=\"http:\/\/www.w3.org\/2000\/svg\" viewBox=\"-8 -8 584 520\"><path d=\"M259.3 17.8L194 150.2 47.9 171.5c-26.2 3.8-36.7 36.1-17.7 54.6l105.7 103-25 145.5c-4.5 26.3 23.2 46 46.4 33.7L288 439.6l130.7 68.7c23.2 12.2 50.9-7.4 46.4-33.7l-25-145.5 105.7-103c19-18.5 8.5-50.8-17.7-54.6L382 150.2 316.7 17.8c-11.7-23.6-45.6-23.9-57.4 0z\"><\/path><\/svg><\/span><span class=\"star\" style=\"display: inline-block;\"><svg class=\"star_solid\" aria-hidden=\"true\" role=\"img\" xmlns=\"http:\/\/www.w3.org\/2000\/svg\" viewBox=\"-8 -8 584 520\"><path d=\"M259.3 17.8L194 150.2 47.9 171.5c-26.2 3.8-36.7 36.1-17.7 54.6l105.7 103-25 145.5c-4.5 26.3 23.2 46 46.4 33.7L288 439.6l130.7 68.7c23.2 12.2 50.9-7.4 46.4-33.7l-25-145.5 105.7-103c19-18.5 8.5-50.8-17.7-54.6L382 150.2 316.7 17.8c-11.7-23.6-45.6-23.9-57.4 0z\"><\/path><\/svg><\/span><span class=\"star\" style=\"display: inline-block;\"><svg class=\"star_solid\" aria-hidden=\"true\" role=\"img\" xmlns=\"http:\/\/www.w3.org\/2000\/svg\" viewBox=\"-8 -8 584 520\"><path d=\"M259.3 17.8L194 150.2 47.9 171.5c-26.2 3.8-36.7 36.1-17.7 54.6l105.7 103-25 145.5c-4.5 26.3 23.2 46 46.4 33.7L288 439.6l130.7 68.7c23.2 12.2 50.9-7.4 46.4-33.7l-25-145.5 105.7-103c19-18.5 8.5-50.8-17.7-54.6L382 150.2 316.7 17.8c-11.7-23.6-45.6-23.9-57.4 0z\"><\/path><\/svg><\/span><\/span><\/span><\/div><div class=\"wpmtst-testimonial-field testimonial-field testimonial-name\">AlessandroPollace-Italia<\/div><div class=\"wpmtst-testimonial-field testimonial-field testimonial-company\">Settembre 2024<\/div><div class=\"clear\"><\/div><\/div><\/div><\/div><\/div>\n<p>[\/et_pb_text][\/et_pb_column][\/et_pb_row][\/et_pb_section]<\/p>\n","protected":false},"excerpt":{"rendered":"<p>Cosa dicono i nostri clienti riguardo la loro esperienza di volo Dal 2004 accogliamo clienti di tutto il mondo in diversi campi d&#8217;aviazione. Siamo orgogliosi di aver fatto amicizie in Australia, Germania, Francia, Inghilterra, Hong Kong, Canada, Stati Uniti, Svizzera, Slovenia, Arabia Saudita, Austria &#8211; solo per citare alcuni esempi. Ecco alcune testimonianze che abbiamo<a href=\"https:\/\/migflug.com\/it\/testimonials\/\" class=\"readmore\">Read more<span class=\"screen-reader-text\"> &#8220;Testimonials&#8221;<\/span><\/a><\/p>\n","protected":false},"author":1,"featured_media":0,"parent":0,"menu_order":0,"comment_status":"closed","ping_status":"closed","template":"","meta":{"_et_pb_use_builder":"on","_et_pb_old_content":"[et_pb_section bb_built=\"1\" admin_label=\"Sektion\" fullwidth=\"on\" specialty=\"off\"][et_pb_fullwidth_image admin_label=\"Volle Breite des Bildes\" src=\"https:\/\/migflug.com\/de\/wp-content\/uploads\/sites\/2\/2017\/04\/l-39-riga-baltic-bees-2.jpg\" alt=\"Referenzen und Testimonials - MiGFlug GmbH\" show_in_lightbox=\"off\" url_new_window=\"off\" use_overlay=\"off\" animation=\"off\" disabled=\"off\" disabled_on=\"on|off|off\" use_border_color=\"off\" border_color=\"#ffffff\" border_style=\"solid\" \/][et_pb_fullwidth_image admin_label=\"Volle Breite des Bildes\" src=\"https:\/\/migflug.com\/de\/wp-content\/uploads\/sites\/2\/2017\/04\/l-39-riga-baltic-bees-mo-2.jpg\" alt=\"Referenzen und Testimonials - MiGFlug GmbH\" show_in_lightbox=\"off\" url_new_window=\"off\" use_overlay=\"off\" animation=\"off\" disabled=\"off\" disabled_on=\"|on|on\" use_border_color=\"off\" border_color=\"#ffffff\" border_style=\"solid\" \/][\/et_pb_section][et_pb_section bb_built=\"1\" admin_label=\"Sektion\" fullwidth=\"off\" specialty=\"off\"][et_pb_row admin_label=\"Zeile\"][et_pb_column type=\"4_4\"][et_pb_text admin_label=\"Text\" background_layout=\"light\" text_orientation=\"left\" use_border_color=\"off\" border_color=\"#ffffff\" border_style=\"solid\"]\r\n\r\n<h1>Referenzen: Begeisterte Kunden sind unser bestes Zeugnis<\/h1>\r\n<p class=\"main-text\">Seit 2004 durften wir hunderte Kunden aus Australien, Deutschland, Frankreich, England, Hong Kong, Kanada, den USA, der Schweiz, Slowenien, Saudi-Arabien, \u00d6sterreich und weiteren L\u00e4ndern begr\u00fcssen.<\/p>\r\n<p class=\"main-text\">Hier finden Sie einige R\u00fcckmeldungen, die wir von begeisterten Kunden erhalten haben. Wenn Sie pers\u00f6nliche Fragen an unsere Kunden haben, kontaktieren Sie uns bitte - gerne stellen wir f\u00fcr Sie den Kontakt her.<\/p>\r\n\r\n[\/et_pb_text][et_pb_text admin_label=\"Shortcode\" background_layout=\"light\" text_orientation=\"left\" use_border_color=\"off\" border_color=\"#ffffff\" border_style=\"solid\"]\r\n\r\n[show-testimonials alias='All Testmonials']\r\n\r\n[\/et_pb_text][\/et_pb_column][\/et_pb_row][\/et_pb_section]","_et_gb_content_width":"","editor_notices":[],"footnotes":""},"class_list":["post-922","page","type-page","status-publish","hentry"],"yoast_head":"<!-- This site is optimized with the Yoast SEO plugin v27.3 - https:\/\/yoast.com\/product\/yoast-seo-wordpress\/ -->\n<title>Testimonial - cosa dicono i nostri clienti | MiGFlug.com<\/title>\n<meta name=\"description\" content=\"Leggi qui cosa hanno da dire i nostri clienti soddisfatti dell&#039;esperienza da pilota per un giorno. Puoi pilotare un aereo anche tui!\" \/>\n<meta name=\"robots\" content=\"index, follow, max-snippet:-1, max-image-preview:large, max-video-preview:-1\" \/>\n<link rel=\"canonical\" href=\"https:\/\/migflug.com\/it\/testimonials\/\" \/>\n<meta property=\"og:locale\" content=\"it_IT\" \/>\n<meta property=\"og:type\" content=\"article\" \/>\n<meta property=\"og:title\" content=\"Testimonial - cosa dicono i nostri clienti | MiGFlug.com\" \/>\n<meta property=\"og:description\" content=\"Leggi qui cosa hanno da dire i nostri clienti soddisfatti dell&#039;esperienza da pilota per un giorno. Puoi pilotare un aereo anche tui!\" \/>\n<meta property=\"og:url\" content=\"https:\/\/migflug.com\/it\/testimonials\/\" \/>\n<meta property=\"og:site_name\" content=\"MiGFlug\" \/>\n<meta property=\"article:modified_time\" content=\"2025-11-26T07:13:49+00:00\" \/>\n<meta name=\"twitter:card\" content=\"summary_large_image\" \/>\n<meta name=\"twitter:label1\" content=\"Tempo di lettura stimato\" \/>\n\t<meta name=\"twitter:data1\" content=\"2 minuti\" \/>\n<script type=\"application\/ld+json\" class=\"yoast-schema-graph\">{\"@context\":\"https:\\\/\\\/schema.org\",\"@graph\":[{\"@type\":\"WebPage\",\"@id\":\"https:\\\/\\\/migflug.com\\\/it\\\/testimonials\\\/\",\"url\":\"https:\\\/\\\/migflug.com\\\/it\\\/testimonials\\\/\",\"name\":\"Testimonial - cosa dicono i nostri clienti | MiGFlug.com\",\"isPartOf\":{\"@id\":\"https:\\\/\\\/migflug.com\\\/it\\\/#website\"},\"datePublished\":\"2017-10-26T07:31:17+00:00\",\"dateModified\":\"2025-11-26T07:13:49+00:00\",\"description\":\"Leggi qui cosa hanno da dire i nostri clienti soddisfatti dell'esperienza da pilota per un giorno. Puoi pilotare un aereo anche tui!\",\"breadcrumb\":{\"@id\":\"https:\\\/\\\/migflug.com\\\/it\\\/testimonials\\\/#breadcrumb\"},\"inLanguage\":\"it-IT\",\"potentialAction\":[{\"@type\":\"ReadAction\",\"target\":[\"https:\\\/\\\/migflug.com\\\/it\\\/testimonials\\\/\"]}]},{\"@type\":\"BreadcrumbList\",\"@id\":\"https:\\\/\\\/migflug.com\\\/it\\\/testimonials\\\/#breadcrumb\",\"itemListElement\":[{\"@type\":\"ListItem\",\"position\":1,\"name\":\"Startseite\",\"item\":\"https:\\\/\\\/migflug.com\\\/it\\\/\"},{\"@type\":\"ListItem\",\"position\":2,\"name\":\"Testimonials\"}]},{\"@type\":\"WebSite\",\"@id\":\"https:\\\/\\\/migflug.com\\\/it\\\/#website\",\"url\":\"https:\\\/\\\/migflug.com\\\/it\\\/\",\"name\":\"MiGFlug\",\"description\":\"Fly a Jet Fighter Yourself\",\"publisher\":{\"@id\":\"https:\\\/\\\/migflug.com\\\/it\\\/#organization\"},\"potentialAction\":[{\"@type\":\"SearchAction\",\"target\":{\"@type\":\"EntryPoint\",\"urlTemplate\":\"https:\\\/\\\/migflug.com\\\/it\\\/?s={search_term_string}\"},\"query-input\":{\"@type\":\"PropertyValueSpecification\",\"valueRequired\":true,\"valueName\":\"search_term_string\"}}],\"inLanguage\":\"it-IT\"},{\"@type\":\"Organization\",\"@id\":\"https:\\\/\\\/migflug.com\\\/it\\\/#organization\",\"name\":\"MiGFlug GmbH\",\"url\":\"https:\\\/\\\/migflug.com\\\/it\\\/\",\"logo\":{\"@type\":\"ImageObject\",\"inLanguage\":\"it-IT\",\"@id\":\"https:\\\/\\\/migflug.com\\\/it\\\/#\\\/schema\\\/logo\\\/image\\\/\",\"url\":\"https:\\\/\\\/migflug.com\\\/it\\\/wp-content\\\/uploads\\\/sites\\\/5\\\/2018\\\/10\\\/logo-migflug-blue.png\",\"contentUrl\":\"https:\\\/\\\/migflug.com\\\/it\\\/wp-content\\\/uploads\\\/sites\\\/5\\\/2018\\\/10\\\/logo-migflug-blue.png\",\"width\":200,\"height\":100,\"caption\":\"MiGFlug GmbH\"},\"image\":{\"@id\":\"https:\\\/\\\/migflug.com\\\/it\\\/#\\\/schema\\\/logo\\\/image\\\/\"}}]}<\/script>\n<!-- \/ Yoast SEO plugin. -->","yoast_head_json":{"title":"Testimonial - cosa dicono i nostri clienti | MiGFlug.com","description":"Leggi qui cosa hanno da dire i nostri clienti soddisfatti dell'esperienza da pilota per un giorno. Puoi pilotare un aereo anche tui!","robots":{"index":"index","follow":"follow","max-snippet":"max-snippet:-1","max-image-preview":"max-image-preview:large","max-video-preview":"max-video-preview:-1"},"canonical":"https:\/\/migflug.com\/it\/testimonials\/","og_locale":"it_IT","og_type":"article","og_title":"Testimonial - cosa dicono i nostri clienti | MiGFlug.com","og_description":"Leggi qui cosa hanno da dire i nostri clienti soddisfatti dell'esperienza da pilota per un giorno. Puoi pilotare un aereo anche tui!","og_url":"https:\/\/migflug.com\/it\/testimonials\/","og_site_name":"MiGFlug","article_modified_time":"2025-11-26T07:13:49+00:00","twitter_card":"summary_large_image","twitter_misc":{"Tempo di lettura stimato":"2 minuti"},"schema":{"@context":"https:\/\/schema.org","@graph":[{"@type":"WebPage","@id":"https:\/\/migflug.com\/it\/testimonials\/","url":"https:\/\/migflug.com\/it\/testimonials\/","name":"Testimonial - cosa dicono i nostri clienti | MiGFlug.com","isPartOf":{"@id":"https:\/\/migflug.com\/it\/#website"},"datePublished":"2017-10-26T07:31:17+00:00","dateModified":"2025-11-26T07:13:49+00:00","description":"Leggi qui cosa hanno da dire i nostri clienti soddisfatti dell'esperienza da pilota per un giorno. Puoi pilotare un aereo anche tui!","breadcrumb":{"@id":"https:\/\/migflug.com\/it\/testimonials\/#breadcrumb"},"inLanguage":"it-IT","potentialAction":[{"@type":"ReadAction","target":["https:\/\/migflug.com\/it\/testimonials\/"]}]},{"@type":"BreadcrumbList","@id":"https:\/\/migflug.com\/it\/testimonials\/#breadcrumb","itemListElement":[{"@type":"ListItem","position":1,"name":"Startseite","item":"https:\/\/migflug.com\/it\/"},{"@type":"ListItem","position":2,"name":"Testimonials"}]},{"@type":"WebSite","@id":"https:\/\/migflug.com\/it\/#website","url":"https:\/\/migflug.com\/it\/","name":"MiGFlug","description":"Fly a Jet Fighter Yourself","publisher":{"@id":"https:\/\/migflug.com\/it\/#organization"},"potentialAction":[{"@type":"SearchAction","target":{"@type":"EntryPoint","urlTemplate":"https:\/\/migflug.com\/it\/?s={search_term_string}"},"query-input":{"@type":"PropertyValueSpecification","valueRequired":true,"valueName":"search_term_string"}}],"inLanguage":"it-IT"},{"@type":"Organization","@id":"https:\/\/migflug.com\/it\/#organization","name":"MiGFlug GmbH","url":"https:\/\/migflug.com\/it\/","logo":{"@type":"ImageObject","inLanguage":"it-IT","@id":"https:\/\/migflug.com\/it\/#\/schema\/logo\/image\/","url":"https:\/\/migflug.com\/it\/wp-content\/uploads\/sites\/5\/2018\/10\/logo-migflug-blue.png","contentUrl":"https:\/\/migflug.com\/it\/wp-content\/uploads\/sites\/5\/2018\/10\/logo-migflug-blue.png","width":200,"height":100,"caption":"MiGFlug GmbH"},"image":{"@id":"https:\/\/migflug.com\/it\/#\/schema\/logo\/image\/"}}]}},"_links":{"self":[{"href":"https:\/\/migflug.com\/it\/wp-json\/wp\/v2\/pages\/922","targetHints":{"allow":["GET"]}}],"collection":[{"href":"https:\/\/migflug.com\/it\/wp-json\/wp\/v2\/pages"}],"about":[{"href":"https:\/\/migflug.com\/it\/wp-json\/wp\/v2\/types\/page"}],"author":[{"embeddable":true,"href":"https:\/\/migflug.com\/it\/wp-json\/wp\/v2\/users\/1"}],"replies":[{"embeddable":true,"href":"https:\/\/migflug.com\/it\/wp-json\/wp\/v2\/comments?post=922"}],"version-history":[{"count":2,"href":"https:\/\/migflug.com\/it\/wp-json\/wp\/v2\/pages\/922\/revisions"}],"predecessor-version":[{"id":5133,"href":"https:\/\/migflug.com\/it\/wp-json\/wp\/v2\/pages\/922\/revisions\/5133"}],"wp:attachment":[{"href":"https:\/\/migflug.com\/it\/wp-json\/wp\/v2\/media?parent=922"}],"curies":[{"name":"wp","href":"https:\/\/api.w.org\/{rel}","templated":true}]}}