{"id":60,"date":"2017-01-23T08:58:15","date_gmt":"2017-01-23T07:58:15","guid":{"rendered":"http:\/\/migflug.com\/?page_id=60"},"modified":"2020-01-17T12:09:18","modified_gmt":"2020-01-17T11:09:18","slug":"rezerwacja","status":"publish","type":"page","link":"https:\/\/migflug.com\/pl\/rezerwacja\/","title":{"rendered":"Rezerwacja"},"content":{"rendered":"<p>[et_pb_section fb_built=&#8221;1&#8243; admin_label=&#8221;section&#8221; _builder_version=&#8221;3.22.3&#8243;][et_pb_row admin_label=&#8221;row&#8221; _builder_version=&#8221;3.25&#8243; background_size=&#8221;initial&#8221; background_position=&#8221;top_left&#8221; background_repeat=&#8221;repeat&#8221;][et_pb_column type=&#8221;4_4&#8243; _builder_version=&#8221;3.25&#8243; custom_padding=&#8221;|||&#8221; custom_padding__hover=&#8221;|||&#8221;][et_pb_text _builder_version=&#8221;4.0.5&#8243; background_size=&#8221;initial&#8221; background_position=&#8221;top_left&#8221; background_repeat=&#8221;repeat&#8221; module_alignment=&#8221;left&#8221; hover_enabled=&#8221;0&#8243;]<\/p>\n<h1 id=\"tw-target-text\" class=\"tw-data-text tw-ta tw-text-small\"><span lang=\"en\">Zarezerwuj lot, podaruj lot lub popro\u015b o wi\u0119cej informacji.<\/span><\/h1>\n<p>Nie zwlekaj i zarezerwuj dzi\u015b lot albo dla siebie, albo podaruj go jako niezwyk\u0142y prezent dla kogo\u015b szczeg\u00f3lnego. Je\u015bli masz jakie\u015b w\u0105tpliwo\u015bci lub pytania <a href=\"https:\/\/migflug.com\/pl\/kontakt\/\">napisz do nas<\/a>. Czekamy na Twoj\u0105 wiadomo\u015b\u0107.<\/p>\n<p>[\/et_pb_text][\/et_pb_column][\/et_pb_row][\/et_pb_section][et_pb_section fb_built=&#8221;1&#8243; custom_padding_last_edited=&#8221;on|desktop&#8221; disabled_on=&#8221;on|on|on&#8221; admin_label=&#8221;Section&#8221; _builder_version=&#8221;3.17.2&#8243; background_color=&#8221;#efefef&#8221; custom_padding_tablet=&#8221;50px|0|50px|0&#8243; custom_padding_phone=&#8221;&#8221; padding_mobile=&#8221;off&#8221; disabled=&#8221;on&#8221; global_module=&#8221;501&#8243;][et_pb_row column_structure=&#8221;1_3,1_3,1_3&#8243; _builder_version=&#8221;3.25&#8243; background_size=&#8221;initial&#8221; background_position=&#8221;top_left&#8221; background_repeat=&#8221;repeat&#8221; make_fullwidth=&#8221;off&#8221; use_custom_width=&#8221;off&#8221; width_unit=&#8221;on&#8221;][et_pb_column type=&#8221;1_3&#8243; _builder_version=&#8221;3.25&#8243; custom_padding=&#8221;|||&#8221; custom_padding__hover=&#8221;|||&#8221;][et_pb_blurb title=&#8221;Zarezerwuj lot my\u015bliwcem&#8221; url=&#8221;https:\/\/migflug.com\/de\/flug-schenken\/&#8221; use_icon=&#8221;on&#8221; font_icon=&#8221;%%114%%&#8221; icon_color=&#8221;#ffffff&#8221; use_circle=&#8221;on&#8221; circle_color=&#8221;#1d4092&#8243; admin_label=&#8221;Blurb &#8211; Buchen&#8221; _builder_version=&#8221;3.25.4&#8243; background_size=&#8221;initial&#8221; background_position=&#8221;top_left&#8221; background_repeat=&#8221;repeat&#8221; animation=&#8221;off&#8221; custom_css_blurb_image=&#8221;text-align: left !important;&#8221; custom_css_blurb_content=&#8221;text-align: left !important;&#8221; border_style=&#8221;solid&#8221;]<\/p>\n<p>Gotowy na Twoj\u0105 przygod\u0119 z my\u015bliwcami? Wype\u0142nij formularz rezerwacji, a wkr\u00f3tce si\u0119 odezwiemy!<\/p>\n<p>[\/et_pb_blurb][et_pb_button button_url=&#8221;http:\/\/migflug.com\/book-your-jet-flight\/&#8221; button_text=&#8221;Zarezerwuj lot&#8221; button_alignment=&#8221;left&#8221; _builder_version=&#8221;3.25.4&#8243; custom_button=&#8221;on&#8221; button_text_color=&#8221;#ffffff&#8221; button_text_size__hover_enabled=&#8221;off&#8221; button_text_size__hover=&#8221;null&#8221; button_one_text_size__hover_enabled=&#8221;off&#8221; button_one_text_size__hover=&#8221;null&#8221; button_two_text_size__hover_enabled=&#8221;off&#8221; button_two_text_size__hover=&#8221;null&#8221; button_text_color__hover_enabled=&#8221;off&#8221; button_text_color__hover=&#8221;null&#8221; button_one_text_color__hover_enabled=&#8221;off&#8221; button_one_text_color__hover=&#8221;null&#8221; button_two_text_color__hover_enabled=&#8221;off&#8221; button_two_text_color__hover=&#8221;null&#8221; button_border_width__hover_enabled=&#8221;off&#8221; button_border_width__hover=&#8221;null&#8221; button_one_border_width__hover_enabled=&#8221;off&#8221; button_one_border_width__hover=&#8221;null&#8221; button_two_border_width__hover_enabled=&#8221;off&#8221; button_two_border_width__hover=&#8221;null&#8221; button_border_color__hover_enabled=&#8221;off&#8221; button_border_color__hover=&#8221;null&#8221; button_one_border_color__hover_enabled=&#8221;off&#8221; button_one_border_color__hover=&#8221;null&#8221; button_two_border_color__hover_enabled=&#8221;off&#8221; button_two_border_color__hover=&#8221;null&#8221; button_border_radius__hover_enabled=&#8221;off&#8221; button_border_radius__hover=&#8221;null&#8221; button_one_border_radius__hover_enabled=&#8221;off&#8221; button_one_border_radius__hover=&#8221;null&#8221; button_two_border_radius__hover_enabled=&#8221;off&#8221; button_two_border_radius__hover=&#8221;null&#8221; button_letter_spacing__hover_enabled=&#8221;off&#8221; button_letter_spacing__hover=&#8221;null&#8221; button_one_letter_spacing__hover_enabled=&#8221;off&#8221; button_one_letter_spacing__hover=&#8221;null&#8221; button_two_letter_spacing__hover_enabled=&#8221;off&#8221; button_two_letter_spacing__hover=&#8221;null&#8221; button_bg_color__hover_enabled=&#8221;off&#8221; button_bg_color__hover=&#8221;null&#8221; button_one_bg_color__hover_enabled=&#8221;off&#8221; button_one_bg_color__hover=&#8221;null&#8221; button_two_bg_color__hover_enabled=&#8221;off&#8221; button_two_bg_color__hover=&#8221;null&#8221;][\/et_pb_button][\/et_pb_column][et_pb_column type=&#8221;1_3&#8243; _builder_version=&#8221;3.25&#8243; custom_padding=&#8221;|||&#8221; custom_padding__hover=&#8221;|||&#8221;][et_pb_blurb title=&#8221;Bon upominkowy na walk\u0119 powietrzn\u0105&#8221; url=&#8221;https:\/\/migflug.com\/buy-flight-gift-certificate\/&#8221; use_icon=&#8221;on&#8221; font_icon=&#8221;%%235%%&#8221; icon_color=&#8221;#ffffff&#8221; use_circle=&#8221;on&#8221; circle_color=&#8221;#1d4092&#8243; admin_label=&#8221;Blurb &#8211; Gutschein&#8221; _builder_version=&#8221;3.25.4&#8243; background_size=&#8221;initial&#8221; background_position=&#8221;top_left&#8221; background_repeat=&#8221;repeat&#8221; animation=&#8221;off&#8221; custom_css_blurb_image=&#8221;text-align: left !important;&#8221; custom_css_blurb_content=&#8221;text-align: left !important;&#8221; border_style=&#8221;solid&#8221;]<\/p>\n<p>Najlepszy prezent dla najlepszej osoby na \u015bwiecie &#8211; walka powietrzna w my\u015bliwcach przeciwko sobie?<\/p>\n<p>[\/et_pb_blurb][et_pb_button button_url=&#8221;http:\/\/migflug.com\/buy-flight-gift-certificate\/gift-certificate-europe\/?jet-euro=Air%20Combat,%20Riga%20(Latvia)&#8221; url_new_window=&#8221;on&#8221; button_text=&#8221;Kup bon upominkowy&#8221; button_alignment=&#8221;left&#8221; _builder_version=&#8221;3.25.4&#8243; custom_button=&#8221;on&#8221; button_text_color=&#8221;#ffffff&#8221; button_text_size__hover_enabled=&#8221;off&#8221; button_text_size__hover=&#8221;null&#8221; button_one_text_size__hover_enabled=&#8221;off&#8221; button_one_text_size__hover=&#8221;null&#8221; button_two_text_size__hover_enabled=&#8221;off&#8221; button_two_text_size__hover=&#8221;null&#8221; button_text_color__hover_enabled=&#8221;off&#8221; button_text_color__hover=&#8221;null&#8221; button_one_text_color__hover_enabled=&#8221;off&#8221; button_one_text_color__hover=&#8221;null&#8221; button_two_text_color__hover_enabled=&#8221;off&#8221; button_two_text_color__hover=&#8221;null&#8221; button_border_width__hover_enabled=&#8221;off&#8221; button_border_width__hover=&#8221;null&#8221; button_one_border_width__hover_enabled=&#8221;off&#8221; button_one_border_width__hover=&#8221;null&#8221; button_two_border_width__hover_enabled=&#8221;off&#8221; button_two_border_width__hover=&#8221;null&#8221; button_border_color__hover_enabled=&#8221;off&#8221; button_border_color__hover=&#8221;null&#8221; button_one_border_color__hover_enabled=&#8221;off&#8221; button_one_border_color__hover=&#8221;null&#8221; button_two_border_color__hover_enabled=&#8221;off&#8221; button_two_border_color__hover=&#8221;null&#8221; button_border_radius__hover_enabled=&#8221;off&#8221; button_border_radius__hover=&#8221;null&#8221; button_one_border_radius__hover_enabled=&#8221;off&#8221; button_one_border_radius__hover=&#8221;null&#8221; button_two_border_radius__hover_enabled=&#8221;off&#8221; button_two_border_radius__hover=&#8221;null&#8221; button_letter_spacing__hover_enabled=&#8221;off&#8221; button_letter_spacing__hover=&#8221;null&#8221; button_one_letter_spacing__hover_enabled=&#8221;off&#8221; button_one_letter_spacing__hover=&#8221;null&#8221; button_two_letter_spacing__hover_enabled=&#8221;off&#8221; button_two_letter_spacing__hover=&#8221;null&#8221; button_bg_color__hover_enabled=&#8221;off&#8221; button_bg_color__hover=&#8221;null&#8221; button_one_bg_color__hover_enabled=&#8221;off&#8221; button_one_bg_color__hover=&#8221;null&#8221; button_two_bg_color__hover_enabled=&#8221;off&#8221; button_two_bg_color__hover=&#8221;null&#8221;][\/et_pb_button][\/et_pb_column][et_pb_column type=&#8221;1_3&#8243; _builder_version=&#8221;3.25&#8243; custom_padding=&#8221;|||&#8221; custom_padding__hover=&#8221;|||&#8221;][et_pb_blurb title=&#8221;Kontakt&#8221; url=&#8221;https:\/\/migflug.com\/de\/flug-buchen\/&#8221; use_icon=&#8221;on&#8221; font_icon=&#8221;%%79%%&#8221; icon_color=&#8221;#ffffff&#8221; use_circle=&#8221;on&#8221; circle_color=&#8221;#1d4092&#8243; admin_label=&#8221;Blurb &#8211; Anfragen&#8221; _builder_version=&#8221;3.25.4&#8243; animation=&#8221;off&#8221; custom_css_blurb_image=&#8221;text-align: left !important;&#8221; custom_css_blurb_content=&#8221;text-align: left !important;&#8221;]<\/p>\n<p>Chcesz dowiedzie\u0107 si\u0119 wi\u0119cej o naszych lotach samolotami odrzutowymi, ofertach grupowych i motywacyjnych? Nie zwlekaj i skontaktuj si\u0119 z nami.<\/p>\n<p>[\/et_pb_blurb][et_pb_button button_url=&#8221;https:\/\/migflug.com\/more-informations\/&#8221; url_new_window=&#8221;on&#8221; button_text=&#8221;Popro\u015b o informacje&#8221; button_alignment=&#8221;left&#8221; _builder_version=&#8221;3.25.4&#8243; custom_button=&#8221;on&#8221; button_text_color=&#8221;#ffffff&#8221; button_text_size__hover_enabled=&#8221;off&#8221; button_text_size__hover=&#8221;null&#8221; button_one_text_size__hover_enabled=&#8221;off&#8221; button_one_text_size__hover=&#8221;null&#8221; button_two_text_size__hover_enabled=&#8221;off&#8221; button_two_text_size__hover=&#8221;null&#8221; button_text_color__hover_enabled=&#8221;off&#8221; button_text_color__hover=&#8221;null&#8221; button_one_text_color__hover_enabled=&#8221;off&#8221; button_one_text_color__hover=&#8221;null&#8221; button_two_text_color__hover_enabled=&#8221;off&#8221; button_two_text_color__hover=&#8221;null&#8221; button_border_width__hover_enabled=&#8221;off&#8221; button_border_width__hover=&#8221;null&#8221; button_one_border_width__hover_enabled=&#8221;off&#8221; button_one_border_width__hover=&#8221;null&#8221; button_two_border_width__hover_enabled=&#8221;off&#8221; button_two_border_width__hover=&#8221;null&#8221; button_border_color__hover_enabled=&#8221;off&#8221; button_border_color__hover=&#8221;null&#8221; button_one_border_color__hover_enabled=&#8221;off&#8221; button_one_border_color__hover=&#8221;null&#8221; button_two_border_color__hover_enabled=&#8221;off&#8221; button_two_border_color__hover=&#8221;null&#8221; button_border_radius__hover_enabled=&#8221;off&#8221; button_border_radius__hover=&#8221;null&#8221; button_one_border_radius__hover_enabled=&#8221;off&#8221; button_one_border_radius__hover=&#8221;null&#8221; button_two_border_radius__hover_enabled=&#8221;off&#8221; button_two_border_radius__hover=&#8221;null&#8221; button_letter_spacing__hover_enabled=&#8221;off&#8221; button_letter_spacing__hover=&#8221;null&#8221; button_one_letter_spacing__hover_enabled=&#8221;off&#8221; button_one_letter_spacing__hover=&#8221;null&#8221; button_two_letter_spacing__hover_enabled=&#8221;off&#8221; button_two_letter_spacing__hover=&#8221;null&#8221; button_bg_color__hover_enabled=&#8221;off&#8221; button_bg_color__hover=&#8221;null&#8221; button_one_bg_color__hover_enabled=&#8221;off&#8221; button_one_bg_color__hover=&#8221;null&#8221; button_two_bg_color__hover_enabled=&#8221;off&#8221; button_two_bg_color__hover=&#8221;null&#8221;][\/et_pb_button][\/et_pb_column][\/et_pb_row][\/et_pb_section]<\/p>\n","protected":false},"excerpt":{"rendered":"<p>Zarezerwuj lot, podaruj lot lub popro\u015b o wi\u0119cej informacji. Nie zwlekaj i zarezerwuj dzi\u015b lot albo dla siebie, albo podaruj go jako niezwyk\u0142y prezent dla kogo\u015b szczeg\u00f3lnego. Je\u015bli masz jakie\u015b w\u0105tpliwo\u015bci lub pytania napisz do nas. Czekamy na Twoj\u0105 wiadomo\u015b\u0107. Gotowy na Twoj\u0105 przygod\u0119 z my\u015bliwcami? Wype\u0142nij formularz rezerwacji, a wkr\u00f3tce si\u0119 odezwiemy!Najlepszy prezent dla [&hellip;]<\/p>\n","protected":false},"author":1,"featured_media":0,"parent":0,"menu_order":0,"comment_status":"closed","ping_status":"closed","template":"","meta":{"_et_pb_use_builder":"on","_et_pb_old_content":"","_et_gb_content_width":"","editor_notices":[],"footnotes":""},"class_list":["post-60","page","type-page","status-publish","hentry"],"yoast_head":"<!-- This site is optimized with the Yoast SEO plugin v27.3 - https:\/\/yoast.com\/product\/yoast-seo-wordpress\/ -->\n<title>Zarezerwuj lot i zosta\u0144 pilotem my\u015bliwca! | MiGFlug.com<\/title>\n<meta name=\"description\" content=\"Spe\u0142nij swoje marzenia lub zr\u00f3b doskona\u0142y prezent w postaci lotu my\u015bliwcem. Zobacz oferty i promocje na MiGFlug.com! Szwajcarska jako\u015b\u0107.\" \/>\n<meta name=\"robots\" content=\"index, follow, max-snippet:-1, max-image-preview:large, max-video-preview:-1\" \/>\n<link rel=\"canonical\" href=\"https:\/\/migflug.com\/pl\/rezerwacja\/\" \/>\n<meta property=\"og:locale\" content=\"pl_PL\" \/>\n<meta property=\"og:type\" content=\"article\" \/>\n<meta property=\"og:title\" content=\"Zarezerwuj lot i zosta\u0144 pilotem my\u015bliwca! | MiGFlug.com\" \/>\n<meta property=\"og:description\" content=\"Spe\u0142nij swoje marzenia lub zr\u00f3b doskona\u0142y prezent w postaci lotu my\u015bliwcem. Zobacz oferty i promocje na MiGFlug.com! Szwajcarska jako\u015b\u0107.\" \/>\n<meta property=\"og:url\" content=\"https:\/\/migflug.com\/pl\/rezerwacja\/\" \/>\n<meta property=\"og:site_name\" content=\"MiGFlug\" \/>\n<meta property=\"article:modified_time\" content=\"2020-01-17T11:09:18+00:00\" \/>\n<meta name=\"twitter:card\" content=\"summary_large_image\" \/>\n<meta name=\"twitter:label1\" content=\"Szacowany czas czytania\" \/>\n\t<meta name=\"twitter:data1\" content=\"7 minut\" \/>\n<script type=\"application\/ld+json\" class=\"yoast-schema-graph\">{\"@context\":\"https:\\\/\\\/schema.org\",\"@graph\":[{\"@type\":\"WebPage\",\"@id\":\"https:\\\/\\\/migflug.com\\\/pl\\\/rezerwacja\\\/\",\"url\":\"https:\\\/\\\/migflug.com\\\/pl\\\/rezerwacja\\\/\",\"name\":\"Zarezerwuj lot i zosta\u0144 pilotem my\u015bliwca! | MiGFlug.com\",\"isPartOf\":{\"@id\":\"https:\\\/\\\/migflug.com\\\/pl\\\/#website\"},\"datePublished\":\"2017-01-23T07:58:15+00:00\",\"dateModified\":\"2020-01-17T11:09:18+00:00\",\"description\":\"Spe\u0142nij swoje marzenia lub zr\u00f3b doskona\u0142y prezent w postaci lotu my\u015bliwcem. Zobacz oferty i promocje na MiGFlug.com! Szwajcarska jako\u015b\u0107.\",\"breadcrumb\":{\"@id\":\"https:\\\/\\\/migflug.com\\\/pl\\\/rezerwacja\\\/#breadcrumb\"},\"inLanguage\":\"pl-PL\",\"potentialAction\":[{\"@type\":\"ReadAction\",\"target\":[\"https:\\\/\\\/migflug.com\\\/pl\\\/rezerwacja\\\/\"]}]},{\"@type\":\"BreadcrumbList\",\"@id\":\"https:\\\/\\\/migflug.com\\\/pl\\\/rezerwacja\\\/#breadcrumb\",\"itemListElement\":[{\"@type\":\"ListItem\",\"position\":1,\"name\":\"Startseite\",\"item\":\"https:\\\/\\\/migflug.com\\\/pl\\\/\"},{\"@type\":\"ListItem\",\"position\":2,\"name\":\"Rezerwacja\"}]},{\"@type\":\"WebSite\",\"@id\":\"https:\\\/\\\/migflug.com\\\/pl\\\/#website\",\"url\":\"https:\\\/\\\/migflug.com\\\/pl\\\/\",\"name\":\"MiGFlug\",\"description\":\"Fly a Jet Fighter Yourself\",\"publisher\":{\"@id\":\"https:\\\/\\\/migflug.com\\\/pl\\\/#organization\"},\"potentialAction\":[{\"@type\":\"SearchAction\",\"target\":{\"@type\":\"EntryPoint\",\"urlTemplate\":\"https:\\\/\\\/migflug.com\\\/pl\\\/?s={search_term_string}\"},\"query-input\":{\"@type\":\"PropertyValueSpecification\",\"valueRequired\":true,\"valueName\":\"search_term_string\"}}],\"inLanguage\":\"pl-PL\"},{\"@type\":\"Organization\",\"@id\":\"https:\\\/\\\/migflug.com\\\/pl\\\/#organization\",\"name\":\"MiGFlug GmbH\",\"url\":\"https:\\\/\\\/migflug.com\\\/pl\\\/\",\"logo\":{\"@type\":\"ImageObject\",\"inLanguage\":\"pl-PL\",\"@id\":\"https:\\\/\\\/migflug.com\\\/pl\\\/#\\\/schema\\\/logo\\\/image\\\/\",\"url\":\"https:\\\/\\\/migflug.com\\\/pl\\\/wp-content\\\/uploads\\\/sites\\\/8\\\/2018\\\/10\\\/logo-migflug-blue.png\",\"contentUrl\":\"https:\\\/\\\/migflug.com\\\/pl\\\/wp-content\\\/uploads\\\/sites\\\/8\\\/2018\\\/10\\\/logo-migflug-blue.png\",\"width\":200,\"height\":100,\"caption\":\"MiGFlug GmbH\"},\"image\":{\"@id\":\"https:\\\/\\\/migflug.com\\\/pl\\\/#\\\/schema\\\/logo\\\/image\\\/\"}}]}<\/script>\n<!-- \/ Yoast SEO plugin. -->","yoast_head_json":{"title":"Zarezerwuj lot i zosta\u0144 pilotem my\u015bliwca! | MiGFlug.com","description":"Spe\u0142nij swoje marzenia lub zr\u00f3b doskona\u0142y prezent w postaci lotu my\u015bliwcem. Zobacz oferty i promocje na MiGFlug.com! Szwajcarska jako\u015b\u0107.","robots":{"index":"index","follow":"follow","max-snippet":"max-snippet:-1","max-image-preview":"max-image-preview:large","max-video-preview":"max-video-preview:-1"},"canonical":"https:\/\/migflug.com\/pl\/rezerwacja\/","og_locale":"pl_PL","og_type":"article","og_title":"Zarezerwuj lot i zosta\u0144 pilotem my\u015bliwca! | MiGFlug.com","og_description":"Spe\u0142nij swoje marzenia lub zr\u00f3b doskona\u0142y prezent w postaci lotu my\u015bliwcem. Zobacz oferty i promocje na MiGFlug.com! Szwajcarska jako\u015b\u0107.","og_url":"https:\/\/migflug.com\/pl\/rezerwacja\/","og_site_name":"MiGFlug","article_modified_time":"2020-01-17T11:09:18+00:00","twitter_card":"summary_large_image","twitter_misc":{"Szacowany czas czytania":"7 minut"},"schema":{"@context":"https:\/\/schema.org","@graph":[{"@type":"WebPage","@id":"https:\/\/migflug.com\/pl\/rezerwacja\/","url":"https:\/\/migflug.com\/pl\/rezerwacja\/","name":"Zarezerwuj lot i zosta\u0144 pilotem my\u015bliwca! | MiGFlug.com","isPartOf":{"@id":"https:\/\/migflug.com\/pl\/#website"},"datePublished":"2017-01-23T07:58:15+00:00","dateModified":"2020-01-17T11:09:18+00:00","description":"Spe\u0142nij swoje marzenia lub zr\u00f3b doskona\u0142y prezent w postaci lotu my\u015bliwcem. Zobacz oferty i promocje na MiGFlug.com! Szwajcarska jako\u015b\u0107.","breadcrumb":{"@id":"https:\/\/migflug.com\/pl\/rezerwacja\/#breadcrumb"},"inLanguage":"pl-PL","potentialAction":[{"@type":"ReadAction","target":["https:\/\/migflug.com\/pl\/rezerwacja\/"]}]},{"@type":"BreadcrumbList","@id":"https:\/\/migflug.com\/pl\/rezerwacja\/#breadcrumb","itemListElement":[{"@type":"ListItem","position":1,"name":"Startseite","item":"https:\/\/migflug.com\/pl\/"},{"@type":"ListItem","position":2,"name":"Rezerwacja"}]},{"@type":"WebSite","@id":"https:\/\/migflug.com\/pl\/#website","url":"https:\/\/migflug.com\/pl\/","name":"MiGFlug","description":"Fly a Jet Fighter Yourself","publisher":{"@id":"https:\/\/migflug.com\/pl\/#organization"},"potentialAction":[{"@type":"SearchAction","target":{"@type":"EntryPoint","urlTemplate":"https:\/\/migflug.com\/pl\/?s={search_term_string}"},"query-input":{"@type":"PropertyValueSpecification","valueRequired":true,"valueName":"search_term_string"}}],"inLanguage":"pl-PL"},{"@type":"Organization","@id":"https:\/\/migflug.com\/pl\/#organization","name":"MiGFlug GmbH","url":"https:\/\/migflug.com\/pl\/","logo":{"@type":"ImageObject","inLanguage":"pl-PL","@id":"https:\/\/migflug.com\/pl\/#\/schema\/logo\/image\/","url":"https:\/\/migflug.com\/pl\/wp-content\/uploads\/sites\/8\/2018\/10\/logo-migflug-blue.png","contentUrl":"https:\/\/migflug.com\/pl\/wp-content\/uploads\/sites\/8\/2018\/10\/logo-migflug-blue.png","width":200,"height":100,"caption":"MiGFlug GmbH"},"image":{"@id":"https:\/\/migflug.com\/pl\/#\/schema\/logo\/image\/"}}]}},"_links":{"self":[{"href":"https:\/\/migflug.com\/pl\/wp-json\/wp\/v2\/pages\/60","targetHints":{"allow":["GET"]}}],"collection":[{"href":"https:\/\/migflug.com\/pl\/wp-json\/wp\/v2\/pages"}],"about":[{"href":"https:\/\/migflug.com\/pl\/wp-json\/wp\/v2\/types\/page"}],"author":[{"embeddable":true,"href":"https:\/\/migflug.com\/pl\/wp-json\/wp\/v2\/users\/1"}],"replies":[{"embeddable":true,"href":"https:\/\/migflug.com\/pl\/wp-json\/wp\/v2\/comments?post=60"}],"version-history":[{"count":0,"href":"https:\/\/migflug.com\/pl\/wp-json\/wp\/v2\/pages\/60\/revisions"}],"wp:attachment":[{"href":"https:\/\/migflug.com\/pl\/wp-json\/wp\/v2\/media?parent=60"}],"curies":[{"name":"wp","href":"https:\/\/api.w.org\/{rel}","templated":true}]}}