{"id":69,"date":"2017-01-23T11:02:36","date_gmt":"2017-01-23T10:02:36","guid":{"rendered":"http:\/\/migflug.com\/?page_id=69"},"modified":"2019-07-24T13:12:45","modified_gmt":"2019-07-24T11:12:45","slug":"zapytaj-o-szczegoly","status":"publish","type":"page","link":"https:\/\/migflug.com\/pl\/zapytaj-o-szczegoly\/","title":{"rendered":"Zapytaj o szczeg\u00f3\u0142y"},"content":{"rendered":"<p>[et_pb_section fb_built=&#8221;1&#8243; admin_label=&#8221;section&#8221; _builder_version=&#8221;3.22.3&#8243;][et_pb_row admin_label=&#8221;row&#8221; _builder_version=&#8221;3.25&#8243; background_size=&#8221;initial&#8221; background_position=&#8221;top_left&#8221; background_repeat=&#8221;repeat&#8221;][et_pb_column type=&#8221;4_4&#8243; _builder_version=&#8221;3.25&#8243; custom_padding=&#8221;|||&#8221; custom_padding__hover=&#8221;|||&#8221;][et_pb_text admin_label=&#8221;Intro&#8221; _builder_version=&#8221;3.25.4&#8243; border_style=&#8221;solid&#8221;]<\/p>\n<h1>Masz pytanie dotycz\u0105ce jednego z naszych lot\u00f3w?<\/h1>\n<p>Ch\u0119tnie doradzimy. Wype\u0142nij poni\u017cszy formularz, a my skontaktujemy si\u0119 z Tob\u0105.<\/p>\n<p>[\/et_pb_text][et_pb_text admin_label=&#8221;Formular ID-11&#8243; _builder_version=&#8221;3.0.87&#8243; border_style=&#8221;solid&#8221;]<p class=\"gform_not_found\">Ups! Nie mogli\u015bmy znale\u017a\u0107 twojego formularza.<\/p><br \/>\n[\/et_pb_text][\/et_pb_column][\/et_pb_row][\/et_pb_section]<\/p>\n","protected":false},"excerpt":{"rendered":"<p>Masz pytanie dotycz\u0105ce jednego z naszych lot\u00f3w? Ch\u0119tnie doradzimy. Wype\u0142nij poni\u017cszy formularz, a my skontaktujemy si\u0119 z Tob\u0105.<p class=\"gform_not_found\">Ups! Nie mogli\u015bmy znale\u017a\u0107 twojego formularza.<\/p><\/p>\n","protected":false},"author":1,"featured_media":0,"parent":0,"menu_order":0,"comment_status":"closed","ping_status":"closed","template":"","meta":{"_et_pb_use_builder":"on","_et_pb_old_content":"","_et_gb_content_width":"","editor_notices":[],"footnotes":""},"class_list":["post-69","page","type-page","status-publish","hentry"],"yoast_head":"<!-- This site is optimized with the Yoast SEO plugin v27.3 - https:\/\/yoast.com\/product\/yoast-seo-wordpress\/ -->\n<title>Zapytaj o szczeg\u00f3\u0142y | MiGFlug<\/title>\n<meta name=\"description\" content=\"Zapytaj o szczeg\u00f3\u0142y lot\u00f3w nasz do\u015bwiadczony zesp\u00f3\u0142. Doradzimy, odpowiemy na wszystkie pytania dotycz\u0105ce lot\u00f3w my\u015bliwcem i zorganizujemy wymarzon\u0105 przygod\u0119.\" \/>\n<meta name=\"robots\" content=\"index, follow, max-snippet:-1, max-image-preview:large, max-video-preview:-1\" \/>\n<link rel=\"canonical\" href=\"https:\/\/migflug.com\/pl\/zapytaj-o-szczegoly\/\" \/>\n<meta property=\"og:locale\" content=\"pl_PL\" \/>\n<meta property=\"og:type\" content=\"article\" \/>\n<meta property=\"og:title\" content=\"Zapytaj o szczeg\u00f3\u0142y | MiGFlug\" \/>\n<meta property=\"og:description\" content=\"Zapytaj o szczeg\u00f3\u0142y lot\u00f3w nasz do\u015bwiadczony zesp\u00f3\u0142. Doradzimy, odpowiemy na wszystkie pytania dotycz\u0105ce lot\u00f3w my\u015bliwcem i zorganizujemy wymarzon\u0105 przygod\u0119.\" \/>\n<meta property=\"og:url\" content=\"https:\/\/migflug.com\/pl\/zapytaj-o-szczegoly\/\" \/>\n<meta property=\"og:site_name\" content=\"MiGFlug\" \/>\n<meta property=\"article:modified_time\" content=\"2019-07-24T11:12:45+00:00\" \/>\n<meta name=\"twitter:card\" content=\"summary_large_image\" \/>\n<meta name=\"twitter:label1\" content=\"Szacowany czas czytania\" \/>\n\t<meta name=\"twitter:data1\" content=\"1 minuta\" \/>\n<script type=\"application\/ld+json\" class=\"yoast-schema-graph\">{\"@context\":\"https:\\\/\\\/schema.org\",\"@graph\":[{\"@type\":\"WebPage\",\"@id\":\"https:\\\/\\\/migflug.com\\\/pl\\\/zapytaj-o-szczegoly\\\/\",\"url\":\"https:\\\/\\\/migflug.com\\\/pl\\\/zapytaj-o-szczegoly\\\/\",\"name\":\"Zapytaj o szczeg\u00f3\u0142y | MiGFlug\",\"isPartOf\":{\"@id\":\"https:\\\/\\\/migflug.com\\\/pl\\\/#website\"},\"datePublished\":\"2017-01-23T10:02:36+00:00\",\"dateModified\":\"2019-07-24T11:12:45+00:00\",\"description\":\"Zapytaj o szczeg\u00f3\u0142y lot\u00f3w nasz do\u015bwiadczony zesp\u00f3\u0142. Doradzimy, odpowiemy na wszystkie pytania dotycz\u0105ce lot\u00f3w my\u015bliwcem i zorganizujemy wymarzon\u0105 przygod\u0119.\",\"breadcrumb\":{\"@id\":\"https:\\\/\\\/migflug.com\\\/pl\\\/zapytaj-o-szczegoly\\\/#breadcrumb\"},\"inLanguage\":\"pl-PL\",\"potentialAction\":[{\"@type\":\"ReadAction\",\"target\":[\"https:\\\/\\\/migflug.com\\\/pl\\\/zapytaj-o-szczegoly\\\/\"]}]},{\"@type\":\"BreadcrumbList\",\"@id\":\"https:\\\/\\\/migflug.com\\\/pl\\\/zapytaj-o-szczegoly\\\/#breadcrumb\",\"itemListElement\":[{\"@type\":\"ListItem\",\"position\":1,\"name\":\"Startseite\",\"item\":\"https:\\\/\\\/migflug.com\\\/pl\\\/\"},{\"@type\":\"ListItem\",\"position\":2,\"name\":\"Zapytaj o szczeg\u00f3\u0142y\"}]},{\"@type\":\"WebSite\",\"@id\":\"https:\\\/\\\/migflug.com\\\/pl\\\/#website\",\"url\":\"https:\\\/\\\/migflug.com\\\/pl\\\/\",\"name\":\"MiGFlug\",\"description\":\"Fly a Jet Fighter Yourself\",\"publisher\":{\"@id\":\"https:\\\/\\\/migflug.com\\\/pl\\\/#organization\"},\"potentialAction\":[{\"@type\":\"SearchAction\",\"target\":{\"@type\":\"EntryPoint\",\"urlTemplate\":\"https:\\\/\\\/migflug.com\\\/pl\\\/?s={search_term_string}\"},\"query-input\":{\"@type\":\"PropertyValueSpecification\",\"valueRequired\":true,\"valueName\":\"search_term_string\"}}],\"inLanguage\":\"pl-PL\"},{\"@type\":\"Organization\",\"@id\":\"https:\\\/\\\/migflug.com\\\/pl\\\/#organization\",\"name\":\"MiGFlug GmbH\",\"url\":\"https:\\\/\\\/migflug.com\\\/pl\\\/\",\"logo\":{\"@type\":\"ImageObject\",\"inLanguage\":\"pl-PL\",\"@id\":\"https:\\\/\\\/migflug.com\\\/pl\\\/#\\\/schema\\\/logo\\\/image\\\/\",\"url\":\"https:\\\/\\\/migflug.com\\\/pl\\\/wp-content\\\/uploads\\\/sites\\\/8\\\/2018\\\/10\\\/logo-migflug-blue.png\",\"contentUrl\":\"https:\\\/\\\/migflug.com\\\/pl\\\/wp-content\\\/uploads\\\/sites\\\/8\\\/2018\\\/10\\\/logo-migflug-blue.png\",\"width\":200,\"height\":100,\"caption\":\"MiGFlug GmbH\"},\"image\":{\"@id\":\"https:\\\/\\\/migflug.com\\\/pl\\\/#\\\/schema\\\/logo\\\/image\\\/\"}}]}<\/script>\n<!-- \/ Yoast SEO plugin. -->","yoast_head_json":{"title":"Zapytaj o szczeg\u00f3\u0142y | MiGFlug","description":"Zapytaj o szczeg\u00f3\u0142y lot\u00f3w nasz do\u015bwiadczony zesp\u00f3\u0142. Doradzimy, odpowiemy na wszystkie pytania dotycz\u0105ce lot\u00f3w my\u015bliwcem i zorganizujemy wymarzon\u0105 przygod\u0119.","robots":{"index":"index","follow":"follow","max-snippet":"max-snippet:-1","max-image-preview":"max-image-preview:large","max-video-preview":"max-video-preview:-1"},"canonical":"https:\/\/migflug.com\/pl\/zapytaj-o-szczegoly\/","og_locale":"pl_PL","og_type":"article","og_title":"Zapytaj o szczeg\u00f3\u0142y | MiGFlug","og_description":"Zapytaj o szczeg\u00f3\u0142y lot\u00f3w nasz do\u015bwiadczony zesp\u00f3\u0142. Doradzimy, odpowiemy na wszystkie pytania dotycz\u0105ce lot\u00f3w my\u015bliwcem i zorganizujemy wymarzon\u0105 przygod\u0119.","og_url":"https:\/\/migflug.com\/pl\/zapytaj-o-szczegoly\/","og_site_name":"MiGFlug","article_modified_time":"2019-07-24T11:12:45+00:00","twitter_card":"summary_large_image","twitter_misc":{"Szacowany czas czytania":"1 minuta"},"schema":{"@context":"https:\/\/schema.org","@graph":[{"@type":"WebPage","@id":"https:\/\/migflug.com\/pl\/zapytaj-o-szczegoly\/","url":"https:\/\/migflug.com\/pl\/zapytaj-o-szczegoly\/","name":"Zapytaj o szczeg\u00f3\u0142y | MiGFlug","isPartOf":{"@id":"https:\/\/migflug.com\/pl\/#website"},"datePublished":"2017-01-23T10:02:36+00:00","dateModified":"2019-07-24T11:12:45+00:00","description":"Zapytaj o szczeg\u00f3\u0142y lot\u00f3w nasz do\u015bwiadczony zesp\u00f3\u0142. Doradzimy, odpowiemy na wszystkie pytania dotycz\u0105ce lot\u00f3w my\u015bliwcem i zorganizujemy wymarzon\u0105 przygod\u0119.","breadcrumb":{"@id":"https:\/\/migflug.com\/pl\/zapytaj-o-szczegoly\/#breadcrumb"},"inLanguage":"pl-PL","potentialAction":[{"@type":"ReadAction","target":["https:\/\/migflug.com\/pl\/zapytaj-o-szczegoly\/"]}]},{"@type":"BreadcrumbList","@id":"https:\/\/migflug.com\/pl\/zapytaj-o-szczegoly\/#breadcrumb","itemListElement":[{"@type":"ListItem","position":1,"name":"Startseite","item":"https:\/\/migflug.com\/pl\/"},{"@type":"ListItem","position":2,"name":"Zapytaj o szczeg\u00f3\u0142y"}]},{"@type":"WebSite","@id":"https:\/\/migflug.com\/pl\/#website","url":"https:\/\/migflug.com\/pl\/","name":"MiGFlug","description":"Fly a Jet Fighter Yourself","publisher":{"@id":"https:\/\/migflug.com\/pl\/#organization"},"potentialAction":[{"@type":"SearchAction","target":{"@type":"EntryPoint","urlTemplate":"https:\/\/migflug.com\/pl\/?s={search_term_string}"},"query-input":{"@type":"PropertyValueSpecification","valueRequired":true,"valueName":"search_term_string"}}],"inLanguage":"pl-PL"},{"@type":"Organization","@id":"https:\/\/migflug.com\/pl\/#organization","name":"MiGFlug GmbH","url":"https:\/\/migflug.com\/pl\/","logo":{"@type":"ImageObject","inLanguage":"pl-PL","@id":"https:\/\/migflug.com\/pl\/#\/schema\/logo\/image\/","url":"https:\/\/migflug.com\/pl\/wp-content\/uploads\/sites\/8\/2018\/10\/logo-migflug-blue.png","contentUrl":"https:\/\/migflug.com\/pl\/wp-content\/uploads\/sites\/8\/2018\/10\/logo-migflug-blue.png","width":200,"height":100,"caption":"MiGFlug GmbH"},"image":{"@id":"https:\/\/migflug.com\/pl\/#\/schema\/logo\/image\/"}}]}},"_links":{"self":[{"href":"https:\/\/migflug.com\/pl\/wp-json\/wp\/v2\/pages\/69","targetHints":{"allow":["GET"]}}],"collection":[{"href":"https:\/\/migflug.com\/pl\/wp-json\/wp\/v2\/pages"}],"about":[{"href":"https:\/\/migflug.com\/pl\/wp-json\/wp\/v2\/types\/page"}],"author":[{"embeddable":true,"href":"https:\/\/migflug.com\/pl\/wp-json\/wp\/v2\/users\/1"}],"replies":[{"embeddable":true,"href":"https:\/\/migflug.com\/pl\/wp-json\/wp\/v2\/comments?post=69"}],"version-history":[{"count":1,"href":"https:\/\/migflug.com\/pl\/wp-json\/wp\/v2\/pages\/69\/revisions"}],"predecessor-version":[{"id":3917,"href":"https:\/\/migflug.com\/pl\/wp-json\/wp\/v2\/pages\/69\/revisions\/3917"}],"wp:attachment":[{"href":"https:\/\/migflug.com\/pl\/wp-json\/wp\/v2\/media?parent=69"}],"curies":[{"name":"wp","href":"https:\/\/api.w.org\/{rel}","templated":true}]}}