{"id":73,"date":"2017-01-23T11:03:20","date_gmt":"2017-01-23T10:03:20","guid":{"rendered":"http:\/\/migflug.com\/?page_id=73"},"modified":"2020-01-17T10:17:33","modified_gmt":"2020-01-17T09:17:33","slug":"kup-bon-upominkowy-na-lot-mysliwcem","status":"publish","type":"page","link":"https:\/\/migflug.com\/pl\/kup-bon-upominkowy-na-lot-mysliwcem\/","title":{"rendered":"Kup bon upominkowy na lot my\u015bliwcem"},"content":{"rendered":"<p>[et_pb_section fb_built=&#8221;1&#8243; admin_label=&#8221;section&#8221; _builder_version=&#8221;3.22.3&#8243;][et_pb_row admin_label=&#8221;row&#8221; _builder_version=&#8221;3.25&#8243; background_size=&#8221;initial&#8221; background_position=&#8221;top_left&#8221; background_repeat=&#8221;repeat&#8221;][et_pb_column type=&#8221;4_4&#8243; _builder_version=&#8221;3.25&#8243; custom_padding=&#8221;|||&#8221; custom_padding__hover=&#8221;|||&#8221;][et_pb_text admin_label=&#8221;Flug schenken &#8211; Introtext&#8221; _builder_version=&#8221;3.27.4&#8243; hover_enabled=&#8221;0&#8243;]<\/p>\n<h1>Podaruj niepowtarzalny i niezapomniany prezent.<\/h1>\n<p>Nasze loty my\u015bliwcem mog\u0105 by\u0107 \u0142atwo przekazane jako voucher z otwartym terminem &#8211; lub jako lot w okre\u015blonym dniu. Dost\u0119pno\u015b\u0107 we wszystkich naszych lokalizacjach pozwala na to, \u017ce dla voucher\u00f3w z otwart\u0105 dat\u0105 albo odbiorca bezpo\u015brednio albo Pa\u0144stwo jako obdarowuj\u0105cy, mog\u0105 szybko i \u0142atwo ustali\u0107 dat\u0119. Og\u00f3lnie rzecz bior\u0105c, nie mo\u017cesz si\u0119 z nami pomyli\u0107.<\/p>\n<p><strong>Umo\u017cliwiamy szybk\u0105 i niebiurokratyczn\u0105 modyfikacj\u0119 lotu, zmian\u0119 lokalizacji, inny czas trwania lotu itp.<\/strong> Z nami jeste\u015b w dobrych r\u0119kach. Oferujemy niezb\u0119dn\u0105 elastyczno\u015b\u0107, aby zagwarantowa\u0107, \u017ce prezent b\u0119dzie idealny. Ch\u0119tnie doradzimy i zagwarantujemy odbiorcy najlepsz\u0105 lotnicz\u0105 przygod\u0119. B\u0119dzie to niezapomniany prezent.<\/p>\n<p>[\/et_pb_text][\/et_pb_column][\/et_pb_row][\/et_pb_section][et_pb_section fb_built=&#8221;1&#8243; _builder_version=&#8221;3.22.3&#8243; background_color=&#8221;#efefef&#8221;][et_pb_row _builder_version=&#8221;3.25&#8243; background_size=&#8221;initial&#8221; background_position=&#8221;top_left&#8221; background_repeat=&#8221;repeat&#8221;][et_pb_column type=&#8221;4_4&#8243; _builder_version=&#8221;3.25&#8243; custom_padding=&#8221;|||&#8221; custom_padding__hover=&#8221;|||&#8221;][et_pb_text _builder_version=&#8221;3.27.4&#8243; text_orientation=&#8221;center&#8221; module_alignment=&#8221;center&#8221; hover_enabled=&#8221;0&#8243;]<\/p>\n<h2>Wybierz sw\u00f3j bon upominkowy<\/h2>\n<p>[\/et_pb_text][\/et_pb_column][\/et_pb_row][et_pb_row column_structure=&#8221;1_4,1_4,1_4,1_4&#8243; _builder_version=&#8221;3.25&#8243; background_size=&#8221;initial&#8221; background_position=&#8221;top_left&#8221; background_repeat=&#8221;repeat&#8221;][et_pb_column type=&#8221;1_4&#8243; _builder_version=&#8221;3.25&#8243; custom_padding=&#8221;|||&#8221; custom_padding__hover=&#8221;|||&#8221;][et_pb_button button_url=&#8221;https:\/\/migflug.com\/buy-flight-gift-certificate\/gift-certificate-europe\/&#8221; button_text=&#8221;Bon na wybrany lot my\u015bliwcem (Europa) (\u20ac)&#8221; admin_label=&#8221;Europa&#8221; _builder_version=&#8221;3.25.4&#8243; hover_enabled=&#8221;0&#8243; button_text_size__hover_enabled=&#8221;off&#8221; button_one_text_size__hover_enabled=&#8221;off&#8221; button_two_text_size__hover_enabled=&#8221;off&#8221; button_text_color__hover_enabled=&#8221;off&#8221; button_one_text_color__hover_enabled=&#8221;off&#8221; button_two_text_color__hover_enabled=&#8221;off&#8221; button_border_width__hover_enabled=&#8221;off&#8221; button_one_border_width__hover_enabled=&#8221;off&#8221; button_two_border_width__hover_enabled=&#8221;off&#8221; button_border_color__hover_enabled=&#8221;off&#8221; button_one_border_color__hover_enabled=&#8221;off&#8221; button_two_border_color__hover_enabled=&#8221;off&#8221; button_border_radius__hover_enabled=&#8221;off&#8221; button_one_border_radius__hover_enabled=&#8221;off&#8221; button_two_border_radius__hover_enabled=&#8221;off&#8221; button_letter_spacing__hover_enabled=&#8221;off&#8221; button_one_letter_spacing__hover_enabled=&#8221;off&#8221; button_two_letter_spacing__hover_enabled=&#8221;off&#8221; button_bg_color__hover_enabled=&#8221;off&#8221; button_one_bg_color__hover_enabled=&#8221;off&#8221; button_two_bg_color__hover_enabled=&#8221;off&#8221;][\/et_pb_button][\/et_pb_column][et_pb_column type=&#8221;1_4&#8243; _builder_version=&#8221;3.25&#8243; custom_padding=&#8221;|||&#8221; custom_padding__hover=&#8221;|||&#8221;][et_pb_button button_url=&#8221;https:\/\/migflug.com\/buy-flight-gift-certificate\/gift-certificate-usa\/&#8221; button_text=&#8221;Bon na wybrany lot my\u015bliwcem (Kanada\/USA) ($)&#8221; admin_label=&#8221;USA&#8221; _builder_version=&#8221;3.25.4&#8243; button_text_size__hover_enabled=&#8221;off&#8221; button_one_text_size__hover_enabled=&#8221;off&#8221; button_two_text_size__hover_enabled=&#8221;off&#8221; button_text_color__hover_enabled=&#8221;off&#8221; button_one_text_color__hover_enabled=&#8221;off&#8221; button_two_text_color__hover_enabled=&#8221;off&#8221; button_border_width__hover_enabled=&#8221;off&#8221; button_one_border_width__hover_enabled=&#8221;off&#8221; button_two_border_width__hover_enabled=&#8221;off&#8221; button_border_color__hover_enabled=&#8221;off&#8221; button_one_border_color__hover_enabled=&#8221;off&#8221; button_two_border_color__hover_enabled=&#8221;off&#8221; button_border_radius__hover_enabled=&#8221;off&#8221; button_one_border_radius__hover_enabled=&#8221;off&#8221; button_two_border_radius__hover_enabled=&#8221;off&#8221; button_letter_spacing__hover_enabled=&#8221;off&#8221; button_one_letter_spacing__hover_enabled=&#8221;off&#8221; button_two_letter_spacing__hover_enabled=&#8221;off&#8221; button_bg_color__hover_enabled=&#8221;off&#8221; button_one_bg_color__hover_enabled=&#8221;off&#8221; button_two_bg_color__hover_enabled=&#8221;off&#8221;][\/et_pb_button][\/et_pb_column][et_pb_column type=&#8221;1_4&#8243; _builder_version=&#8221;3.25&#8243; custom_padding=&#8221;|||&#8221; custom_padding__hover=&#8221;|||&#8221;][et_pb_button button_url=&#8221;https:\/\/migflug.com\/buy-flight-gift-certificate\/voucher-euro\/&#8221; button_text=&#8221;MiGFlug.com Bon upominkowy EURO (\u20ac)&#8221; admin_label=&#8221;Offen Euro&#8221; _builder_version=&#8221;3.25.4&#8243; button_text_size__hover_enabled=&#8221;off&#8221; button_one_text_size__hover_enabled=&#8221;off&#8221; button_two_text_size__hover_enabled=&#8221;off&#8221; button_text_color__hover_enabled=&#8221;off&#8221; button_one_text_color__hover_enabled=&#8221;off&#8221; button_two_text_color__hover_enabled=&#8221;off&#8221; button_border_width__hover_enabled=&#8221;off&#8221; button_one_border_width__hover_enabled=&#8221;off&#8221; button_two_border_width__hover_enabled=&#8221;off&#8221; button_border_color__hover_enabled=&#8221;off&#8221; button_one_border_color__hover_enabled=&#8221;off&#8221; button_two_border_color__hover_enabled=&#8221;off&#8221; button_border_radius__hover_enabled=&#8221;off&#8221; button_one_border_radius__hover_enabled=&#8221;off&#8221; button_two_border_radius__hover_enabled=&#8221;off&#8221; button_letter_spacing__hover_enabled=&#8221;off&#8221; button_one_letter_spacing__hover_enabled=&#8221;off&#8221; button_two_letter_spacing__hover_enabled=&#8221;off&#8221; button_bg_color__hover_enabled=&#8221;off&#8221; button_one_bg_color__hover_enabled=&#8221;off&#8221; button_two_bg_color__hover_enabled=&#8221;off&#8221;][\/et_pb_button][\/et_pb_column][et_pb_column type=&#8221;1_4&#8243; _builder_version=&#8221;3.25&#8243; custom_padding=&#8221;|||&#8221; custom_padding__hover=&#8221;|||&#8221;][et_pb_button button_url=&#8221;https:\/\/migflug.com\/buy-flight-gift-certificate\/voucher-dollar\/&#8221; button_text=&#8221;MiGFlug.com Bon upominkowy DOLLAR ($)&#8221; admin_label=&#8221;Offen USD&#8221; _builder_version=&#8221;3.25.4&#8243; button_text_size__hover_enabled=&#8221;off&#8221; button_one_text_size__hover_enabled=&#8221;off&#8221; button_two_text_size__hover_enabled=&#8221;off&#8221; button_text_color__hover_enabled=&#8221;off&#8221; button_one_text_color__hover_enabled=&#8221;off&#8221; button_two_text_color__hover_enabled=&#8221;off&#8221; button_border_width__hover_enabled=&#8221;off&#8221; button_one_border_width__hover_enabled=&#8221;off&#8221; button_two_border_width__hover_enabled=&#8221;off&#8221; button_border_color__hover_enabled=&#8221;off&#8221; button_one_border_color__hover_enabled=&#8221;off&#8221; button_two_border_color__hover_enabled=&#8221;off&#8221; button_border_radius__hover_enabled=&#8221;off&#8221; button_one_border_radius__hover_enabled=&#8221;off&#8221; button_two_border_radius__hover_enabled=&#8221;off&#8221; button_letter_spacing__hover_enabled=&#8221;off&#8221; button_one_letter_spacing__hover_enabled=&#8221;off&#8221; button_two_letter_spacing__hover_enabled=&#8221;off&#8221; button_bg_color__hover_enabled=&#8221;off&#8221; button_one_bg_color__hover_enabled=&#8221;off&#8221; button_two_bg_color__hover_enabled=&#8221;off&#8221;][\/et_pb_button][\/et_pb_column][\/et_pb_row][\/et_pb_section]<\/p>\n","protected":false},"excerpt":{"rendered":"<p>Podaruj niepowtarzalny i niezapomniany prezent. Nasze loty my\u015bliwcem mog\u0105 by\u0107 \u0142atwo przekazane jako voucher z otwartym terminem &#8211; lub jako lot w okre\u015blonym dniu. Dost\u0119pno\u015b\u0107 we wszystkich naszych lokalizacjach pozwala na to, \u017ce dla voucher\u00f3w z otwart\u0105 dat\u0105 albo odbiorca bezpo\u015brednio albo Pa\u0144stwo jako obdarowuj\u0105cy, mog\u0105 szybko i \u0142atwo ustali\u0107 dat\u0119. Og\u00f3lnie rzecz bior\u0105c, nie [&hellip;]<\/p>\n","protected":false},"author":1,"featured_media":0,"parent":0,"menu_order":0,"comment_status":"closed","ping_status":"closed","template":"","meta":{"_et_pb_use_builder":"on","_et_pb_old_content":"","_et_gb_content_width":"","editor_notices":[],"footnotes":""},"class_list":["post-73","page","type-page","status-publish","hentry"],"yoast_head":"<!-- This site is optimized with the Yoast SEO plugin v27.3 - https:\/\/yoast.com\/product\/yoast-seo-wordpress\/ -->\n<title>Kup bon na lot my\u015bliwcem i podaruj wyj\u0105tkowy prezent | MiGFlug.com<\/title>\n<meta name=\"description\" content=\"Zr\u00f3b idealny prezent i zarezerwuj lot my\u015bliwcem. Nie martw si\u0119 - zar\u00f3wno samolot jak i termin lotu mog\u0105 by\u0107 \u0142atwo zmienione.\" \/>\n<meta name=\"robots\" content=\"index, follow, max-snippet:-1, max-image-preview:large, max-video-preview:-1\" \/>\n<link rel=\"canonical\" href=\"https:\/\/migflug.com\/pl\/kup-bon-upominkowy-na-lot-mysliwcem\/\" \/>\n<meta property=\"og:locale\" content=\"pl_PL\" \/>\n<meta property=\"og:type\" content=\"article\" \/>\n<meta property=\"og:title\" content=\"Kup bon na lot my\u015bliwcem i podaruj wyj\u0105tkowy prezent | MiGFlug.com\" \/>\n<meta property=\"og:description\" content=\"Zr\u00f3b idealny prezent i zarezerwuj lot my\u015bliwcem. Nie martw si\u0119 - zar\u00f3wno samolot jak i termin lotu mog\u0105 by\u0107 \u0142atwo zmienione.\" \/>\n<meta property=\"og:url\" content=\"https:\/\/migflug.com\/pl\/kup-bon-upominkowy-na-lot-mysliwcem\/\" \/>\n<meta property=\"og:site_name\" content=\"MiGFlug\" \/>\n<meta property=\"article:modified_time\" content=\"2020-01-17T09:17:33+00:00\" \/>\n<meta name=\"twitter:card\" content=\"summary_large_image\" \/>\n<meta name=\"twitter:label1\" content=\"Szacowany czas czytania\" \/>\n\t<meta name=\"twitter:data1\" content=\"5 minut\" \/>\n<script type=\"application\/ld+json\" class=\"yoast-schema-graph\">{\"@context\":\"https:\\\/\\\/schema.org\",\"@graph\":[{\"@type\":\"WebPage\",\"@id\":\"https:\\\/\\\/migflug.com\\\/pl\\\/kup-bon-upominkowy-na-lot-mysliwcem\\\/\",\"url\":\"https:\\\/\\\/migflug.com\\\/pl\\\/kup-bon-upominkowy-na-lot-mysliwcem\\\/\",\"name\":\"Kup bon na lot my\u015bliwcem i podaruj wyj\u0105tkowy prezent | MiGFlug.com\",\"isPartOf\":{\"@id\":\"https:\\\/\\\/migflug.com\\\/pl\\\/#website\"},\"datePublished\":\"2017-01-23T10:03:20+00:00\",\"dateModified\":\"2020-01-17T09:17:33+00:00\",\"description\":\"Zr\u00f3b idealny prezent i zarezerwuj lot my\u015bliwcem. Nie martw si\u0119 - zar\u00f3wno samolot jak i termin lotu mog\u0105 by\u0107 \u0142atwo zmienione.\",\"breadcrumb\":{\"@id\":\"https:\\\/\\\/migflug.com\\\/pl\\\/kup-bon-upominkowy-na-lot-mysliwcem\\\/#breadcrumb\"},\"inLanguage\":\"pl-PL\",\"potentialAction\":[{\"@type\":\"ReadAction\",\"target\":[\"https:\\\/\\\/migflug.com\\\/pl\\\/kup-bon-upominkowy-na-lot-mysliwcem\\\/\"]}]},{\"@type\":\"BreadcrumbList\",\"@id\":\"https:\\\/\\\/migflug.com\\\/pl\\\/kup-bon-upominkowy-na-lot-mysliwcem\\\/#breadcrumb\",\"itemListElement\":[{\"@type\":\"ListItem\",\"position\":1,\"name\":\"Startseite\",\"item\":\"https:\\\/\\\/migflug.com\\\/pl\\\/\"},{\"@type\":\"ListItem\",\"position\":2,\"name\":\"Kup bon upominkowy na lot my\u015bliwcem\"}]},{\"@type\":\"WebSite\",\"@id\":\"https:\\\/\\\/migflug.com\\\/pl\\\/#website\",\"url\":\"https:\\\/\\\/migflug.com\\\/pl\\\/\",\"name\":\"MiGFlug\",\"description\":\"Fly a Jet Fighter Yourself\",\"publisher\":{\"@id\":\"https:\\\/\\\/migflug.com\\\/pl\\\/#organization\"},\"potentialAction\":[{\"@type\":\"SearchAction\",\"target\":{\"@type\":\"EntryPoint\",\"urlTemplate\":\"https:\\\/\\\/migflug.com\\\/pl\\\/?s={search_term_string}\"},\"query-input\":{\"@type\":\"PropertyValueSpecification\",\"valueRequired\":true,\"valueName\":\"search_term_string\"}}],\"inLanguage\":\"pl-PL\"},{\"@type\":\"Organization\",\"@id\":\"https:\\\/\\\/migflug.com\\\/pl\\\/#organization\",\"name\":\"MiGFlug GmbH\",\"url\":\"https:\\\/\\\/migflug.com\\\/pl\\\/\",\"logo\":{\"@type\":\"ImageObject\",\"inLanguage\":\"pl-PL\",\"@id\":\"https:\\\/\\\/migflug.com\\\/pl\\\/#\\\/schema\\\/logo\\\/image\\\/\",\"url\":\"https:\\\/\\\/migflug.com\\\/pl\\\/wp-content\\\/uploads\\\/sites\\\/8\\\/2018\\\/10\\\/logo-migflug-blue.png\",\"contentUrl\":\"https:\\\/\\\/migflug.com\\\/pl\\\/wp-content\\\/uploads\\\/sites\\\/8\\\/2018\\\/10\\\/logo-migflug-blue.png\",\"width\":200,\"height\":100,\"caption\":\"MiGFlug GmbH\"},\"image\":{\"@id\":\"https:\\\/\\\/migflug.com\\\/pl\\\/#\\\/schema\\\/logo\\\/image\\\/\"}}]}<\/script>\n<!-- \/ Yoast SEO plugin. -->","yoast_head_json":{"title":"Kup bon na lot my\u015bliwcem i podaruj wyj\u0105tkowy prezent | MiGFlug.com","description":"Zr\u00f3b idealny prezent i zarezerwuj lot my\u015bliwcem. Nie martw si\u0119 - zar\u00f3wno samolot jak i termin lotu mog\u0105 by\u0107 \u0142atwo zmienione.","robots":{"index":"index","follow":"follow","max-snippet":"max-snippet:-1","max-image-preview":"max-image-preview:large","max-video-preview":"max-video-preview:-1"},"canonical":"https:\/\/migflug.com\/pl\/kup-bon-upominkowy-na-lot-mysliwcem\/","og_locale":"pl_PL","og_type":"article","og_title":"Kup bon na lot my\u015bliwcem i podaruj wyj\u0105tkowy prezent | MiGFlug.com","og_description":"Zr\u00f3b idealny prezent i zarezerwuj lot my\u015bliwcem. Nie martw si\u0119 - zar\u00f3wno samolot jak i termin lotu mog\u0105 by\u0107 \u0142atwo zmienione.","og_url":"https:\/\/migflug.com\/pl\/kup-bon-upominkowy-na-lot-mysliwcem\/","og_site_name":"MiGFlug","article_modified_time":"2020-01-17T09:17:33+00:00","twitter_card":"summary_large_image","twitter_misc":{"Szacowany czas czytania":"5 minut"},"schema":{"@context":"https:\/\/schema.org","@graph":[{"@type":"WebPage","@id":"https:\/\/migflug.com\/pl\/kup-bon-upominkowy-na-lot-mysliwcem\/","url":"https:\/\/migflug.com\/pl\/kup-bon-upominkowy-na-lot-mysliwcem\/","name":"Kup bon na lot my\u015bliwcem i podaruj wyj\u0105tkowy prezent | MiGFlug.com","isPartOf":{"@id":"https:\/\/migflug.com\/pl\/#website"},"datePublished":"2017-01-23T10:03:20+00:00","dateModified":"2020-01-17T09:17:33+00:00","description":"Zr\u00f3b idealny prezent i zarezerwuj lot my\u015bliwcem. Nie martw si\u0119 - zar\u00f3wno samolot jak i termin lotu mog\u0105 by\u0107 \u0142atwo zmienione.","breadcrumb":{"@id":"https:\/\/migflug.com\/pl\/kup-bon-upominkowy-na-lot-mysliwcem\/#breadcrumb"},"inLanguage":"pl-PL","potentialAction":[{"@type":"ReadAction","target":["https:\/\/migflug.com\/pl\/kup-bon-upominkowy-na-lot-mysliwcem\/"]}]},{"@type":"BreadcrumbList","@id":"https:\/\/migflug.com\/pl\/kup-bon-upominkowy-na-lot-mysliwcem\/#breadcrumb","itemListElement":[{"@type":"ListItem","position":1,"name":"Startseite","item":"https:\/\/migflug.com\/pl\/"},{"@type":"ListItem","position":2,"name":"Kup bon upominkowy na lot my\u015bliwcem"}]},{"@type":"WebSite","@id":"https:\/\/migflug.com\/pl\/#website","url":"https:\/\/migflug.com\/pl\/","name":"MiGFlug","description":"Fly a Jet Fighter Yourself","publisher":{"@id":"https:\/\/migflug.com\/pl\/#organization"},"potentialAction":[{"@type":"SearchAction","target":{"@type":"EntryPoint","urlTemplate":"https:\/\/migflug.com\/pl\/?s={search_term_string}"},"query-input":{"@type":"PropertyValueSpecification","valueRequired":true,"valueName":"search_term_string"}}],"inLanguage":"pl-PL"},{"@type":"Organization","@id":"https:\/\/migflug.com\/pl\/#organization","name":"MiGFlug GmbH","url":"https:\/\/migflug.com\/pl\/","logo":{"@type":"ImageObject","inLanguage":"pl-PL","@id":"https:\/\/migflug.com\/pl\/#\/schema\/logo\/image\/","url":"https:\/\/migflug.com\/pl\/wp-content\/uploads\/sites\/8\/2018\/10\/logo-migflug-blue.png","contentUrl":"https:\/\/migflug.com\/pl\/wp-content\/uploads\/sites\/8\/2018\/10\/logo-migflug-blue.png","width":200,"height":100,"caption":"MiGFlug GmbH"},"image":{"@id":"https:\/\/migflug.com\/pl\/#\/schema\/logo\/image\/"}}]}},"_links":{"self":[{"href":"https:\/\/migflug.com\/pl\/wp-json\/wp\/v2\/pages\/73","targetHints":{"allow":["GET"]}}],"collection":[{"href":"https:\/\/migflug.com\/pl\/wp-json\/wp\/v2\/pages"}],"about":[{"href":"https:\/\/migflug.com\/pl\/wp-json\/wp\/v2\/types\/page"}],"author":[{"embeddable":true,"href":"https:\/\/migflug.com\/pl\/wp-json\/wp\/v2\/users\/1"}],"replies":[{"embeddable":true,"href":"https:\/\/migflug.com\/pl\/wp-json\/wp\/v2\/comments?post=73"}],"version-history":[{"count":1,"href":"https:\/\/migflug.com\/pl\/wp-json\/wp\/v2\/pages\/73\/revisions"}],"predecessor-version":[{"id":3933,"href":"https:\/\/migflug.com\/pl\/wp-json\/wp\/v2\/pages\/73\/revisions\/3933"}],"wp:attachment":[{"href":"https:\/\/migflug.com\/pl\/wp-json\/wp\/v2\/media?parent=73"}],"curies":[{"name":"wp","href":"https:\/\/api.w.org\/{rel}","templated":true}]}}