{"id":80,"date":"2017-01-23T11:08:41","date_gmt":"2017-01-23T10:08:41","guid":{"rendered":"http:\/\/migflug.com\/?page_id=80"},"modified":"2021-01-14T11:52:09","modified_gmt":"2021-01-14T10:52:09","slug":"kontakt","status":"publish","type":"page","link":"https:\/\/migflug.com\/pl\/kontakt\/","title":{"rendered":"Kontakt"},"content":{"rendered":"<p>[et_pb_section fb_built=&#8221;1&#8243; fullwidth=&#8221;on&#8221; _builder_version=&#8221;3.22.3&#8243;][et_pb_fullwidth_image src=&#8221;https:\/\/migflug.com\/de\/wp-content\/uploads\/sites\/2\/2017\/04\/L-39-jet-flight-florida-3.jpg&#8221; disabled_on=&#8221;on||&#8221; _builder_version=&#8221;3.0.87&#8243; animation_direction=&#8221;left&#8221; border_style=&#8221;solid&#8221;][\/et_pb_fullwidth_image][et_pb_fullwidth_image src=&#8221;https:\/\/migflug.com\/de\/wp-content\/uploads\/sites\/2\/2017\/04\/L-39-jet-flight-florida-mo-2.jpg&#8221; disabled_on=&#8221;off|on|on&#8221; _builder_version=&#8221;3.0.87&#8243; animation_direction=&#8221;left&#8221; border_style=&#8221;solid&#8221;][\/et_pb_fullwidth_image][\/et_pb_section][et_pb_section fb_built=&#8221;1&#8243; admin_label=&#8221;section&#8221; _builder_version=&#8221;3.22.3&#8243;][et_pb_row admin_label=&#8221;row&#8221; _builder_version=&#8221;3.25&#8243; background_size=&#8221;initial&#8221; background_position=&#8221;top_left&#8221; background_repeat=&#8221;repeat&#8221;][et_pb_column type=&#8221;4_4&#8243; _builder_version=&#8221;3.25&#8243; custom_padding=&#8221;|||&#8221; custom_padding__hover=&#8221;|||&#8221;][et_pb_text admin_label=&#8221;h1 Kontakt&#8221; _builder_version=&#8221;3.27.4&#8243; background_size=&#8221;initial&#8221; background_position=&#8221;top_left&#8221; background_repeat=&#8221;repeat&#8221; module_alignment=&#8221;left&#8221; border_style=&#8221;solid&#8221;]<\/p>\n<h1>Kontakt: Czekamy na Twoj\u0105 wiadomo\u015b\u0107.<\/h1>\n<p>[\/et_pb_text][et_pb_text _builder_version=&#8221;4.0.5&#8243; background_size=&#8221;initial&#8221; background_position=&#8221;top_left&#8221; background_repeat=&#8221;repeat&#8221; module_alignment=&#8221;left&#8221; border_style=&#8221;solid&#8221;]<\/p>\n<p>Je\u015bli chcieliby Pa\u0144stwo dowiedzie\u0107 si\u0119 wi\u0119cej o naszych ofertach, takich jak loty my\u015bliwcem, loty Zero-G lub imprezy grupowe, czekamy na Pa\u0144stwa zapytanie.<\/p>\n<p>[\/et_pb_text][\/et_pb_column][\/et_pb_row][et_pb_row _builder_version=&#8221;3.25&#8243; custom_margin=&#8221;0px|||&#8221; custom_padding=&#8221;0px|||&#8221;][et_pb_column type=&#8221;4_4&#8243; _builder_version=&#8221;3.25&#8243; custom_padding=&#8221;|||&#8221; custom_padding__hover=&#8221;|||&#8221;][et_pb_social_media_follow _builder_version=&#8221;3.17.2&#8243; text_orientation=&#8221;center&#8221;][et_pb_social_media_follow_network social_network=&#8221;facebook&#8221; url=&#8221;https:\/\/www.facebook.com\/MiGFlug\/&#8221; _builder_version=&#8221;3.17.2&#8243; background_color=&#8221;#3b5998&#8243; follow_button=&#8221;off&#8221; url_new_window=&#8221;on&#8221;]Facebook<br \/>\n[\/et_pb_social_media_follow_network][et_pb_social_media_follow_network social_network=&#8221;twitter&#8221; url=&#8221;https:\/\/twitter.com\/migflug&#8221; _builder_version=&#8221;3.17.2&#8243; background_color=&#8221;#00aced&#8221; follow_button=&#8221;off&#8221; url_new_window=&#8221;on&#8221;]Twitter<br \/>\n[\/et_pb_social_media_follow_network][et_pb_social_media_follow_network social_network=&#8221;youtube&#8221; url=&#8221;https:\/\/www.youtube.com\/user\/MiGFlug&#8221; _builder_version=&#8221;3.17.2&#8243; background_color=&#8221;#a82400&#8243; follow_button=&#8221;off&#8221; url_new_window=&#8221;on&#8221;]Youtube<br \/>\n[\/et_pb_social_media_follow_network][et_pb_social_media_follow_network social_network=&#8221;instagram&#8221; url=&#8221;https:\/\/www.instagram.com\/migflug\/&#8221; _builder_version=&#8221;3.17.2&#8243; background_color=&#8221;#517fa4&#8243; follow_button=&#8221;off&#8221; url_new_window=&#8221;on&#8221;]Instagram<br \/>\n[\/et_pb_social_media_follow_network][et_pb_social_media_follow_network social_network=&#8221;pinterest&#8221; url=&#8221;https:\/\/www.pinterest.ch\/migflug\/&#8221; _builder_version=&#8221;3.17.2&#8243; background_color=&#8221;#cb2027&#8243; follow_button=&#8221;off&#8221; url_new_window=&#8221;on&#8221;]Pinterest<br \/>\n[\/et_pb_social_media_follow_network][et_pb_social_media_follow_network social_network=&#8221;linkedin&#8221; url=&#8221;https:\/\/www.linkedin.com\/company\/migflug.com\/&#8221; _builder_version=&#8221;3.17.2&#8243; background_color=&#8221;#007bb6&#8243; follow_button=&#8221;off&#8221; url_new_window=&#8221;on&#8221;]LinkedIn<br \/>\n[\/et_pb_social_media_follow_network][et_pb_social_media_follow_network social_network=&#8221;flikr&#8221; url=&#8221;https:\/\/www.flickr.com\/photos\/migflug&#8221; _builder_version=&#8221;3.17.2&#8243; background_color=&#8221;#ff0084&#8243; follow_button=&#8221;off&#8221; url_new_window=&#8221;on&#8221;]Flickr<br \/>\n[\/et_pb_social_media_follow_network][et_pb_social_media_follow_network social_network=&#8221;tumblr&#8221; url=&#8221;https:\/\/migflug.tumblr.com\/&#8221; _builder_version=&#8221;3.17.2&#8243; background_color=&#8221;#32506d&#8221; follow_button=&#8221;off&#8221; url_new_window=&#8221;on&#8221;]tumblr<br \/>\n[\/et_pb_social_media_follow_network][\/et_pb_social_media_follow][\/et_pb_column][\/et_pb_row][et_pb_row column_structure=&#8221;1_3,1_3,1_3&#8243; _builder_version=&#8221;3.25&#8243; background_size=&#8221;initial&#8221; background_position=&#8221;top_left&#8221; background_repeat=&#8221;repeat&#8221;][et_pb_column type=&#8221;1_3&#8243; _builder_version=&#8221;3.25&#8243; custom_padding=&#8221;|||&#8221; custom_padding__hover=&#8221;|||&#8221;][et_pb_blurb title=&#8221;Telefon&#8221; use_icon=&#8221;on&#8221; font_icon=&#8221;%%264%%&#8221; icon_color=&#8221;#ffffff&#8221; use_circle=&#8221;on&#8221; circle_color=&#8221;#1d4092&#8243; admin_label=&#8221;Telefon&#8221; _builder_version=&#8221;3.25.4&#8243; background_size=&#8221;initial&#8221; background_position=&#8221;top_left&#8221; background_repeat=&#8221;repeat&#8221; max_width_tablet=&#8221;50px&#8221; animation=&#8221;off&#8221; custom_css_blurb_image=&#8221;text-align: left !important;&#8221; custom_css_blurb_content=&#8221;text-align: left !important;&#8221; border_style=&#8221;solid&#8221;]<\/p>\n<p>nr. tel. (US): 1-888-881-1893 (toll free!)<br \/>nr. tel. (UK): +44 (0)20 3129 3070<br \/>nr. tel. (CH): +41 (0)44 500 50 10<\/p>\n<p>Skype: pschaer<\/p>\n<p>[\/et_pb_blurb][et_pb_divider show_divider=&#8221;off&#8221; disabled_on=&#8221;on|on|off&#8221; _builder_version=&#8221;3.23.4&#8243; height=&#8221;20px&#8221; hide_on_mobile=&#8221;on&#8221;][\/et_pb_divider][\/et_pb_column][et_pb_column type=&#8221;1_3&#8243; _builder_version=&#8221;3.25&#8243; custom_padding=&#8221;|||&#8221; custom_padding__hover=&#8221;|||&#8221;][et_pb_blurb title=&#8221;Email&#8221; url=&#8221;mailto:info@migflug.ch&#8221; use_icon=&#8221;on&#8221; font_icon=&#8221;%%109%%&#8221; icon_color=&#8221;#ffffff&#8221; use_circle=&#8221;on&#8221; circle_color=&#8221;#1d4092&#8243; admin_label=&#8221;Email&#8221; _builder_version=&#8221;3.8.1&#8243; background_size=&#8221;initial&#8221; background_position=&#8221;top_left&#8221; background_repeat=&#8221;repeat&#8221; max_width_tablet=&#8221;50px&#8221; animation=&#8221;off&#8221; custom_css_blurb_image=&#8221;text-align: left !important;&#8221; custom_css_blurb_content=&#8221;text-align: left !important;&#8221; border_style=&#8221;solid&#8221;]<a href=\"mailto:info@migflug.com\">info@migflug.com<\/a><br \/>\n[\/et_pb_blurb][et_pb_divider show_divider=&#8221;off&#8221; disabled_on=&#8221;on|on|off&#8221; _builder_version=&#8221;3.23.4&#8243; height=&#8221;20px&#8221; hide_on_mobile=&#8221;on&#8221;][\/et_pb_divider][\/et_pb_column][et_pb_column type=&#8221;1_3&#8243; _builder_version=&#8221;3.25&#8243; custom_padding=&#8221;|||&#8221; custom_padding__hover=&#8221;|||&#8221;][et_pb_blurb title=&#8221;Fax&#8221; use_icon=&#8221;on&#8221; font_icon=&#8221;%%71%%&#8221; icon_color=&#8221;#ffffff&#8221; use_circle=&#8221;on&#8221; circle_color=&#8221;#1d4092&#8243; admin_label=&#8221;Fax&#8221; _builder_version=&#8221;3.0.87&#8243; background_size=&#8221;initial&#8221; background_position=&#8221;top_left&#8221; background_repeat=&#8221;repeat&#8221; max_width_tablet=&#8221;50px&#8221; animation=&#8221;off&#8221; custom_css_blurb_image=&#8221;text-align: left !important;&#8221; custom_css_blurb_content=&#8221;text-align: left !important;&#8221; border_style_all=&#8221;solid&#8221; border_style_top_image=&#8221;solid&#8221; border_style_right_image=&#8221;solid&#8221; border_style_bottom_image=&#8221;solid&#8221; border_style_left_image=&#8221;solid&#8221; border_style=&#8221;solid&#8221;]+16618431871<br \/>\n[\/et_pb_blurb][et_pb_divider show_divider=&#8221;off&#8221; disabled_on=&#8221;on|on|off&#8221; _builder_version=&#8221;3.23.4&#8243; height=&#8221;20px&#8221; hide_on_mobile=&#8221;on&#8221;][\/et_pb_divider][\/et_pb_column][\/et_pb_row][et_pb_row column_structure=&#8221;1_2,1_2&#8243; _builder_version=&#8221;3.25&#8243; background_size=&#8221;initial&#8221; background_position=&#8221;top_left&#8221; background_repeat=&#8221;repeat&#8221;][et_pb_column type=&#8221;1_2&#8243; _builder_version=&#8221;3.25&#8243; custom_padding=&#8221;|||&#8221; custom_padding__hover=&#8221;|||&#8221;][et_pb_divider show_divider=&#8221;off&#8221; disabled_on=&#8221;on|on|off&#8221; _builder_version=&#8221;3.23.4&#8243; height=&#8221;10px&#8221; hide_on_mobile=&#8221;on&#8221;][\/et_pb_divider][et_pb_text admin_label=&#8221;Adresse&#8221; _builder_version=&#8221;3.27.4&#8243; background_size=&#8221;initial&#8221; background_position=&#8221;top_left&#8221; background_repeat=&#8221;repeat&#8221; module_alignment=&#8221;left&#8221; border_color_all=&#8221;off&#8221; use_border_color=&#8221;off&#8221; border_color=&#8221;#ffffff&#8221; border_style=&#8221;solid&#8221;]<\/p>\n<h2>MiGFlug GmbH<\/h2>\n<p>Gr\u00fcngasse 19<br \/>\nCH-8004 Z\u00fcrich<br \/>\nSwitzerland<br \/>\nPhone: +41 (0)44 500 50 10<br \/>\nFax: +16618431871<br \/>\n<a href=\"mailto:info@migflug.com\">info@migflug.com<\/a><br \/>\n[\/et_pb_text][\/et_pb_column][et_pb_column type=&#8221;1_2&#8243; _builder_version=&#8221;3.25&#8243; custom_padding=&#8221;|||&#8221; custom_padding__hover=&#8221;|||&#8221;][et_pb_text admin_label=&#8221;Kontaktformular&#8221; _builder_version=&#8221;4.7.7&#8243; background_size=&#8221;initial&#8221; background_position=&#8221;top_left&#8221; background_repeat=&#8221;repeat&#8221; module_alignment=&#8221;left&#8221; hover_enabled=&#8221;0&#8243; border_color_all=&#8221;off&#8221; use_border_color=&#8221;off&#8221; border_color=&#8221;#ffffff&#8221; border_style=&#8221;solid&#8221; sticky_enabled=&#8221;0&#8243; disabled_on=&#8221;on|on|on&#8221; disabled=&#8221;on&#8221;]<\/p>\n<h2>Formularz kontaktowy<\/h2>\n<p class=\"gform_not_found\">Ups! Nie mogli\u015bmy znale\u017a\u0107 twojego formularza.<\/p>\n<p>[\/et_pb_text][\/et_pb_column][\/et_pb_row][\/et_pb_section]<\/p>\n","protected":false},"excerpt":{"rendered":"<p>Kontakt: Czekamy na Twoj\u0105 wiadomo\u015b\u0107.Je\u015bli chcieliby Pa\u0144stwo dowiedzie\u0107 si\u0119 wi\u0119cej o naszych ofertach, takich jak loty my\u015bliwcem, loty Zero-G lub imprezy grupowe, czekamy na Pa\u0144stwa zapytanie.nr. tel. (US): 1-888-881-1893 (toll free!)nr. tel. (UK): +44 (0)20 3129 3070nr. tel. (CH): +41 (0)44 500 50 10 Skype: pschaerinfo@migflug.com +16618431871 MiGFlug GmbH Gr\u00fcngasse 19 CH-8004 Z\u00fcrich Switzerland Phone: [&hellip;]<\/p>\n","protected":false},"author":1,"featured_media":0,"parent":0,"menu_order":0,"comment_status":"closed","ping_status":"closed","template":"","meta":{"_et_pb_use_builder":"on","_et_pb_old_content":"","_et_gb_content_width":"","editor_notices":[],"footnotes":""},"class_list":["post-80","page","type-page","status-publish","hentry"],"yoast_head":"<!-- This site is optimized with the Yoast SEO plugin v27.3 - https:\/\/yoast.com\/product\/yoast-seo-wordpress\/ -->\n<title>Popro\u015b o informacje na temat wybranego lotu my\u015bliwcem | MiGFlug.com<\/title>\n<meta name=\"description\" content=\"MiGFlug.com.com &amp; Adventure GmbH |\u2709 info@MiGFlug.com | \u2706 CH +41 44 500 50 10 | 8004 Z\u00fcrich - Switzerland - Skontaktuj si\u0119 z nami!\" \/>\n<meta name=\"robots\" content=\"index, follow, max-snippet:-1, max-image-preview:large, max-video-preview:-1\" \/>\n<link rel=\"canonical\" href=\"https:\/\/migflug.com\/pl\/kontakt\/\" \/>\n<meta property=\"og:locale\" content=\"pl_PL\" \/>\n<meta property=\"og:type\" content=\"article\" \/>\n<meta property=\"og:title\" content=\"Popro\u015b o informacje na temat wybranego lotu my\u015bliwcem | MiGFlug.com\" \/>\n<meta property=\"og:description\" content=\"MiGFlug.com.com &amp; Adventure GmbH |\u2709 info@MiGFlug.com | \u2706 CH +41 44 500 50 10 | 8004 Z\u00fcrich - Switzerland - Skontaktuj si\u0119 z nami!\" \/>\n<meta property=\"og:url\" content=\"https:\/\/migflug.com\/pl\/kontakt\/\" \/>\n<meta property=\"og:site_name\" content=\"MiGFlug\" \/>\n<meta property=\"article:modified_time\" content=\"2021-01-14T10:52:09+00:00\" \/>\n<meta name=\"twitter:card\" content=\"summary_large_image\" \/>\n<meta name=\"twitter:label1\" content=\"Szacowany czas czytania\" \/>\n\t<meta name=\"twitter:data1\" content=\"5 minut\" \/>\n<script type=\"application\/ld+json\" class=\"yoast-schema-graph\">{\"@context\":\"https:\\\/\\\/schema.org\",\"@graph\":[{\"@type\":\"WebPage\",\"@id\":\"https:\\\/\\\/migflug.com\\\/pl\\\/kontakt\\\/\",\"url\":\"https:\\\/\\\/migflug.com\\\/pl\\\/kontakt\\\/\",\"name\":\"Popro\u015b o informacje na temat wybranego lotu my\u015bliwcem | MiGFlug.com\",\"isPartOf\":{\"@id\":\"https:\\\/\\\/migflug.com\\\/pl\\\/#website\"},\"datePublished\":\"2017-01-23T10:08:41+00:00\",\"dateModified\":\"2021-01-14T10:52:09+00:00\",\"description\":\"MiGFlug.com.com & Adventure GmbH |\u2709 info@MiGFlug.com | \u2706 CH +41 44 500 50 10 | 8004 Z\u00fcrich - Switzerland - Skontaktuj si\u0119 z nami!\",\"breadcrumb\":{\"@id\":\"https:\\\/\\\/migflug.com\\\/pl\\\/kontakt\\\/#breadcrumb\"},\"inLanguage\":\"pl-PL\",\"potentialAction\":[{\"@type\":\"ReadAction\",\"target\":[\"https:\\\/\\\/migflug.com\\\/pl\\\/kontakt\\\/\"]}]},{\"@type\":\"BreadcrumbList\",\"@id\":\"https:\\\/\\\/migflug.com\\\/pl\\\/kontakt\\\/#breadcrumb\",\"itemListElement\":[{\"@type\":\"ListItem\",\"position\":1,\"name\":\"Startseite\",\"item\":\"https:\\\/\\\/migflug.com\\\/pl\\\/\"},{\"@type\":\"ListItem\",\"position\":2,\"name\":\"Kontakt\"}]},{\"@type\":\"WebSite\",\"@id\":\"https:\\\/\\\/migflug.com\\\/pl\\\/#website\",\"url\":\"https:\\\/\\\/migflug.com\\\/pl\\\/\",\"name\":\"MiGFlug\",\"description\":\"Fly a Jet Fighter Yourself\",\"publisher\":{\"@id\":\"https:\\\/\\\/migflug.com\\\/pl\\\/#organization\"},\"potentialAction\":[{\"@type\":\"SearchAction\",\"target\":{\"@type\":\"EntryPoint\",\"urlTemplate\":\"https:\\\/\\\/migflug.com\\\/pl\\\/?s={search_term_string}\"},\"query-input\":{\"@type\":\"PropertyValueSpecification\",\"valueRequired\":true,\"valueName\":\"search_term_string\"}}],\"inLanguage\":\"pl-PL\"},{\"@type\":\"Organization\",\"@id\":\"https:\\\/\\\/migflug.com\\\/pl\\\/#organization\",\"name\":\"MiGFlug GmbH\",\"url\":\"https:\\\/\\\/migflug.com\\\/pl\\\/\",\"logo\":{\"@type\":\"ImageObject\",\"inLanguage\":\"pl-PL\",\"@id\":\"https:\\\/\\\/migflug.com\\\/pl\\\/#\\\/schema\\\/logo\\\/image\\\/\",\"url\":\"https:\\\/\\\/migflug.com\\\/pl\\\/wp-content\\\/uploads\\\/sites\\\/8\\\/2018\\\/10\\\/logo-migflug-blue.png\",\"contentUrl\":\"https:\\\/\\\/migflug.com\\\/pl\\\/wp-content\\\/uploads\\\/sites\\\/8\\\/2018\\\/10\\\/logo-migflug-blue.png\",\"width\":200,\"height\":100,\"caption\":\"MiGFlug GmbH\"},\"image\":{\"@id\":\"https:\\\/\\\/migflug.com\\\/pl\\\/#\\\/schema\\\/logo\\\/image\\\/\"}}]}<\/script>\n<!-- \/ Yoast SEO plugin. -->","yoast_head_json":{"title":"Popro\u015b o informacje na temat wybranego lotu my\u015bliwcem | MiGFlug.com","description":"MiGFlug.com.com & Adventure GmbH |\u2709 info@MiGFlug.com | \u2706 CH +41 44 500 50 10 | 8004 Z\u00fcrich - Switzerland - Skontaktuj si\u0119 z nami!","robots":{"index":"index","follow":"follow","max-snippet":"max-snippet:-1","max-image-preview":"max-image-preview:large","max-video-preview":"max-video-preview:-1"},"canonical":"https:\/\/migflug.com\/pl\/kontakt\/","og_locale":"pl_PL","og_type":"article","og_title":"Popro\u015b o informacje na temat wybranego lotu my\u015bliwcem | MiGFlug.com","og_description":"MiGFlug.com.com & Adventure GmbH |\u2709 info@MiGFlug.com | \u2706 CH +41 44 500 50 10 | 8004 Z\u00fcrich - Switzerland - Skontaktuj si\u0119 z nami!","og_url":"https:\/\/migflug.com\/pl\/kontakt\/","og_site_name":"MiGFlug","article_modified_time":"2021-01-14T10:52:09+00:00","twitter_card":"summary_large_image","twitter_misc":{"Szacowany czas czytania":"5 minut"},"schema":{"@context":"https:\/\/schema.org","@graph":[{"@type":"WebPage","@id":"https:\/\/migflug.com\/pl\/kontakt\/","url":"https:\/\/migflug.com\/pl\/kontakt\/","name":"Popro\u015b o informacje na temat wybranego lotu my\u015bliwcem | MiGFlug.com","isPartOf":{"@id":"https:\/\/migflug.com\/pl\/#website"},"datePublished":"2017-01-23T10:08:41+00:00","dateModified":"2021-01-14T10:52:09+00:00","description":"MiGFlug.com.com & Adventure GmbH |\u2709 info@MiGFlug.com | \u2706 CH +41 44 500 50 10 | 8004 Z\u00fcrich - Switzerland - Skontaktuj si\u0119 z nami!","breadcrumb":{"@id":"https:\/\/migflug.com\/pl\/kontakt\/#breadcrumb"},"inLanguage":"pl-PL","potentialAction":[{"@type":"ReadAction","target":["https:\/\/migflug.com\/pl\/kontakt\/"]}]},{"@type":"BreadcrumbList","@id":"https:\/\/migflug.com\/pl\/kontakt\/#breadcrumb","itemListElement":[{"@type":"ListItem","position":1,"name":"Startseite","item":"https:\/\/migflug.com\/pl\/"},{"@type":"ListItem","position":2,"name":"Kontakt"}]},{"@type":"WebSite","@id":"https:\/\/migflug.com\/pl\/#website","url":"https:\/\/migflug.com\/pl\/","name":"MiGFlug","description":"Fly a Jet Fighter Yourself","publisher":{"@id":"https:\/\/migflug.com\/pl\/#organization"},"potentialAction":[{"@type":"SearchAction","target":{"@type":"EntryPoint","urlTemplate":"https:\/\/migflug.com\/pl\/?s={search_term_string}"},"query-input":{"@type":"PropertyValueSpecification","valueRequired":true,"valueName":"search_term_string"}}],"inLanguage":"pl-PL"},{"@type":"Organization","@id":"https:\/\/migflug.com\/pl\/#organization","name":"MiGFlug GmbH","url":"https:\/\/migflug.com\/pl\/","logo":{"@type":"ImageObject","inLanguage":"pl-PL","@id":"https:\/\/migflug.com\/pl\/#\/schema\/logo\/image\/","url":"https:\/\/migflug.com\/pl\/wp-content\/uploads\/sites\/8\/2018\/10\/logo-migflug-blue.png","contentUrl":"https:\/\/migflug.com\/pl\/wp-content\/uploads\/sites\/8\/2018\/10\/logo-migflug-blue.png","width":200,"height":100,"caption":"MiGFlug GmbH"},"image":{"@id":"https:\/\/migflug.com\/pl\/#\/schema\/logo\/image\/"}}]}},"_links":{"self":[{"href":"https:\/\/migflug.com\/pl\/wp-json\/wp\/v2\/pages\/80","targetHints":{"allow":["GET"]}}],"collection":[{"href":"https:\/\/migflug.com\/pl\/wp-json\/wp\/v2\/pages"}],"about":[{"href":"https:\/\/migflug.com\/pl\/wp-json\/wp\/v2\/types\/page"}],"author":[{"embeddable":true,"href":"https:\/\/migflug.com\/pl\/wp-json\/wp\/v2\/users\/1"}],"replies":[{"embeddable":true,"href":"https:\/\/migflug.com\/pl\/wp-json\/wp\/v2\/comments?post=80"}],"version-history":[{"count":0,"href":"https:\/\/migflug.com\/pl\/wp-json\/wp\/v2\/pages\/80\/revisions"}],"wp:attachment":[{"href":"https:\/\/migflug.com\/pl\/wp-json\/wp\/v2\/media?parent=80"}],"curies":[{"name":"wp","href":"https:\/\/api.w.org\/{rel}","templated":true}]}}