{"id":86,"date":"2017-01-23T11:11:35","date_gmt":"2017-01-23T10:11:35","guid":{"rendered":"http:\/\/migflug.com\/?page_id=86"},"modified":"2020-01-17T12:11:10","modified_gmt":"2020-01-17T11:11:10","slug":"siec-partnerzy","status":"publish","type":"page","link":"https:\/\/migflug.com\/pl\/siec-partnerzy\/","title":{"rendered":"Sie\u0107 i Partnerzy"},"content":{"rendered":"<p>[et_pb_section fb_built=&#8221;1&#8243; fullwidth=&#8221;on&#8221; admin_label=&#8221;Section&#8221; _builder_version=&#8221;3.22.3&#8243;][et_pb_fullwidth_image src=&#8221;https:\/\/migflug.com\/wp-content\/uploads\/sites\/8\/2017\/01\/l-39-riga-baltic-bees-4.jpg&#8221; alt=&#8221;Hawker Hunter &#8211; Jagdflugzeug und Jagdbomber&#8221; disabled_on=&#8221;on||&#8221; admin_label=&#8221;Header Image Desktop \/ Tablet&#8221; _builder_version=&#8221;3.0.87&#8243; border_color_all=&#8221;off&#8221; animation=&#8221;off&#8221; use_border_color=&#8221;off&#8221; border_color=&#8221;#ffffff&#8221; border_style=&#8221;solid&#8221;][\/et_pb_fullwidth_image][et_pb_fullwidth_image src=&#8221;https:\/\/migflug.com\/wp-content\/uploads\/sites\/8\/2017\/06\/l-39-riga-baltic-bees-mo-4.jpg&#8221; alt=&#8221;Hawker Hunter &#8211; Jagdflugzeug und Jagdbomber&#8221; disabled_on=&#8221;|on|on&#8221; admin_label=&#8221;Header Image Mobile&#8221; _builder_version=&#8221;3.0.87&#8243; border_color_all=&#8221;off&#8221; animation=&#8221;off&#8221; use_border_color=&#8221;off&#8221; border_color=&#8221;#ffffff&#8221; border_style=&#8221;solid&#8221;][\/et_pb_fullwidth_image][\/et_pb_section][et_pb_section fb_built=&#8221;1&#8243; _builder_version=&#8221;3.22.3&#8243; custom_padding=&#8221;30px||20px|&#8221; transparent_background=&#8221;off&#8221;][et_pb_row admin_label=&#8221;row&#8221; _builder_version=&#8221;3.25&#8243; background_size=&#8221;initial&#8221; background_position=&#8221;top_left&#8221; background_repeat=&#8221;repeat&#8221; make_fullwidth=&#8221;off&#8221; use_custom_width=&#8221;off&#8221; width_unit=&#8221;on&#8221;][et_pb_column type=&#8221;4_4&#8243; _builder_version=&#8221;3.25&#8243; custom_padding=&#8221;|||&#8221; custom_padding__hover=&#8221;|||&#8221;][et_pb_text admin_label=&#8221;Page Intro&#8221; _builder_version=&#8221;4.0.5&#8243; background_size=&#8221;initial&#8221; background_position=&#8221;top_left&#8221; background_repeat=&#8221;repeat&#8221; module_alignment=&#8221;left&#8221; hover_enabled=&#8221;0&#8243; border_style=&#8221;solid&#8221;]<\/p>\n<h1>Skorzystaj z naszego do\u015bwiadczenia w zakresie eksploatacji cywilnej samolot\u00f3w wojskowych.<\/h1>\n<p>MiGFlug jest atrakcyjnym partnerem biznesowym dla agencji turystycznych, firm DMC (destination management), agencji motywacyjnych\/ MICE oraz sprzedawc\u00f3w prezent\u00f3w. Je\u015bli s\u0105 Pa\u0144stwo zainteresowani wsp\u00f3\u0142prac\u0105 z MiGFlug i maj\u0105 Pa\u0144stwo ugruntowan\u0105 dzia\u0142alno\u015b\u0107 gospodarcz\u0105, platform\u0119 lub \u015bwietny pomys\u0142, prosimy o kontakt. Czekamy na Wasze zapytania. Poszukujemy r\u00f3wnie\u017c do\u015bwiadczonych partner\u00f3w regionalnych, kt\u00f3rzy dzia\u0142aj\u0105 pod nasz\u0105 mark\u0105. Do tej pory wsp\u00f3\u0142pracujemy z takimi partnerami w Hiszpanii i hiszpa\u0144skoj\u0119zycznej Ameryce \u0141aci\u0144skiej, Polsce i Chinach.<\/p>\n<p>[\/et_pb_text][\/et_pb_column][\/et_pb_row][et_pb_row _builder_version=&#8221;3.25&#8243; background_size=&#8221;initial&#8221; background_position=&#8221;top_left&#8221; background_repeat=&#8221;repeat&#8221;][et_pb_column type=&#8221;4_4&#8243; _builder_version=&#8221;3.25&#8243; custom_padding=&#8221;|||&#8221; custom_padding__hover=&#8221;|||&#8221;][et_pb_text admin_label=&#8221;Gesch\u00e4ftliche, pers\u00f6nliche und strategische Partnerschaften&#8221; _builder_version=&#8221;4.0.5&#8243; background_size=&#8221;initial&#8221; background_position=&#8221;top_left&#8221; background_repeat=&#8221;repeat&#8221; module_alignment=&#8221;left&#8221; hover_enabled=&#8221;0&#8243;]<\/p>\n<h1>MiGFlug jest wysoce wyspecjalizowan\u0105 szwajcarsk\u0105 firm\u0105<\/h1>\n<p>MiGFlug GmbH jest preferowanym partnerem i oficjalnym przedstawicielem publicznym operator\u00f3w samolot\u00f3w odrzutowych &#8211; s\u0105 nimi si\u0142y obronne, stowarzyszenia, muzea lotnictwa lub prywatni posiadacze samolot\u00f3w odrzutowych. MiGFlug, jako wysoce wyspecjalizowane przedsi\u0119biorstwo doradcze dla operator\u00f3w odrzutowc\u00f3w, wspiera ich r\u00f3\u017cnymi us\u0142ugami, takimi jak finansowanie, konsultacje prawne itp. W Stanach Zjednoczonych i w Europie \u015bci\u015ble wsp\u00f3\u0142pracujemy z r\u00f3\u017cnymi operatorami samolot\u00f3w odrzutowych, kt\u00f3rzy przyznali nam wy\u0142\u0105czne prawa marketingowe dla swoich lot\u00f3w.<\/p>\n<p>[\/et_pb_text][\/et_pb_column][\/et_pb_row][\/et_pb_section][et_pb_section fb_built=&#8221;1&#8243; admin_label=&#8221;Section&#8221; _builder_version=&#8221;3.22.3&#8243; background_color=&#8221;#efefef&#8221; custom_padding=&#8221;30px|||&#8221; transparent_background=&#8221;off&#8221; make_fullwidth=&#8221;off&#8221; use_custom_width=&#8221;off&#8221; width_unit=&#8221;on&#8221;][et_pb_row admin_label=&#8221;Row&#8221; _builder_version=&#8221;3.25&#8243; background_size=&#8221;initial&#8221; background_position=&#8221;top_left&#8221; background_repeat=&#8221;repeat&#8221;][et_pb_column type=&#8221;4_4&#8243; _builder_version=&#8221;3.25&#8243; custom_padding=&#8221;|||&#8221; custom_padding__hover=&#8221;|||&#8221;][et_pb_text admin_label=&#8221;Steigen Sie ein!&#8221; _builder_version=&#8221;4.0.5&#8243; background_size=&#8221;initial&#8221; background_position=&#8221;top_left&#8221; background_repeat=&#8221;repeat&#8221; module_alignment=&#8221;left&#8221; hover_enabled=&#8221;0&#8243;]<\/p>\n<h2>Do\u0142\u0105cz do nas!<\/h2>\n<p>Niezale\u017cnie od tego, czy chcesz odsprzedawa\u0107 nasze loty pod w\u0142asn\u0105 mark\u0105, czy te\u017c szukasz wyj\u0105tkowego eventu dla swoich klient\u00f3w lub partner\u00f3w biznesowych: dzi\u0119ki MiGFlug masz silnego partnera po swojej stronie. Nasz profesjonalny zesp\u00f3\u0142 wspiera Ci\u0119 w sprzeda\u017cy i organizuje eventy zgodnie z Twoimi wymaganiami.<\/p>\n<p>Wiele znacz\u0105cych biur podr\u00f3\u017cy i touroperator\u00f3w, takich jak <strong>Kuoni, TUI<\/strong> oraz firmy sprzedaj\u0105ce prezenty z adrenalin\u0105, takie jak <strong>Smartbox, Jochen Schweizer-mydays, Red Letter Days, Buyagift, Cloud 9 Living<\/strong> i <strong>Golden Moments<\/strong> korzystaj\u0105 z naszego know-how oraz wysokiej jako\u015bci i odsprzedaj\u0105 nasze oferty pod w\u0142asnymi markami. Ponadto, du\u017ca liczba mniejszych podmiot\u00f3w dzia\u0142aj\u0105cych na rynku niszowym wsp\u00f3\u0142pracuje z nami ju\u017c od d\u0142u\u017cszego czasu.<\/p>\n<p>W dziedzinie dostosowanych do potrzeb klienta program\u00f3w motywacyjnych i premiowych, wsp\u00f3\u0142pracujemy z wiod\u0105cymi liniami lotniczymi, aby ich programy lojalno\u015bciowe by\u0142y spektakularne. W\u015br\u00f3d nich s\u0105 <strong>Etihad Airways<\/strong>, <strong>SAS Scandinavian Arlines<\/strong> czy <strong>airBaltic<\/strong>. Wszystkie one oferuj\u0105 nasze loty jako wyj\u0105tkow\u0105 nagrod\u0119 dla swoich lojalnych, regularnie podr\u00f3\u017cuj\u0105cych pasa\u017cer\u00f3w.<\/p>\n<p>I Ty mo\u017cesz skorzysta\u0107 z mo\u017cliwo\u015bci, kt\u00f3re oferuje wsp\u00f3\u0142praca z MiGFlug. Je\u015bli masz ugruntowan\u0105 dzia\u0142alno\u015b\u0107 gospodarcz\u0105 lub pr\u0119\u017cnie dzia\u0142aj\u0105c\u0105 platform\u0119, lub jeste\u015b zainteresowany reprezentowaniem nas w swoim kraju\/regionie, <a href=\"https:\/\/migflug.com\/pl\/kontakt\/\">skontaktuj si\u0119 z nami<\/a>.<\/p>\n<p>[\/et_pb_text][\/et_pb_column][\/et_pb_row][\/et_pb_section]<\/p>\n","protected":false},"excerpt":{"rendered":"<p>Skorzystaj z naszego do\u015bwiadczenia w zakresie eksploatacji cywilnej samolot\u00f3w wojskowych. MiGFlug jest atrakcyjnym partnerem biznesowym dla agencji turystycznych, firm DMC (destination management), agencji motywacyjnych\/ MICE oraz sprzedawc\u00f3w prezent\u00f3w. Je\u015bli s\u0105 Pa\u0144stwo zainteresowani wsp\u00f3\u0142prac\u0105 z MiGFlug i maj\u0105 Pa\u0144stwo ugruntowan\u0105 dzia\u0142alno\u015b\u0107 gospodarcz\u0105, platform\u0119 lub \u015bwietny pomys\u0142, prosimy o kontakt. Czekamy na Wasze zapytania. Poszukujemy r\u00f3wnie\u017c do\u015bwiadczonych [&hellip;]<\/p>\n","protected":false},"author":1,"featured_media":0,"parent":0,"menu_order":0,"comment_status":"closed","ping_status":"closed","template":"","meta":{"_et_pb_use_builder":"on","_et_pb_old_content":"","_et_gb_content_width":"","editor_notices":[],"footnotes":""},"class_list":["post-86","page","type-page","status-publish","hentry"],"yoast_head":"<!-- This site is optimized with the Yoast SEO plugin v27.3 - https:\/\/yoast.com\/product\/yoast-seo-wordpress\/ -->\n<title>Poznaj sie\u0107 i partner\u00f3w szwajcarskiej firmy MiGFlug.com<\/title>\n<meta name=\"description\" content=\"Zosta\u0144 partnerem MiGFlug, oficjalnego przedstawiciela operator\u00f3w odrzutowc\u00f3w i wykorzystaj nasze do\u015bwiadczenie w cywilnej eksploatacji samolot\u00f3w wojskowych.\" \/>\n<meta name=\"robots\" content=\"index, follow, max-snippet:-1, max-image-preview:large, max-video-preview:-1\" \/>\n<link rel=\"canonical\" href=\"https:\/\/migflug.com\/pl\/siec-partnerzy\/\" \/>\n<meta property=\"og:locale\" content=\"pl_PL\" \/>\n<meta property=\"og:type\" content=\"article\" \/>\n<meta property=\"og:title\" content=\"Poznaj sie\u0107 i partner\u00f3w szwajcarskiej firmy MiGFlug.com\" \/>\n<meta property=\"og:description\" content=\"Zosta\u0144 partnerem MiGFlug, oficjalnego przedstawiciela operator\u00f3w odrzutowc\u00f3w i wykorzystaj nasze do\u015bwiadczenie w cywilnej eksploatacji samolot\u00f3w wojskowych.\" \/>\n<meta property=\"og:url\" content=\"https:\/\/migflug.com\/pl\/siec-partnerzy\/\" \/>\n<meta property=\"og:site_name\" content=\"MiGFlug\" \/>\n<meta property=\"article:modified_time\" content=\"2020-01-17T11:11:10+00:00\" \/>\n<meta name=\"twitter:card\" content=\"summary_large_image\" \/>\n<meta name=\"twitter:label1\" content=\"Szacowany czas czytania\" \/>\n\t<meta name=\"twitter:data1\" content=\"4 minuty\" \/>\n<script type=\"application\/ld+json\" class=\"yoast-schema-graph\">{\"@context\":\"https:\\\/\\\/schema.org\",\"@graph\":[{\"@type\":\"WebPage\",\"@id\":\"https:\\\/\\\/migflug.com\\\/pl\\\/siec-partnerzy\\\/\",\"url\":\"https:\\\/\\\/migflug.com\\\/pl\\\/siec-partnerzy\\\/\",\"name\":\"Poznaj sie\u0107 i partner\u00f3w szwajcarskiej firmy MiGFlug.com\",\"isPartOf\":{\"@id\":\"https:\\\/\\\/migflug.com\\\/pl\\\/#website\"},\"datePublished\":\"2017-01-23T10:11:35+00:00\",\"dateModified\":\"2020-01-17T11:11:10+00:00\",\"description\":\"Zosta\u0144 partnerem MiGFlug, oficjalnego przedstawiciela operator\u00f3w odrzutowc\u00f3w i wykorzystaj nasze do\u015bwiadczenie w cywilnej eksploatacji samolot\u00f3w wojskowych.\",\"breadcrumb\":{\"@id\":\"https:\\\/\\\/migflug.com\\\/pl\\\/siec-partnerzy\\\/#breadcrumb\"},\"inLanguage\":\"pl-PL\",\"potentialAction\":[{\"@type\":\"ReadAction\",\"target\":[\"https:\\\/\\\/migflug.com\\\/pl\\\/siec-partnerzy\\\/\"]}]},{\"@type\":\"BreadcrumbList\",\"@id\":\"https:\\\/\\\/migflug.com\\\/pl\\\/siec-partnerzy\\\/#breadcrumb\",\"itemListElement\":[{\"@type\":\"ListItem\",\"position\":1,\"name\":\"Startseite\",\"item\":\"https:\\\/\\\/migflug.com\\\/pl\\\/\"},{\"@type\":\"ListItem\",\"position\":2,\"name\":\"Sie\u0107 i Partnerzy\"}]},{\"@type\":\"WebSite\",\"@id\":\"https:\\\/\\\/migflug.com\\\/pl\\\/#website\",\"url\":\"https:\\\/\\\/migflug.com\\\/pl\\\/\",\"name\":\"MiGFlug\",\"description\":\"Fly a Jet Fighter Yourself\",\"publisher\":{\"@id\":\"https:\\\/\\\/migflug.com\\\/pl\\\/#organization\"},\"potentialAction\":[{\"@type\":\"SearchAction\",\"target\":{\"@type\":\"EntryPoint\",\"urlTemplate\":\"https:\\\/\\\/migflug.com\\\/pl\\\/?s={search_term_string}\"},\"query-input\":{\"@type\":\"PropertyValueSpecification\",\"valueRequired\":true,\"valueName\":\"search_term_string\"}}],\"inLanguage\":\"pl-PL\"},{\"@type\":\"Organization\",\"@id\":\"https:\\\/\\\/migflug.com\\\/pl\\\/#organization\",\"name\":\"MiGFlug GmbH\",\"url\":\"https:\\\/\\\/migflug.com\\\/pl\\\/\",\"logo\":{\"@type\":\"ImageObject\",\"inLanguage\":\"pl-PL\",\"@id\":\"https:\\\/\\\/migflug.com\\\/pl\\\/#\\\/schema\\\/logo\\\/image\\\/\",\"url\":\"https:\\\/\\\/migflug.com\\\/pl\\\/wp-content\\\/uploads\\\/sites\\\/8\\\/2018\\\/10\\\/logo-migflug-blue.png\",\"contentUrl\":\"https:\\\/\\\/migflug.com\\\/pl\\\/wp-content\\\/uploads\\\/sites\\\/8\\\/2018\\\/10\\\/logo-migflug-blue.png\",\"width\":200,\"height\":100,\"caption\":\"MiGFlug GmbH\"},\"image\":{\"@id\":\"https:\\\/\\\/migflug.com\\\/pl\\\/#\\\/schema\\\/logo\\\/image\\\/\"}}]}<\/script>\n<!-- \/ Yoast SEO plugin. -->","yoast_head_json":{"title":"Poznaj sie\u0107 i partner\u00f3w szwajcarskiej firmy MiGFlug.com","description":"Zosta\u0144 partnerem MiGFlug, oficjalnego przedstawiciela operator\u00f3w odrzutowc\u00f3w i wykorzystaj nasze do\u015bwiadczenie w cywilnej eksploatacji samolot\u00f3w wojskowych.","robots":{"index":"index","follow":"follow","max-snippet":"max-snippet:-1","max-image-preview":"max-image-preview:large","max-video-preview":"max-video-preview:-1"},"canonical":"https:\/\/migflug.com\/pl\/siec-partnerzy\/","og_locale":"pl_PL","og_type":"article","og_title":"Poznaj sie\u0107 i partner\u00f3w szwajcarskiej firmy MiGFlug.com","og_description":"Zosta\u0144 partnerem MiGFlug, oficjalnego przedstawiciela operator\u00f3w odrzutowc\u00f3w i wykorzystaj nasze do\u015bwiadczenie w cywilnej eksploatacji samolot\u00f3w wojskowych.","og_url":"https:\/\/migflug.com\/pl\/siec-partnerzy\/","og_site_name":"MiGFlug","article_modified_time":"2020-01-17T11:11:10+00:00","twitter_card":"summary_large_image","twitter_misc":{"Szacowany czas czytania":"4 minuty"},"schema":{"@context":"https:\/\/schema.org","@graph":[{"@type":"WebPage","@id":"https:\/\/migflug.com\/pl\/siec-partnerzy\/","url":"https:\/\/migflug.com\/pl\/siec-partnerzy\/","name":"Poznaj sie\u0107 i partner\u00f3w szwajcarskiej firmy MiGFlug.com","isPartOf":{"@id":"https:\/\/migflug.com\/pl\/#website"},"datePublished":"2017-01-23T10:11:35+00:00","dateModified":"2020-01-17T11:11:10+00:00","description":"Zosta\u0144 partnerem MiGFlug, oficjalnego przedstawiciela operator\u00f3w odrzutowc\u00f3w i wykorzystaj nasze do\u015bwiadczenie w cywilnej eksploatacji samolot\u00f3w wojskowych.","breadcrumb":{"@id":"https:\/\/migflug.com\/pl\/siec-partnerzy\/#breadcrumb"},"inLanguage":"pl-PL","potentialAction":[{"@type":"ReadAction","target":["https:\/\/migflug.com\/pl\/siec-partnerzy\/"]}]},{"@type":"BreadcrumbList","@id":"https:\/\/migflug.com\/pl\/siec-partnerzy\/#breadcrumb","itemListElement":[{"@type":"ListItem","position":1,"name":"Startseite","item":"https:\/\/migflug.com\/pl\/"},{"@type":"ListItem","position":2,"name":"Sie\u0107 i Partnerzy"}]},{"@type":"WebSite","@id":"https:\/\/migflug.com\/pl\/#website","url":"https:\/\/migflug.com\/pl\/","name":"MiGFlug","description":"Fly a Jet Fighter Yourself","publisher":{"@id":"https:\/\/migflug.com\/pl\/#organization"},"potentialAction":[{"@type":"SearchAction","target":{"@type":"EntryPoint","urlTemplate":"https:\/\/migflug.com\/pl\/?s={search_term_string}"},"query-input":{"@type":"PropertyValueSpecification","valueRequired":true,"valueName":"search_term_string"}}],"inLanguage":"pl-PL"},{"@type":"Organization","@id":"https:\/\/migflug.com\/pl\/#organization","name":"MiGFlug GmbH","url":"https:\/\/migflug.com\/pl\/","logo":{"@type":"ImageObject","inLanguage":"pl-PL","@id":"https:\/\/migflug.com\/pl\/#\/schema\/logo\/image\/","url":"https:\/\/migflug.com\/pl\/wp-content\/uploads\/sites\/8\/2018\/10\/logo-migflug-blue.png","contentUrl":"https:\/\/migflug.com\/pl\/wp-content\/uploads\/sites\/8\/2018\/10\/logo-migflug-blue.png","width":200,"height":100,"caption":"MiGFlug GmbH"},"image":{"@id":"https:\/\/migflug.com\/pl\/#\/schema\/logo\/image\/"}}]}},"_links":{"self":[{"href":"https:\/\/migflug.com\/pl\/wp-json\/wp\/v2\/pages\/86","targetHints":{"allow":["GET"]}}],"collection":[{"href":"https:\/\/migflug.com\/pl\/wp-json\/wp\/v2\/pages"}],"about":[{"href":"https:\/\/migflug.com\/pl\/wp-json\/wp\/v2\/types\/page"}],"author":[{"embeddable":true,"href":"https:\/\/migflug.com\/pl\/wp-json\/wp\/v2\/users\/1"}],"replies":[{"embeddable":true,"href":"https:\/\/migflug.com\/pl\/wp-json\/wp\/v2\/comments?post=86"}],"version-history":[{"count":0,"href":"https:\/\/migflug.com\/pl\/wp-json\/wp\/v2\/pages\/86\/revisions"}],"wp:attachment":[{"href":"https:\/\/migflug.com\/pl\/wp-json\/wp\/v2\/media?parent=86"}],"curies":[{"name":"wp","href":"https:\/\/api.w.org\/{rel}","templated":true}]}}