{"id":947,"date":"2017-10-26T13:16:23","date_gmt":"2017-10-26T11:16:23","guid":{"rendered":"http:\/\/migflug.com\/?page_id=947"},"modified":"2019-08-08T13:20:00","modified_gmt":"2019-08-08T11:20:00","slug":"formularz-rezerwacji-euro","status":"publish","type":"page","link":"https:\/\/migflug.com\/pl\/zarezerwuj-swoj-lot-mysliwcem\/formularz-rezerwacji-euro\/","title":{"rendered":"Formularz rezerwacji Euro"},"content":{"rendered":"<p>[et_pb_section fb_built=&#8221;1&#8243; _builder_version=&#8221;3.22.3&#8243;][et_pb_row _builder_version=&#8221;3.25&#8243; background_size=&#8221;initial&#8221; background_position=&#8221;top_left&#8221; background_repeat=&#8221;repeat&#8221;][et_pb_column type=&#8221;4_4&#8243; _builder_version=&#8221;3.25&#8243; custom_padding=&#8221;|||&#8221; custom_padding__hover=&#8221;|||&#8221;][et_pb_text _builder_version=&#8221;3.25.4&#8243;]<\/p>\n<h1>Zarezerwuj lot<\/h1>\n<p>[\/et_pb_text][et_pb_text admin_label=&#8221;Buchungsformular ID-14&#8243; _builder_version=&#8221;3.25.4&#8243; border_style=&#8221;solid&#8221;]<\/p>\n<p class=\"gform_not_found\">Ups! Nie mogli\u015bmy znale\u017a\u0107 twojego formularza.<\/p>\n<p>[\/et_pb_text][\/et_pb_column][\/et_pb_row][\/et_pb_section]<\/p>\n","protected":false},"excerpt":{"rendered":"<p>Zarezerwuj lot <p class=\"gform_not_found\">Ups! Nie mogli\u015bmy znale\u017a\u0107 twojego formularza.<\/p><\/p>\n","protected":false},"author":1,"featured_media":0,"parent":71,"menu_order":0,"comment_status":"closed","ping_status":"closed","template":"","meta":{"_et_pb_use_builder":"on","_et_pb_old_content":"[et_pb_section bb_built=\"1\"][et_pb_row][et_pb_column type=\"4_4\"][et_pb_text admin_label=\"Buchungsformular ID-14\" _builder_version=\"3.0.76\" background_layout=\"light\" border_style=\"solid\"]\r\n\r\n[gravityform id=\"14\" title=\"false\" description=\"false\"]\r\n\r\n[\/et_pb_text][\/et_pb_column][\/et_pb_row][\/et_pb_section]","_et_gb_content_width":"","editor_notices":[],"footnotes":""},"class_list":["post-947","page","type-page","status-publish","hentry"],"yoast_head":"<!-- This site is optimized with the Yoast SEO plugin v27.4 - https:\/\/yoast.com\/product\/yoast-seo-wordpress\/ -->\n<title>Formularz rezerwacji Euro | MiGFlug<\/title>\n<meta name=\"robots\" content=\"index, follow, max-snippet:-1, max-image-preview:large, max-video-preview:-1\" \/>\n<link rel=\"canonical\" href=\"https:\/\/migflug.com\/pl\/zarezerwuj-swoj-lot-mysliwcem\/formularz-rezerwacji-euro\/\" \/>\n<meta property=\"og:locale\" content=\"pl_PL\" \/>\n<meta property=\"og:type\" content=\"article\" \/>\n<meta property=\"og:title\" content=\"Formularz rezerwacji Euro | MiGFlug\" \/>\n<meta property=\"og:description\" content=\"Zarezerwuj lot\" \/>\n<meta property=\"og:url\" content=\"https:\/\/migflug.com\/pl\/zarezerwuj-swoj-lot-mysliwcem\/formularz-rezerwacji-euro\/\" \/>\n<meta property=\"og:site_name\" content=\"MiGFlug\" \/>\n<meta property=\"article:modified_time\" content=\"2019-08-08T11:20:00+00:00\" \/>\n<meta name=\"twitter:card\" content=\"summary_large_image\" \/>\n<script type=\"application\/ld+json\" class=\"yoast-schema-graph\">{\"@context\":\"https:\\\/\\\/schema.org\",\"@graph\":[{\"@type\":\"WebPage\",\"@id\":\"https:\\\/\\\/migflug.com\\\/pl\\\/zarezerwuj-swoj-lot-mysliwcem\\\/formularz-rezerwacji-euro\\\/\",\"url\":\"https:\\\/\\\/migflug.com\\\/pl\\\/zarezerwuj-swoj-lot-mysliwcem\\\/formularz-rezerwacji-euro\\\/\",\"name\":\"Formularz rezerwacji Euro | MiGFlug\",\"isPartOf\":{\"@id\":\"https:\\\/\\\/migflug.com\\\/pl\\\/#website\"},\"datePublished\":\"2017-10-26T11:16:23+00:00\",\"dateModified\":\"2019-08-08T11:20:00+00:00\",\"breadcrumb\":{\"@id\":\"https:\\\/\\\/migflug.com\\\/pl\\\/zarezerwuj-swoj-lot-mysliwcem\\\/formularz-rezerwacji-euro\\\/#breadcrumb\"},\"inLanguage\":\"pl-PL\",\"potentialAction\":[{\"@type\":\"ReadAction\",\"target\":[\"https:\\\/\\\/migflug.com\\\/pl\\\/zarezerwuj-swoj-lot-mysliwcem\\\/formularz-rezerwacji-euro\\\/\"]}]},{\"@type\":\"BreadcrumbList\",\"@id\":\"https:\\\/\\\/migflug.com\\\/pl\\\/zarezerwuj-swoj-lot-mysliwcem\\\/formularz-rezerwacji-euro\\\/#breadcrumb\",\"itemListElement\":[{\"@type\":\"ListItem\",\"position\":1,\"name\":\"Startseite\",\"item\":\"https:\\\/\\\/migflug.com\\\/pl\\\/\"},{\"@type\":\"ListItem\",\"position\":2,\"name\":\"Zarezerwuj sw\u00f3j lot my\u015bliwcem\",\"item\":\"https:\\\/\\\/migflug.com\\\/pl\\\/zarezerwuj-swoj-lot-mysliwcem\\\/\"},{\"@type\":\"ListItem\",\"position\":3,\"name\":\"Formularz rezerwacji Euro\"}]},{\"@type\":\"WebSite\",\"@id\":\"https:\\\/\\\/migflug.com\\\/pl\\\/#website\",\"url\":\"https:\\\/\\\/migflug.com\\\/pl\\\/\",\"name\":\"MiGFlug\",\"description\":\"Fly a Jet Fighter Yourself\",\"publisher\":{\"@id\":\"https:\\\/\\\/migflug.com\\\/pl\\\/#organization\"},\"potentialAction\":[{\"@type\":\"SearchAction\",\"target\":{\"@type\":\"EntryPoint\",\"urlTemplate\":\"https:\\\/\\\/migflug.com\\\/pl\\\/?s={search_term_string}\"},\"query-input\":{\"@type\":\"PropertyValueSpecification\",\"valueRequired\":true,\"valueName\":\"search_term_string\"}}],\"inLanguage\":\"pl-PL\"},{\"@type\":\"Organization\",\"@id\":\"https:\\\/\\\/migflug.com\\\/pl\\\/#organization\",\"name\":\"MiGFlug GmbH\",\"url\":\"https:\\\/\\\/migflug.com\\\/pl\\\/\",\"logo\":{\"@type\":\"ImageObject\",\"inLanguage\":\"pl-PL\",\"@id\":\"https:\\\/\\\/migflug.com\\\/pl\\\/#\\\/schema\\\/logo\\\/image\\\/\",\"url\":\"https:\\\/\\\/migflug.com\\\/pl\\\/wp-content\\\/uploads\\\/sites\\\/8\\\/2018\\\/10\\\/logo-migflug-blue.png\",\"contentUrl\":\"https:\\\/\\\/migflug.com\\\/pl\\\/wp-content\\\/uploads\\\/sites\\\/8\\\/2018\\\/10\\\/logo-migflug-blue.png\",\"width\":200,\"height\":100,\"caption\":\"MiGFlug GmbH\"},\"image\":{\"@id\":\"https:\\\/\\\/migflug.com\\\/pl\\\/#\\\/schema\\\/logo\\\/image\\\/\"}}]}<\/script>\n<!-- \/ Yoast SEO plugin. -->","yoast_head_json":{"title":"Formularz rezerwacji Euro | MiGFlug","robots":{"index":"index","follow":"follow","max-snippet":"max-snippet:-1","max-image-preview":"max-image-preview:large","max-video-preview":"max-video-preview:-1"},"canonical":"https:\/\/migflug.com\/pl\/zarezerwuj-swoj-lot-mysliwcem\/formularz-rezerwacji-euro\/","og_locale":"pl_PL","og_type":"article","og_title":"Formularz rezerwacji Euro | MiGFlug","og_description":"Zarezerwuj lot","og_url":"https:\/\/migflug.com\/pl\/zarezerwuj-swoj-lot-mysliwcem\/formularz-rezerwacji-euro\/","og_site_name":"MiGFlug","article_modified_time":"2019-08-08T11:20:00+00:00","twitter_card":"summary_large_image","schema":{"@context":"https:\/\/schema.org","@graph":[{"@type":"WebPage","@id":"https:\/\/migflug.com\/pl\/zarezerwuj-swoj-lot-mysliwcem\/formularz-rezerwacji-euro\/","url":"https:\/\/migflug.com\/pl\/zarezerwuj-swoj-lot-mysliwcem\/formularz-rezerwacji-euro\/","name":"Formularz rezerwacji Euro | MiGFlug","isPartOf":{"@id":"https:\/\/migflug.com\/pl\/#website"},"datePublished":"2017-10-26T11:16:23+00:00","dateModified":"2019-08-08T11:20:00+00:00","breadcrumb":{"@id":"https:\/\/migflug.com\/pl\/zarezerwuj-swoj-lot-mysliwcem\/formularz-rezerwacji-euro\/#breadcrumb"},"inLanguage":"pl-PL","potentialAction":[{"@type":"ReadAction","target":["https:\/\/migflug.com\/pl\/zarezerwuj-swoj-lot-mysliwcem\/formularz-rezerwacji-euro\/"]}]},{"@type":"BreadcrumbList","@id":"https:\/\/migflug.com\/pl\/zarezerwuj-swoj-lot-mysliwcem\/formularz-rezerwacji-euro\/#breadcrumb","itemListElement":[{"@type":"ListItem","position":1,"name":"Startseite","item":"https:\/\/migflug.com\/pl\/"},{"@type":"ListItem","position":2,"name":"Zarezerwuj sw\u00f3j lot my\u015bliwcem","item":"https:\/\/migflug.com\/pl\/zarezerwuj-swoj-lot-mysliwcem\/"},{"@type":"ListItem","position":3,"name":"Formularz rezerwacji Euro"}]},{"@type":"WebSite","@id":"https:\/\/migflug.com\/pl\/#website","url":"https:\/\/migflug.com\/pl\/","name":"MiGFlug","description":"Fly a Jet Fighter Yourself","publisher":{"@id":"https:\/\/migflug.com\/pl\/#organization"},"potentialAction":[{"@type":"SearchAction","target":{"@type":"EntryPoint","urlTemplate":"https:\/\/migflug.com\/pl\/?s={search_term_string}"},"query-input":{"@type":"PropertyValueSpecification","valueRequired":true,"valueName":"search_term_string"}}],"inLanguage":"pl-PL"},{"@type":"Organization","@id":"https:\/\/migflug.com\/pl\/#organization","name":"MiGFlug GmbH","url":"https:\/\/migflug.com\/pl\/","logo":{"@type":"ImageObject","inLanguage":"pl-PL","@id":"https:\/\/migflug.com\/pl\/#\/schema\/logo\/image\/","url":"https:\/\/migflug.com\/pl\/wp-content\/uploads\/sites\/8\/2018\/10\/logo-migflug-blue.png","contentUrl":"https:\/\/migflug.com\/pl\/wp-content\/uploads\/sites\/8\/2018\/10\/logo-migflug-blue.png","width":200,"height":100,"caption":"MiGFlug GmbH"},"image":{"@id":"https:\/\/migflug.com\/pl\/#\/schema\/logo\/image\/"}}]}},"_links":{"self":[{"href":"https:\/\/migflug.com\/pl\/wp-json\/wp\/v2\/pages\/947","targetHints":{"allow":["GET"]}}],"collection":[{"href":"https:\/\/migflug.com\/pl\/wp-json\/wp\/v2\/pages"}],"about":[{"href":"https:\/\/migflug.com\/pl\/wp-json\/wp\/v2\/types\/page"}],"author":[{"embeddable":true,"href":"https:\/\/migflug.com\/pl\/wp-json\/wp\/v2\/users\/1"}],"replies":[{"embeddable":true,"href":"https:\/\/migflug.com\/pl\/wp-json\/wp\/v2\/comments?post=947"}],"version-history":[{"count":0,"href":"https:\/\/migflug.com\/pl\/wp-json\/wp\/v2\/pages\/947\/revisions"}],"up":[{"embeddable":true,"href":"https:\/\/migflug.com\/pl\/wp-json\/wp\/v2\/pages\/71"}],"wp:attachment":[{"href":"https:\/\/migflug.com\/pl\/wp-json\/wp\/v2\/media?parent=947"}],"curies":[{"name":"wp","href":"https:\/\/api.w.org\/{rel}","templated":true}]}}